{"id":52009,"date":"2023-10-25T14:18:05","date_gmt":"2023-10-25T07:18:05","guid":{"rendered":"https:\/\/mouldking.store\/shop\/mould-king-10063-money-tree-flower-world-with-815-pieces\/"},"modified":"2023-10-25T14:18:05","modified_gmt":"2023-10-25T07:18:05","slug":"mould-king-10063-money-tree-flower-world-with-815-pieces","status":"publish","type":"product","link":"https:\/\/mouldking.store\/hu\/shop\/mould-king-10063-money-tree-flower-world-with-815-pieces\/","title":{"rendered":"MOULD KING 10063 Money Tree Flower World with 815 Pieces"},"content":{"rendered":"<div>\u2705Mould King 10063 Money Tree Flower World<br \/>&nbsp;<br \/>\u2705The term &#8220;money tree&#8221; can also be used figuratively to describe an imaginary or symbolic tree from which money or wealth appears to grow effortlessly. It&#8217;s often used in the context of personal finance to refer to a situation or strategy that generates income or financial success without significant effort or risk. For example, someone might refer to a successful investment as their &#8220;money tree.&#8221;<br \/>&nbsp;<br \/>\ud83d\udeab FONTOS!&nbsp;<br \/>&nbsp;<br \/>Product Name: Money Tree Flower World<br \/>&nbsp;<br \/>Kateg\u00f3ria: Alkot\u00f3&nbsp;<br \/>&nbsp;<br \/>This Kit Contains: Mould King 10063&nbsp;<br \/>&nbsp;<br \/>815 pcs Good Quality Bricks&nbsp;<br \/>&nbsp;<br \/>Size: 18.9 \u00d7 37 cm<br \/>&nbsp;<br \/>K\u00e9zi utas\u00edt\u00e1sok&nbsp;<br \/>&nbsp;<br \/>\ud83d\udcccA f\u0151szerepl\u0151 term\u00e9szete&nbsp;<br \/>&nbsp;<br \/>Introducing our proud collection named \u201cMoney Tree Flower World\u201d you should not miss.&nbsp;<br \/>&nbsp;<br \/>In the realm of plants, a &#8220;money tree&#8221; is a common name for a specific type of houseplant, known scientifically as Pachira aquatica. It is often used as a decorative indoor plant and is believed by some cultures to bring good luck, prosperity, and financial success. The money tree is characterized by its braided trunks and green, palmate leaves. It&#8217;s relatively easy to care for and is a popular choice for home and office decor. The belief that it brings financial fortune is largely symbolic and based on its association with wealth and prosperity in some Asian cultures.<\/div>","protected":false},"excerpt":{"rendered":"<p>M\u00e1rka: MOLD KING<br \/>\nNem: Uniszex<br \/>\nKorhat\u00e1r: 14 \u00e9v felett<br \/>\nModel Number: 10063<br \/>\nBesorol\u00e1s: \u00d6sszeszerel\u00e9s<br \/>\nM\u0171anyag blokk forma: \u00f6nz\u00e1r\u00f3 t\u00e9gla<br \/>\nAnyaga: M\u0171anyag<br \/>\nM\u0171anyag t\u00edpus: ABS<br \/>\nBricks Blocks: 815 +<br \/>\nEredeti doboza nincs<\/p>","protected":false},"featured_media":51998,"comment_status":"open","ping_status":"closed","template":"","meta":{"_acf_changed":false},"product_cat":[1365,371],"product_tag":[11072,8452,11106,12792,5983],"class_list":["product","first","instock","shipping-taxable","purchasable","product-type-simple"],"acf":[],"_links":{"self":[{"href":"https:\/\/mouldking.store\/hu\/wp-json\/wp\/v2\/product\/52009","targetHints":{"allow":["GET"]}}],"collection":[{"href":"https:\/\/mouldking.store\/hu\/wp-json\/wp\/v2\/product"}],"about":[{"href":"https:\/\/mouldking.store\/hu\/wp-json\/wp\/v2\/types\/product"}],"replies":[{"embeddable":true,"href":"https:\/\/mouldking.store\/hu\/wp-json\/wp\/v2\/comments?post=52009"}],"wp:featuredmedia":[{"embeddable":true,"href":"https:\/\/mouldking.store\/hu\/wp-json\/wp\/v2\/media\/51998"}],"wp:attachment":[{"href":"https:\/\/mouldking.store\/hu\/wp-json\/wp\/v2\/media?parent=52009"}],"wp:term":[{"taxonomy":"product_cat","embeddable":true,"href":"https:\/\/mouldking.store\/hu\/wp-json\/wp\/v2\/product_cat?post=52009"},{"taxonomy":"product_tag","embeddable":true,"href":"https:\/\/mouldking.store\/hu\/wp-json\/wp\/v2\/product_tag?post=52009"}],"curies":[{"name":"wp","href":"https:\/\/api.w.org\/{rel}","templated":true}]}}