{"id":52026,"date":"2023-10-25T14:19:02","date_gmt":"2023-10-25T07:19:02","guid":{"rendered":"https:\/\/mouldking.store\/shop\/mould-king-16052-urban-railcar-with-motor-with-1488-pieces\/"},"modified":"2023-10-25T14:19:02","modified_gmt":"2023-10-25T07:19:02","slug":"mould-king-16052-urban-railcar-with-motor-with-1488-pieces","status":"publish","type":"product","link":"https:\/\/mouldking.store\/hu\/shop\/mould-king-16052-urban-railcar-with-motor-with-1488-pieces\/","title":{"rendered":"MOULD KING 16052 Urban Railcar With Motor with 1488 Pieces"},"content":{"rendered":"<div>\u2705Mould King 16052 Urban Railcar With Motor<br \/>&nbsp;<br \/>\u2705An urban railcar, often referred to as a light rail vehicle or tram, is a type of passenger train designed for use in urban and suburban areas. These railcars are typically smaller and more nimble than traditional heavy rail trains, and they are specifically designed to provide efficient and convenient public transportation within cities.&nbsp;<br \/>&nbsp;<br \/>\ud83d\udeab FONTOS!&nbsp;<br \/>&nbsp;<br \/>Product Name: Urban Railcar With Motor<br \/>&nbsp;<br \/>Kateg\u00f3ria: M\u0171szaki<br \/>&nbsp;<br \/>This Kit Contains: Mould King 16052<br \/>&nbsp;<br \/>1488 pcs Good Quality Bricks&nbsp;<br \/>&nbsp;<br \/>Size:&nbsp; 87.6 \u00d7 72.1 \u00d7 36.9 cm<br \/>&nbsp;<br \/>K\u00e9zi utas\u00edt\u00e1sok&nbsp;<br \/>&nbsp;<br \/>\ud83d\udcccA f\u0151szerepl\u0151 term\u00e9szete&nbsp;<br \/>&nbsp;<br \/>Introducing our proud collection named \u201cUrban Railcar With Motor\u201d you should not miss.&nbsp;<br \/>&nbsp;<br \/>Urban railcars are a central component of light rail transit systems. These systems are designed to offer a balance between the capacity of heavy rail systems (like subways) and the flexibility of buses. Most urban railcars are powered by electricity, either through overhead wires (catenary system) or a third rail. This makes them more environmentally friendly and quieter compared to diesel-powered trains or buses. Urban railcars often run in sets, with multiple cars coupled together to increase passenger capacity. The number of cars in a set can vary depending on the system and expected ridership.<\/div>","protected":false},"excerpt":{"rendered":"<p>M\u00e1rka: MOLD KING<br \/>\nNem: Uniszex<br \/>\nKorhat\u00e1r: 14 \u00e9v felett<br \/>\nModel Number: 16052<br \/>\nBesorol\u00e1s: \u00d6sszeszerel\u00e9s<br \/>\nM\u0171anyag blokk forma: \u00f6nz\u00e1r\u00f3 t\u00e9gla<br \/>\nAnyaga: M\u0171anyag<br \/>\nM\u0171anyag t\u00edpus: ABS<br \/>\nBricks Blocks: 1488 +<br \/>\nEredeti doboza nincs<\/p>","protected":false},"featured_media":52018,"comment_status":"open","ping_status":"closed","template":"","meta":{"_acf_changed":false},"product_cat":[1357,364],"product_tag":[12794,389,11080,8697],"class_list":["product","first","instock","shipping-taxable","purchasable","product-type-simple"],"acf":[],"_links":{"self":[{"href":"https:\/\/mouldking.store\/hu\/wp-json\/wp\/v2\/product\/52026","targetHints":{"allow":["GET"]}}],"collection":[{"href":"https:\/\/mouldking.store\/hu\/wp-json\/wp\/v2\/product"}],"about":[{"href":"https:\/\/mouldking.store\/hu\/wp-json\/wp\/v2\/types\/product"}],"replies":[{"embeddable":true,"href":"https:\/\/mouldking.store\/hu\/wp-json\/wp\/v2\/comments?post=52026"}],"wp:featuredmedia":[{"embeddable":true,"href":"https:\/\/mouldking.store\/hu\/wp-json\/wp\/v2\/media\/52018"}],"wp:attachment":[{"href":"https:\/\/mouldking.store\/hu\/wp-json\/wp\/v2\/media?parent=52026"}],"wp:term":[{"taxonomy":"product_cat","embeddable":true,"href":"https:\/\/mouldking.store\/hu\/wp-json\/wp\/v2\/product_cat?post=52026"},{"taxonomy":"product_tag","embeddable":true,"href":"https:\/\/mouldking.store\/hu\/wp-json\/wp\/v2\/product_tag?post=52026"}],"curies":[{"name":"wp","href":"https:\/\/api.w.org\/{rel}","templated":true}]}}