{"id":52148,"date":"2023-10-25T18:52:37","date_gmt":"2023-10-25T11:52:37","guid":{"rendered":"https:\/\/mouldking.store\/shop\/reobrix-99006-ucs-t6-shuttle-spacecraft-with-5749-pieces-2\/"},"modified":"2023-10-25T18:52:37","modified_gmt":"2023-10-25T11:52:37","slug":"reobrix-99006-ucs-t6-shuttle-spacecraft-with-5749-pieces-2","status":"publish","type":"product","link":"https:\/\/mouldking.store\/hu\/shop\/reobrix-99006-ucs-t6-shuttle-spacecraft-with-5749-pieces-2\/","title":{"rendered":"REOBRIX 99006 UCS T6-Shuttle Spacecraft with 5749 Pieces"},"content":{"rendered":"<div>\u2705Reobrix 99006 UCS T6-Shuttle Spacecraft<br \/>&nbsp;<br \/>\u2705The &#8220;T6 Giant Shuttle&#8221; appears to be a reference to the C-9979 landing craft used by the Trade Federation in the Star Wars universe. These landing craft are massive and often referred to as &#8220;giant shuttles&#8221; due to their size and capacity. They are most notably seen in &#8220;Star Wars: Episode I &#8211; The Phantom Menace,&#8221; where they transport Trade Federation droids and equipment to the planet Naboo.<br \/>&nbsp;<br \/>\ud83d\udeab FONTOS!&nbsp;<br \/>&nbsp;<br \/>Product Name: UCS T6-Shuttle Spacecraft<br \/>&nbsp;<br \/>Kateg\u00f3ria: Star Wars<br \/>&nbsp;<br \/>This Kit Contains:Reobrix 99006<br \/>&nbsp;<br \/>5749 pcs Good Quality Bricks&nbsp;<br \/>&nbsp;<br \/>Size:&nbsp; 39 \u00d7 26 \u00d7 58 cm<br \/>&nbsp;<br \/>K\u00e9zi utas\u00edt\u00e1sok&nbsp;<br \/>&nbsp;<br \/>\ud83d\udcccA f\u0151szerepl\u0151 term\u00e9szete&nbsp;<br \/>&nbsp;<br \/>Introducing our proud collection named \u201cUCS T6-Shuttle Spacecraft\u201d you should not miss.&nbsp;<br \/>&nbsp;<br \/>The landing craft has a distinctive hexagonal shape, which allows it to carry a large payload while still being aerodynamic. They are equipped with racks that can deploy large numbers of battle droids quickly. The C-9979 landing craft is armed with laser turrets for defense against enemy forces. These ships are used by the Trade Federation, which is one of the antagonistic factions in the prequel trilogy of Star Wars.<\/div>","protected":false},"excerpt":{"rendered":"<p>M\u00e1rka: REOBRIX<br \/>\nNem: Uniszex<br \/>\nKorhat\u00e1r: 14 \u00e9v felett<br \/>\nModel Number: 99006<br \/>\nBesorol\u00e1s: \u00d6sszeszerel\u00e9s<br \/>\nM\u0171anyag blokk forma: \u00f6nz\u00e1r\u00f3 t\u00e9gla<br \/>\nAnyaga: M\u0171anyag<br \/>\nM\u0171anyag t\u00edpus: ABS<br \/>\nBricks Blocks: 5749 +<br \/>\nEredeti doboza nincs<\/p>","protected":false},"featured_media":52132,"comment_status":"open","ping_status":"closed","template":"","meta":{"_acf_changed":false},"product_cat":[1357,581,6016,415,364,1408],"product_tag":[434,9235,2276,9002,436,389,4093],"class_list":["product","first","instock","shipping-taxable","purchasable","product-type-simple"],"acf":[],"_links":{"self":[{"href":"https:\/\/mouldking.store\/hu\/wp-json\/wp\/v2\/product\/52148","targetHints":{"allow":["GET"]}}],"collection":[{"href":"https:\/\/mouldking.store\/hu\/wp-json\/wp\/v2\/product"}],"about":[{"href":"https:\/\/mouldking.store\/hu\/wp-json\/wp\/v2\/types\/product"}],"replies":[{"embeddable":true,"href":"https:\/\/mouldking.store\/hu\/wp-json\/wp\/v2\/comments?post=52148"}],"wp:featuredmedia":[{"embeddable":true,"href":"https:\/\/mouldking.store\/hu\/wp-json\/wp\/v2\/media\/52132"}],"wp:attachment":[{"href":"https:\/\/mouldking.store\/hu\/wp-json\/wp\/v2\/media?parent=52148"}],"wp:term":[{"taxonomy":"product_cat","embeddable":true,"href":"https:\/\/mouldking.store\/hu\/wp-json\/wp\/v2\/product_cat?post=52148"},{"taxonomy":"product_tag","embeddable":true,"href":"https:\/\/mouldking.store\/hu\/wp-json\/wp\/v2\/product_tag?post=52148"}],"curies":[{"name":"wp","href":"https:\/\/api.w.org\/{rel}","templated":true}]}}