{"id":52249,"date":"2023-11-03T18:12:47","date_gmt":"2023-11-03T11:12:47","guid":{"rendered":"https:\/\/mouldking.store\/shop\/rastar-92300-alfa-romeo-f1-with-340-pieces\/"},"modified":"2023-11-03T18:12:47","modified_gmt":"2023-11-03T11:12:47","slug":"rastar-92300-alfa-romeo-f1-with-340-pieces","status":"publish","type":"product","link":"https:\/\/mouldking.store\/hu\/shop\/rastar-92300-alfa-romeo-f1-with-340-pieces\/","title":{"rendered":"Rastar 92300 Alfa Romeo F1 340 darabbal"},"content":{"rendered":"<div>\u2705RASTAR 92300 Alfa Romeo F1<br \/>&nbsp;<br \/>\u2705The team has a long history in Formula 1, with origins dating back to the late 1950s. In recent years, the team was officially rebranded as Alfa Romeo Racing after Alfa Romeo became a title sponsor in 2019.<br \/>&nbsp;<br \/>\ud83d\udeab FONTOS!&nbsp;<br \/>&nbsp;<br \/>Product Name: Alfa Romeo F1<br \/>&nbsp;<br \/>Kateg\u00f3ria: M\u0171szaki<br \/>&nbsp;<br \/>This Kit Contains: RASTAR 92300<br \/>&nbsp;<br \/>340 pcs Good Quality Bricks&nbsp;<br \/>&nbsp;<br \/>Size: 23 x 8.5 x 5 cm&nbsp;<br \/>&nbsp;<br \/>K\u00e9zi utas\u00edt\u00e1sok&nbsp;<br \/>&nbsp;<br \/>\ud83d\udcccA f\u0151szerepl\u0151 term\u00e9szete&nbsp;<br \/>&nbsp;<br \/>Introducing our proud collection named \u201cAlfa Romeo F1\u201d you should not miss.&nbsp;<br \/>&nbsp;<br \/>Over the years, the team has had various drivers representing them, including well-known names like Kimi R\u00e4ikk\u00f6nen, Antonio Giovinazzi, and other talented racers.Alfa Romeo Racing competes with Formula 1 cars built to comply with the sport&#8217;s regulations. These cars are designed and engineered to be among the fastest racing vehicles in the world. The team&#8217;s performance in Formula 1 has varied over the years. Factors like the car&#8217;s competitiveness, driver skills, and overall team strategy influence their success in the championship.<\/div>","protected":false},"excerpt":{"rendered":"<p>M\u00e1rka: Rastar<br \/>\nNem: Uniszex<br \/>\nKoroszt\u00e1ly: &gt; 6 \u00e9v<br \/>\nModel Number: 92300<br \/>\nBesorol\u00e1s: \u00d6sszeszerel\u00e9s<br \/>\nM\u0171anyag blokk forma: \u00f6nz\u00e1r\u00f3 t\u00e9gla<br \/>\nAnyaga: M\u0171anyag<br \/>\nM\u0171anyag t\u00edpus: ABS<br \/>\nBricks Blocks: 340 +<br \/>\nEredeti doboza nincs<\/p>","protected":false},"featured_media":52220,"comment_status":"open","ping_status":"closed","template":"","meta":{"_acf_changed":false},"product_cat":[1360,1357,364,1875],"product_tag":[12700,457,1514,7761,12701,389,11080],"class_list":["product","first","instock","shipping-taxable","purchasable","product-type-simple"],"acf":[],"_links":{"self":[{"href":"https:\/\/mouldking.store\/hu\/wp-json\/wp\/v2\/product\/52249","targetHints":{"allow":["GET"]}}],"collection":[{"href":"https:\/\/mouldking.store\/hu\/wp-json\/wp\/v2\/product"}],"about":[{"href":"https:\/\/mouldking.store\/hu\/wp-json\/wp\/v2\/types\/product"}],"replies":[{"embeddable":true,"href":"https:\/\/mouldking.store\/hu\/wp-json\/wp\/v2\/comments?post=52249"}],"wp:featuredmedia":[{"embeddable":true,"href":"https:\/\/mouldking.store\/hu\/wp-json\/wp\/v2\/media\/52220"}],"wp:attachment":[{"href":"https:\/\/mouldking.store\/hu\/wp-json\/wp\/v2\/media?parent=52249"}],"wp:term":[{"taxonomy":"product_cat","embeddable":true,"href":"https:\/\/mouldking.store\/hu\/wp-json\/wp\/v2\/product_cat?post=52249"},{"taxonomy":"product_tag","embeddable":true,"href":"https:\/\/mouldking.store\/hu\/wp-json\/wp\/v2\/product_tag?post=52249"}],"curies":[{"name":"wp","href":"https:\/\/api.w.org\/{rel}","templated":true}]}}