{"id":52278,"date":"2023-11-03T18:14:16","date_gmt":"2023-11-03T11:14:16","guid":{"rendered":"https:\/\/mouldking.store\/shop\/panlosbrick-632012-t-34-tank-with-1726-pieces-2\/"},"modified":"2023-11-03T18:14:16","modified_gmt":"2023-11-03T11:14:16","slug":"panlosbrick-632012-t-34-tank-with-1726-pieces-2","status":"publish","type":"product","link":"https:\/\/mouldking.store\/hu\/shop\/panlosbrick-632012-t-34-tank-with-1726-pieces-2\/","title":{"rendered":"PANLOSBRICK 632012 T-34 Tank with 1726 Pieces"},"content":{"rendered":"<div>\u2705 PANLOS 632012 T-34 Tank<br \/>&nbsp;<br \/>\u2705The T-34 is a legendary Soviet tank that played a crucial role in World War II. It is considered one of the most influential and effective tanks of its time and has left a significant mark in the history of armored warfare.&nbsp;<\/p>\n<p>\ud83d\udeab FONTOS!&nbsp;<br \/>&nbsp;<br \/>Product Name: T-34 Tank<br \/>&nbsp;<br \/>Kateg\u00f3ria: Katonai<br \/>&nbsp;<br \/>This Kit Contains:&nbsp; PANLOS 632012<br \/>&nbsp;<br \/>1726 pcs Good Quality Bricks&nbsp;<br \/>&nbsp;<br \/>K\u00e9zi utas\u00edt\u00e1sok&nbsp;<br \/>&nbsp;<br \/>\ud83d\udcccA f\u0151szerepl\u0151 term\u00e9szete&nbsp;<br \/>&nbsp;<br \/>Introducing our proud collection named \u201cT-34 Tank\u201d you should not miss.&nbsp;<br \/>&nbsp;<br \/>The T-34 was designed and produced by the Soviet Union in the 1930s. It was created in response to the need for a new, highly mobile, and well-armed tank to replace the aging models in the Red Army. The T-34 introduced several innovative features for its time, including sloped armor, which offered superior protection compared to more traditional flat armor designs. It also had wide tracks that allowed it to maneuver effectively in various terrains.<\/div>","protected":false},"excerpt":{"rendered":"<p>M\u00e1rka: PANLOSBRICK<br \/>\nNem: Uniszex<br \/>\nKoroszt\u00e1ly: &gt; 6 \u00e9v<br \/>\nModel Number: 632012<br \/>\nBesorol\u00e1s: \u00d6sszeszerel\u00e9s<br \/>\nM\u0171anyag blokk forma: \u00f6nz\u00e1r\u00f3 t\u00e9gla<br \/>\nAnyaga: M\u0171anyag<br \/>\nM\u0171anyag t\u00edpus: ABS<br \/>\nBricks Blocks: 1726 +<br \/>\nEredeti doboza nincs<\/p>","protected":false},"featured_media":52263,"comment_status":"open","ping_status":"closed","template":"","meta":{"_acf_changed":false},"product_cat":[1350,1357,372,364],"product_tag":[374,12802,485,389],"class_list":["product","first","instock","shipping-taxable","purchasable","product-type-simple"],"acf":[],"_links":{"self":[{"href":"https:\/\/mouldking.store\/hu\/wp-json\/wp\/v2\/product\/52278","targetHints":{"allow":["GET"]}}],"collection":[{"href":"https:\/\/mouldking.store\/hu\/wp-json\/wp\/v2\/product"}],"about":[{"href":"https:\/\/mouldking.store\/hu\/wp-json\/wp\/v2\/types\/product"}],"replies":[{"embeddable":true,"href":"https:\/\/mouldking.store\/hu\/wp-json\/wp\/v2\/comments?post=52278"}],"wp:featuredmedia":[{"embeddable":true,"href":"https:\/\/mouldking.store\/hu\/wp-json\/wp\/v2\/media\/52263"}],"wp:attachment":[{"href":"https:\/\/mouldking.store\/hu\/wp-json\/wp\/v2\/media?parent=52278"}],"wp:term":[{"taxonomy":"product_cat","embeddable":true,"href":"https:\/\/mouldking.store\/hu\/wp-json\/wp\/v2\/product_cat?post=52278"},{"taxonomy":"product_tag","embeddable":true,"href":"https:\/\/mouldking.store\/hu\/wp-json\/wp\/v2\/product_tag?post=52278"}],"curies":[{"name":"wp","href":"https:\/\/api.w.org\/{rel}","templated":true}]}}