{"id":52330,"date":"2023-11-06T18:21:21","date_gmt":"2023-11-06T11:21:21","guid":{"rendered":"https:\/\/mouldking.store\/shop\/moc-factory-89221-skibidi-toilet-mecha-siren-head-boss-with-617-pieces\/"},"modified":"2025-12-16T20:59:21","modified_gmt":"2025-12-16T13:59:21","slug":"moc-factory-89221-skibidi-toilet-mecha-siren-head-boss-with-617-pieces","status":"publish","type":"product","link":"https:\/\/mouldking.store\/hu\/shop\/moc-factory-89221-skibidi-toilet-mecha-siren-head-boss-with-617-pieces\/","title":{"rendered":"MOC Factory 89221 Skibidi Toilet Mecha Siren Head Boss with 617 Pieces"},"content":{"rendered":"<div>\u2705MOC-89221 Skibidi Toilet Mecha Siren Head Boss<\/p>\n<p>\u2705Siren Head is a character created by the artist Trevor Roberts, known for its eerie appearance of a tall, emaciated humanoid with sirens for a head. It has gained popularity on the internet as a creepy and mysterious creature.<\/p>\n<p>\ud83d\udeab FONTOS!<\/p>\n<p>Product Name: Skibidi Toilet Mecha Siren Head Boss<\/p>\n<p>Kateg\u00f3ria: Film<\/p>\n<p>This Kit Contains: C9766Y02<\/p>\n<p>617 pcs Good Quality Bricks<\/p>\n<p>Size: 21.2 x 11.2 x 34.1 cm<\/p>\n<p>Weight: 0.449 kg<\/p>\n<p>PDF \u00datmutat\u00f3<\/p>\n<p>\ud83d\udcccA f\u0151szerepl\u0151 term\u00e9szete<\/p>\n<p>Introducing our proud collection named \u201cSkibidi Toilet Mecha Siren Head Boss\u201d you should not miss.<\/p>\n<p>Skibidi Toilet is a web-series of YouTube videos and Shorts created by Georgia-based animator Alexey Gerasimov and uploaded on his YouTube channel DaFuq!? Siren Head is a popular character in internet horror culture, known for its eerie and unsettling appearance.&nbsp;<\/p><\/div>","protected":false},"excerpt":{"rendered":"<p>M\u00e1rka: MOC Factory<br \/>\nNem: Uniszex<br \/>\nKoroszt\u00e1ly: &gt; 6 \u00e9v<br \/>\nModel Number: 89221<br \/>\nBesorol\u00e1s: \u00d6sszeszerel\u00e9s<br \/>\nM\u0171anyag blokk forma: \u00f6nz\u00e1r\u00f3 t\u00e9gla<br \/>\nAnyaga: M\u0171anyag<br \/>\nM\u0171anyag t\u00edpus: ABS<br \/>\nBricks Blocks: 617 +<br \/>\nEredeti doboza nincs<\/p>","protected":false},"featured_media":52318,"comment_status":"open","ping_status":"closed","template":"","meta":{"_acf_changed":false},"product_cat":[1365,371,581,1408],"product_tag":[12326,11072,8452,9302,434,12810,12101,12200],"class_list":["product","first","instock","shipping-taxable","purchasable","product-type-simple"],"acf":[],"_links":{"self":[{"href":"https:\/\/mouldking.store\/hu\/wp-json\/wp\/v2\/product\/52330","targetHints":{"allow":["GET"]}}],"collection":[{"href":"https:\/\/mouldking.store\/hu\/wp-json\/wp\/v2\/product"}],"about":[{"href":"https:\/\/mouldking.store\/hu\/wp-json\/wp\/v2\/types\/product"}],"replies":[{"embeddable":true,"href":"https:\/\/mouldking.store\/hu\/wp-json\/wp\/v2\/comments?post=52330"}],"wp:featuredmedia":[{"embeddable":true,"href":"https:\/\/mouldking.store\/hu\/wp-json\/wp\/v2\/media\/52318"}],"wp:attachment":[{"href":"https:\/\/mouldking.store\/hu\/wp-json\/wp\/v2\/media?parent=52330"}],"wp:term":[{"taxonomy":"product_cat","embeddable":true,"href":"https:\/\/mouldking.store\/hu\/wp-json\/wp\/v2\/product_cat?post=52330"},{"taxonomy":"product_tag","embeddable":true,"href":"https:\/\/mouldking.store\/hu\/wp-json\/wp\/v2\/product_tag?post=52330"}],"curies":[{"name":"wp","href":"https:\/\/api.w.org\/{rel}","templated":true}]}}