{"id":52394,"date":"2023-11-06T18:23:07","date_gmt":"2023-11-06T11:23:07","guid":{"rendered":"https:\/\/mouldking.store\/shop\/moc-factory-89218-garten-of-banban-mini-mix-set-with-289-pieces-2\/"},"modified":"2025-12-16T20:59:21","modified_gmt":"2025-12-16T13:59:21","slug":"moc-factory-89218-garten-of-banban-mini-mix-set-with-289-pieces-2","status":"publish","type":"product","link":"https:\/\/mouldking.store\/hu\/shop\/moc-factory-89218-garten-of-banban-mini-mix-set-with-289-pieces-2\/","title":{"rendered":"MOC Factory 89218 Banban kerti mini kever\u0151k\u00e9szlet 289 darabbal"},"content":{"rendered":"<div>\u2705MOC-89218 Garten of Banban Mini Mix Set<\/p>\n<p>\u2705Garten of Banban\/Garten of Banban One\/Garten of Banban I\/Garten of Banban 1 is a game made by the Euphoric Brothers. It is part of the controversial mascot horror genre and is the Euphoric Brothers&#8217; 8th game. Upon release the game was met with a very mixed reception from gamers and critics alike, It received a lot of popularity on the internet as well as a lot of criticism and hate.<\/p>\n<p>\ud83d\udeab FONTOS!<\/p>\n<p>Product Name: Garten of Banban Mini Mix Set<\/p>\n<p>Kateg\u00f3ria: Film<\/p>\n<p>This Kit Contains: C9745<\/p>\n<p>289 pcs Good Quality Bricks<\/p>\n<p>Size:&nbsp; 10.8 x 5.6 x 6.2 cm<\/p>\n<p>S\u00faly: 0,09 kg<\/p>\n<p>PDF \u00datmutat\u00f3<\/p>\n<p>\ud83d\udcccA f\u0151szerepl\u0151 term\u00e9szete<\/p>\n<p>Introducing our proud collection named \u201cGarten of Banban Mini Mix Set\u201d you should not miss.<\/p>\n<p>Garten of Banban is set in Banban&#8217;s Kindergarten. The kindergarten was closed due to recent cases of all children attending the kindergarten going missing. In the game, the Player, who is presumably a parent who, after getting tired that nobody can find it&#8217;s missing child, decided, to go into the kindergarten and find their child and other missing children themselves. But they slowly start to discover the horrifying secrets of the kindergarten.<\/p><\/div>","protected":false},"excerpt":{"rendered":"<p>M\u00e1rka: MOC Factory<br \/>\nNem: Uniszex<br \/>\nKoroszt\u00e1ly: &gt; 6 \u00e9v<br \/>\nModel Number: 89218<br \/>\nBesorol\u00e1s: \u00d6sszeszerel\u00e9s<br \/>\nM\u0171anyag blokk forma: \u00f6nz\u00e1r\u00f3 t\u00e9gla<br \/>\nAnyaga: M\u0171anyag<br \/>\nM\u0171anyag t\u00edpus: ABS<br \/>\nBricks Blocks: 289 +<br \/>\nEredeti doboza nincs<\/p>","protected":false},"featured_media":52368,"comment_status":"open","ping_status":"closed","template":"","meta":{"_acf_changed":false},"product_cat":[1365,1769,371],"product_tag":[11475,11072,8452,9139,11474,12099,12621],"class_list":["product","first","instock","shipping-taxable","purchasable","product-type-simple"],"acf":[],"_links":{"self":[{"href":"https:\/\/mouldking.store\/hu\/wp-json\/wp\/v2\/product\/52394","targetHints":{"allow":["GET"]}}],"collection":[{"href":"https:\/\/mouldking.store\/hu\/wp-json\/wp\/v2\/product"}],"about":[{"href":"https:\/\/mouldking.store\/hu\/wp-json\/wp\/v2\/types\/product"}],"replies":[{"embeddable":true,"href":"https:\/\/mouldking.store\/hu\/wp-json\/wp\/v2\/comments?post=52394"}],"wp:featuredmedia":[{"embeddable":true,"href":"https:\/\/mouldking.store\/hu\/wp-json\/wp\/v2\/media\/52368"}],"wp:attachment":[{"href":"https:\/\/mouldking.store\/hu\/wp-json\/wp\/v2\/media?parent=52394"}],"wp:term":[{"taxonomy":"product_cat","embeddable":true,"href":"https:\/\/mouldking.store\/hu\/wp-json\/wp\/v2\/product_cat?post=52394"},{"taxonomy":"product_tag","embeddable":true,"href":"https:\/\/mouldking.store\/hu\/wp-json\/wp\/v2\/product_tag?post=52394"}],"curies":[{"name":"wp","href":"https:\/\/api.w.org\/{rel}","templated":true}]}}