{"id":52438,"date":"2023-11-06T18:24:19","date_gmt":"2023-11-06T11:24:19","guid":{"rendered":"https:\/\/mouldking.store\/shop\/moc-factory-89215-skibidi-toilet-giant-upgraded-titan-cameraman-with-405-pieces\/"},"modified":"2025-12-16T20:59:20","modified_gmt":"2025-12-16T13:59:20","slug":"moc-factory-89215-skibidi-toilet-giant-upgraded-titan-cameraman-with-405-pieces","status":"publish","type":"product","link":"https:\/\/mouldking.store\/hu\/shop\/moc-factory-89215-skibidi-toilet-giant-upgraded-titan-cameraman-with-405-pieces\/","title":{"rendered":"MOC Factory 89215 Skibidi Toilet Giant Upgraded Titan Cameraman with 405 Pieces"},"content":{"rendered":"<div>\u2705 MOC-89215 Skibidi Toilet Giant Upgraded Titan Cameraman<\/p>\n<p>\u2705The Titan Cameraman is a colossal mechanical cyborg engineered by The Alliance, inherited predominantly from both the Cameramen and the Speakermen, to combat the Skibidi Toilets at a significant level. As the series progresses, the Titan would subsequently receive additional vital upgrades.<\/p>\n<p>\ud83d\udeab FONTOS!<\/p>\n<p>Product Name: Skibidi Toilet Giant Upgraded Titan Cameraman<\/p>\n<p>Kateg\u00f3ria: Film<\/p>\n<p>This Kit Contains: C9697Y03<\/p>\n<p>405 pcs Good Quality Bricks<\/p>\n<p>S\u00faly: 0,42 kg<\/p>\n<p>PDF \u00datmutat\u00f3<\/p>\n<p>\ud83d\udcccA f\u0151szerepl\u0151 term\u00e9szete<\/p>\n<p>Introducing our proud collection named \u201cSkibidi Toilet Giant Upgraded Titan Cameraman you should not miss.<\/p>\n<p>The Titan Cameraman has been depicted as retaining consequential physical strength, allowing feats such as effortlessly stomping on the Large Camouflage Skibidi Toilet, kicking a Large Skibidi Toilet towards a building, and using one hand to both grab and crush a Strider Skibidi Toilet. In Episode 20, the Titan Cameraman crushed two Strider Skibidi Toilets before confronting the G-Toilet. During the direct confrontation, the G-Toilet started firing laser beams at the core of the Titan Cameraman. In retaliation, he swiftly retrieved a shield from his back and used it to intercept the incoming lasers.<\/p><\/div>","protected":false},"excerpt":{"rendered":"<p>M\u00e1rka: MOC Factory<br \/>\nNem: Uniszex<br \/>\nKoroszt\u00e1ly: &gt; 6 \u00e9v<br \/>\nModel Number: 89215<br \/>\nBesorol\u00e1s: \u00d6sszeszerel\u00e9s<br \/>\nM\u0171anyag blokk forma: \u00f6nz\u00e1r\u00f3 t\u00e9gla<br \/>\nAnyaga: M\u0171anyag<br \/>\nM\u0171anyag t\u00edpus: ABS<br \/>\nBricks Blocks: 405 +<br \/>\nEredeti doboza nincs<\/p>","protected":false},"featured_media":52432,"comment_status":"open","ping_status":"closed","template":"","meta":{"_acf_changed":false},"product_cat":[1365,371,581,1408],"product_tag":[12205,11072,8452,434,12101,8220,12200,12620],"class_list":["product","first","instock","shipping-taxable","purchasable","product-type-simple"],"acf":[],"_links":{"self":[{"href":"https:\/\/mouldking.store\/hu\/wp-json\/wp\/v2\/product\/52438","targetHints":{"allow":["GET"]}}],"collection":[{"href":"https:\/\/mouldking.store\/hu\/wp-json\/wp\/v2\/product"}],"about":[{"href":"https:\/\/mouldking.store\/hu\/wp-json\/wp\/v2\/types\/product"}],"replies":[{"embeddable":true,"href":"https:\/\/mouldking.store\/hu\/wp-json\/wp\/v2\/comments?post=52438"}],"wp:featuredmedia":[{"embeddable":true,"href":"https:\/\/mouldking.store\/hu\/wp-json\/wp\/v2\/media\/52432"}],"wp:attachment":[{"href":"https:\/\/mouldking.store\/hu\/wp-json\/wp\/v2\/media?parent=52438"}],"wp:term":[{"taxonomy":"product_cat","embeddable":true,"href":"https:\/\/mouldking.store\/hu\/wp-json\/wp\/v2\/product_cat?post=52438"},{"taxonomy":"product_tag","embeddable":true,"href":"https:\/\/mouldking.store\/hu\/wp-json\/wp\/v2\/product_tag?post=52438"}],"curies":[{"name":"wp","href":"https:\/\/api.w.org\/{rel}","templated":true}]}}