{"id":52471,"date":"2023-11-06T18:36:54","date_gmt":"2023-11-06T11:36:54","guid":{"rendered":"https:\/\/mouldking.store\/shop\/moc-factory-89227-skibidi-toilet-titans-tv-with-508-pieces\/"},"modified":"2025-12-16T20:59:20","modified_gmt":"2025-12-16T13:59:20","slug":"moc-factory-89227-skibidi-toilet-titans-tv-with-508-pieces","status":"publish","type":"product","link":"https:\/\/mouldking.store\/hu\/shop\/moc-factory-89227-skibidi-toilet-titans-tv-with-508-pieces\/","title":{"rendered":"MOC Factory 89227 Skibidi Toilet Titans TV with 508 Pieces"},"content":{"rendered":"<div>\u2705 MOC-89227 Skibidi Toilet Titans TV<\/p>\n<p>\u2705The Titan TV Man is a mechanical colossus created by The Alliance, fabricated from multiple components and attachments sourced from the TV Men. This titan holds immense durability and strength, transcending both powerful physical and digital combat capabilities. Notably, it emits a radiant purple node at its core, supported by two claws mounted on its shoulders and hooks adorning its elbows.<\/p>\n<p>\ud83d\udeab FONTOS!<\/p>\n<p>Product Name: Skibidi Toilet Titans TV<\/p>\n<p>Kateg\u00f3ria: Film<\/p>\n<p>This Kit Contains: C9697Y02<\/p>\n<p>508&nbsp; pcs Good Quality Bricks<\/p>\n<p>Size: 29.7 x 12.7 x 39.5 cm<\/p>\n<p>S\u00faly: 0,42 kg<\/p>\n<p>PDF \u00datmutat\u00f3<\/p>\n<p>\ud83d\udcccA f\u0151szerepl\u0151 term\u00e9szete<\/p>\n<p>Introducing our proud collection named \u201cSkibidi Toilet Titans TV\u201d you should not miss.<\/p>\n<p>The Titan TV Man discharges the psychological beam seen in TV Men but on a vastly amplified scale. Upon activation, a powerful red light releases, followed by the resounding THX intro sound, resulting in either the toilets forcefully self-destructing or their heads exploding. Due to the intensified television projection by the titan, one may rely on protective lens to prevent any form of injuries or wounds, as shown by the POV-Cameraman in Episode 41.<\/p><\/div>","protected":false},"excerpt":{"rendered":"<p>M\u00e1rka: MOC Factory<br \/>\nNem: Uniszex<br \/>\nKoroszt\u00e1ly: &gt; 6 \u00e9v<br \/>\nModel Number: 89227<br \/>\nBesorol\u00e1s: \u00d6sszeszerel\u00e9s<br \/>\nM\u0171anyag blokk forma: \u00f6nz\u00e1r\u00f3 t\u00e9gla<br \/>\nAnyaga: M\u0171anyag<br \/>\nM\u0171anyag t\u00edpus: ABS<br \/>\nBricks Blocks: 508 +<br \/>\nEredeti doboza nincs<\/p>","protected":false},"featured_media":52449,"comment_status":"open","ping_status":"closed","template":"","meta":{"_acf_changed":false},"product_cat":[1365,371,581,1408],"product_tag":[11072,8452,434,12101,8220,12200,12201],"class_list":["product","first","instock","shipping-taxable","purchasable","product-type-simple"],"acf":[],"_links":{"self":[{"href":"https:\/\/mouldking.store\/hu\/wp-json\/wp\/v2\/product\/52471","targetHints":{"allow":["GET"]}}],"collection":[{"href":"https:\/\/mouldking.store\/hu\/wp-json\/wp\/v2\/product"}],"about":[{"href":"https:\/\/mouldking.store\/hu\/wp-json\/wp\/v2\/types\/product"}],"replies":[{"embeddable":true,"href":"https:\/\/mouldking.store\/hu\/wp-json\/wp\/v2\/comments?post=52471"}],"wp:featuredmedia":[{"embeddable":true,"href":"https:\/\/mouldking.store\/hu\/wp-json\/wp\/v2\/media\/52449"}],"wp:attachment":[{"href":"https:\/\/mouldking.store\/hu\/wp-json\/wp\/v2\/media?parent=52471"}],"wp:term":[{"taxonomy":"product_cat","embeddable":true,"href":"https:\/\/mouldking.store\/hu\/wp-json\/wp\/v2\/product_cat?post=52471"},{"taxonomy":"product_tag","embeddable":true,"href":"https:\/\/mouldking.store\/hu\/wp-json\/wp\/v2\/product_tag?post=52471"}],"curies":[{"name":"wp","href":"https:\/\/api.w.org\/{rel}","templated":true}]}}