{"id":52521,"date":"2023-11-06T18:38:08","date_gmt":"2023-11-06T11:38:08","guid":{"rendered":"https:\/\/mouldking.store\/shop\/moc-factory-89224-skibidi-toilet-radioman-with-629-pieces\/"},"modified":"2025-12-16T20:59:20","modified_gmt":"2025-12-16T13:59:20","slug":"moc-factory-89224-skibidi-toilet-radioman-with-629-pieces","status":"publish","type":"product","link":"https:\/\/mouldking.store\/hu\/shop\/moc-factory-89224-skibidi-toilet-radioman-with-629-pieces\/","title":{"rendered":"MOC Factory 89224 Skibidi Toilet Radioman with 629 Pieces"},"content":{"rendered":"<div>\u2705MOC-89224 Skibidi Toilet Radioman<\/p>\n<p>\u2705Radiomen are a Northern Variant of the Speakermen. The Radiomen are an Anarcho-Capitalist Union that practices Isolationism.<\/p>\n<p>\ud83d\udeab FONTOS!<\/p>\n<p>Product Name: Skibidi Toilet Radioman<\/p>\n<p>Kateg\u00f3ria: Film<\/p>\n<p>This Kit Contains: C9713Y04<\/p>\n<p>629 pcs Good Quality Bricks<\/p>\n<p>Size: 16.8 x 8.8 x 33.6 cm<\/p>\n<p>Weight: 0.45 kg<\/p>\n<p>PDF \u00datmutat\u00f3<\/p>\n<p>\ud83d\udcccA f\u0151szerepl\u0151 term\u00e9szete<\/p>\n<p>Introducing our proud collection named \u201cSkibidi Toilet Radioman\u201d you should not miss.<\/p>\n<p>They&#8217;re usually pretty chill, but damn right violent sadists when it comes to a Speakerman or Skibidi toilet. Radiomen will usually berate, harass, or attack any friendly Speakermen Ally (due to a border dispute on the Homefront)<\/p><\/div>","protected":false},"excerpt":{"rendered":"<p>M\u00e1rka: MOC Factory<br \/>\nNem: Uniszex<br \/>\nKoroszt\u00e1ly: &gt; 6 \u00e9v<br \/>\nModel Number: 89224<br \/>\nBesorol\u00e1s: \u00d6sszeszerel\u00e9s<br \/>\nM\u0171anyag blokk forma: \u00f6nz\u00e1r\u00f3 t\u00e9gla<br \/>\nAnyaga: M\u0171anyag<br \/>\nM\u0171anyag t\u00edpus: ABS<br \/>\nBricks Blocks: 629 +<br \/>\nEredeti doboza nincs<\/p>","protected":false},"featured_media":52478,"comment_status":"open","ping_status":"closed","template":"","meta":{"_acf_changed":false},"product_cat":[1365,371,581,1408],"product_tag":[11072,8452,434,12207,12101,12200],"class_list":["product","first","instock","shipping-taxable","purchasable","product-type-simple"],"acf":[],"_links":{"self":[{"href":"https:\/\/mouldking.store\/hu\/wp-json\/wp\/v2\/product\/52521","targetHints":{"allow":["GET"]}}],"collection":[{"href":"https:\/\/mouldking.store\/hu\/wp-json\/wp\/v2\/product"}],"about":[{"href":"https:\/\/mouldking.store\/hu\/wp-json\/wp\/v2\/types\/product"}],"replies":[{"embeddable":true,"href":"https:\/\/mouldking.store\/hu\/wp-json\/wp\/v2\/comments?post=52521"}],"wp:featuredmedia":[{"embeddable":true,"href":"https:\/\/mouldking.store\/hu\/wp-json\/wp\/v2\/media\/52478"}],"wp:attachment":[{"href":"https:\/\/mouldking.store\/hu\/wp-json\/wp\/v2\/media?parent=52521"}],"wp:term":[{"taxonomy":"product_cat","embeddable":true,"href":"https:\/\/mouldking.store\/hu\/wp-json\/wp\/v2\/product_cat?post=52521"},{"taxonomy":"product_tag","embeddable":true,"href":"https:\/\/mouldking.store\/hu\/wp-json\/wp\/v2\/product_tag?post=52521"}],"curies":[{"name":"wp","href":"https:\/\/api.w.org\/{rel}","templated":true}]}}