{"id":52526,"date":"2023-11-06T18:38:11","date_gmt":"2023-11-06T11:38:11","guid":{"rendered":"https:\/\/mouldking.store\/shop\/moc-factory-89226-titanfall-2-tone-class-titan-with-485-pieces-2\/"},"modified":"2025-12-16T20:59:20","modified_gmt":"2025-12-16T13:59:20","slug":"moc-factory-89226-titanfall-2-tone-class-titan-with-485-pieces-2","status":"publish","type":"product","link":"https:\/\/mouldking.store\/hu\/shop\/moc-factory-89226-titanfall-2-tone-class-titan-with-485-pieces-2\/","title":{"rendered":"MOC Factory 89226 Titanfall 2 hangoszt\u00e1ly\u00fa tit\u00e1n 485 darabbal"},"content":{"rendered":"<div>\u2705MOC-89226 Titanfall 2 Hangsz\u00ednoszt\u00e1ly\u00fa Tit\u00e1n<\/p>\n<p>\u2705A \u201eTitanfall 2\u201d videoj\u00e1t\u00e9kban Tone az egyik Titan kaszt, amelyet a j\u00e1t\u00e9kosok pil\u00f3tak\u00e9nt vezethetnek. Minden Titan kasztnak egyedi k\u00e9pess\u00e9gei \u00e9s j\u00e1t\u00e9kst\u00edlusa van. Tone prec\u00edzi\u00f3s \u00e9s sokoldal\u00fa harci k\u00e9pess\u00e9geir\u0151l ismert.&nbsp;<\/p>\n<p>\ud83d\udeab FONTOS!<\/p>\n<p>Term\u00e9k neve: Titanfall 2 Hangsz\u00ednoszt\u00e1ly\u00fa Tit\u00e1n<\/p>\n<p>Kateg\u00f3ria: Film<\/p>\n<p>A k\u00e9szlet tartalma: C9705<\/p>\n<p>485 db j\u00f3 min\u0151s\u00e9g\u0171 t\u00e9gla<\/p>\n<p>M\u00e9ret: 15,6 x 10,4 x 20,8 cm<\/p>\n<p>S\u00faly: 0,18 kg<\/p>\n<p>PDF \u00datmutat\u00f3<\/p>\n<p>\ud83d\udcccA f\u0151szerepl\u0151 term\u00e9szete<\/p>\n<p>Bemutatjuk b\u00fcszke kollekci\u00f3nkat, a \u201eTitanfall 2 Tone-Class Titan\u201d-t, amelyet nem szabad kihagynod.<\/p>\n<p>A Tone els\u0151dleges fegyvere egy 40 mm-es K\u00f6vet\u0151 \u00c1gy\u00fa, amely nagy sebess\u00e9g\u0171 l\u00f6ved\u00e9kek prec\u00edz kil\u00f6v\u00e9s\u00e9re k\u00e9pes. Emellett rendelkezik a \u201eSzon\u00e1r R\u00f6gz\u00edt\u00e9s\u201d k\u00e9pess\u00e9ggel is, amely t\u00f6bb ellens\u00e9ges c\u00e9lpontot is k\u00e9pes befogni \u00e9s k\u00f6vetni, \u00edgy k\u00f6nnyebb eltal\u00e1lni \u0151ket a 40 mm-es \u00e1gy\u00faval. A Tone rendelkezik egy kihelyezhet\u0151 R\u00e9szecske Fallal, amely ideiglenes fedez\u00e9kk\u00e9nt szolg\u00e1l. Ez a pajzs v\u00e9dekez\u00e9sre \u00e9s a csatat\u00e9r ir\u00e1ny\u00edt\u00e1s\u00e1ra is haszn\u00e1lhat\u00f3 az ellens\u00e9ges t\u0171z blokkol\u00e1s\u00e1val. A Tone alapvet\u0151 k\u00e9pess\u00e9ge a Sort\u0171z Mag, amely lehet\u0151v\u00e9 teszi, hogy ir\u00e1ny\u00edtott rak\u00e9t\u00e1k z\u00e1por\u00e1t l\u0151je ki a befogott c\u00e9lpontokra. Ez jelent\u0151s sebz\u00e9st okozhat az ellens\u00e9ges tit\u00e1noknak.<\/p><\/div>","protected":false},"excerpt":{"rendered":"<p>M\u00e1rka: MOC Factory<br \/>\nNem: Uniszex<br \/>\nKoroszt\u00e1ly: &gt; 6 \u00e9v<br \/>\nModellsz\u00e1m: 89226<br \/>\nBesorol\u00e1s: \u00d6sszeszerel\u00e9s<br \/>\nM\u0171anyag blokk forma: \u00f6nz\u00e1r\u00f3 t\u00e9gla<br \/>\nAnyaga: M\u0171anyag<br \/>\nM\u0171anyag t\u00edpus: ABS<br \/>\nT\u00e9gl\u00e1k Blokkok: 485 +<br \/>\nEredeti doboza nincs<\/p>","protected":false},"featured_media":52490,"comment_status":"open","ping_status":"closed","template":"","meta":{"_acf_changed":false},"product_cat":[1365,371,581,1408],"product_tag":[11072,8452,434,590,8220,11446,12819],"class_list":["product","first","instock","shipping-taxable","purchasable","product-type-simple"],"acf":[],"_links":{"self":[{"href":"https:\/\/mouldking.store\/hu\/wp-json\/wp\/v2\/product\/52526","targetHints":{"allow":["GET"]}}],"collection":[{"href":"https:\/\/mouldking.store\/hu\/wp-json\/wp\/v2\/product"}],"about":[{"href":"https:\/\/mouldking.store\/hu\/wp-json\/wp\/v2\/types\/product"}],"replies":[{"embeddable":true,"href":"https:\/\/mouldking.store\/hu\/wp-json\/wp\/v2\/comments?post=52526"}],"wp:featuredmedia":[{"embeddable":true,"href":"https:\/\/mouldking.store\/hu\/wp-json\/wp\/v2\/media\/52490"}],"wp:attachment":[{"href":"https:\/\/mouldking.store\/hu\/wp-json\/wp\/v2\/media?parent=52526"}],"wp:term":[{"taxonomy":"product_cat","embeddable":true,"href":"https:\/\/mouldking.store\/hu\/wp-json\/wp\/v2\/product_cat?post=52526"},{"taxonomy":"product_tag","embeddable":true,"href":"https:\/\/mouldking.store\/hu\/wp-json\/wp\/v2\/product_tag?post=52526"}],"curies":[{"name":"wp","href":"https:\/\/api.w.org\/{rel}","templated":true}]}}