{"id":52553,"date":"2023-11-08T12:34:29","date_gmt":"2023-11-08T05:34:29","guid":{"rendered":"https:\/\/mouldking.store\/shop\/hsanhe-11001-2-one-piece-brickhead-tony-tony-chopper-with-164-pieces\/"},"modified":"2023-11-08T12:34:29","modified_gmt":"2023-11-08T05:34:29","slug":"hsanhe-11001-2-one-piece-brickhead-tony-tony-chopper-with-164-pieces","status":"publish","type":"product","link":"https:\/\/mouldking.store\/hu\/shop\/hsanhe-11001-2-one-piece-brickhead-tony-tony-chopper-with-164-pieces\/","title":{"rendered":"HSANHE 11001-2 One Piece Brickhead Tony Tony Chopper with 164 Pieces"},"content":{"rendered":"<div>\u2705HSANHE&nbsp; 11001-2 One Piece Brickhead Tony Tony Chopper<br \/>&nbsp;<br \/>\u2705Tony Tony Chopper, often referred to simply as Chopper, is a fictional character from the popular manga and anime series &#8220;One Piece,&#8221; created by Eiichiro Oda. Chopper is one of the main characters in the series and a member of the Straw Hat Pirates, the crew led by Monkey D. Luffy.&nbsp;<br \/>&nbsp;<br \/>\ud83d\udeab FONTOS!&nbsp;<br \/>&nbsp;<br \/>Product Name: One Piece Brickhead Tony Tony Chopper<br \/>&nbsp;<br \/>Kateg\u00f3ria: Film<br \/>&nbsp;<br \/>This Kit Contains: HSANHE&nbsp; 11001-2&nbsp;<br \/>&nbsp;<br \/>164 pcs Good Quality Bricks&nbsp;<br \/>&nbsp;<br \/>Size: 7 x 5.6 x 7.2 cm&nbsp;<br \/>&nbsp;<br \/>K\u00e9zi utas\u00edt\u00e1sok&nbsp;<br \/>&nbsp;<br \/>\ud83d\udcccA f\u0151szerepl\u0151 term\u00e9szete&nbsp;<br \/>&nbsp;<br \/>Introducing our proud collection named \u201cOne Piece Brickhead Tony Tony Chopper\u201d you should not miss.&nbsp;<br \/>&nbsp;<br \/>Chopper is a reindeer who ate the Human-Human Fruit, a Paramecia-type Devil Fruit. This unique ability granted him the power to transform into a full-sized human with anthropomorphic features, known as his &#8220;human form.&#8221; Chopper serves as the crew&#8217;s doctor and medical expert. He possesses extensive medical knowledge and is an accomplished physician. He is also the only member of the Straw Hat Pirates who can communicate with other animals and understands their languages.<\/div>","protected":false},"excerpt":{"rendered":"<p>M\u00e1rka: HSANHE<br \/>\nNem: Uniszex<br \/>\nKoroszt\u00e1ly: &gt; 6 \u00e9v<br \/>\nModel Number: 11001-2<br \/>\nBesorol\u00e1s: \u00d6sszeszerel\u00e9s<br \/>\nM\u0171anyag blokk forma: \u00f6nz\u00e1r\u00f3 t\u00e9gla<br \/>\nAnyaga: M\u0171anyag<br \/>\nM\u0171anyag t\u00edpus: ABS<br \/>\nBricks Blocks: 164 +<br \/>\nEredeti doboza nincs<\/p>","protected":false},"featured_media":52551,"comment_status":"open","ping_status":"closed","template":"","meta":{"_acf_changed":false},"product_cat":[1365,371,581,1408,1819],"product_tag":[5623,11072,8452,434,1824,12823],"class_list":["product","first","instock","shipping-taxable","purchasable","product-type-simple"],"acf":[],"_links":{"self":[{"href":"https:\/\/mouldking.store\/hu\/wp-json\/wp\/v2\/product\/52553","targetHints":{"allow":["GET"]}}],"collection":[{"href":"https:\/\/mouldking.store\/hu\/wp-json\/wp\/v2\/product"}],"about":[{"href":"https:\/\/mouldking.store\/hu\/wp-json\/wp\/v2\/types\/product"}],"replies":[{"embeddable":true,"href":"https:\/\/mouldking.store\/hu\/wp-json\/wp\/v2\/comments?post=52553"}],"wp:featuredmedia":[{"embeddable":true,"href":"https:\/\/mouldking.store\/hu\/wp-json\/wp\/v2\/media\/52551"}],"wp:attachment":[{"href":"https:\/\/mouldking.store\/hu\/wp-json\/wp\/v2\/media?parent=52553"}],"wp:term":[{"taxonomy":"product_cat","embeddable":true,"href":"https:\/\/mouldking.store\/hu\/wp-json\/wp\/v2\/product_cat?post=52553"},{"taxonomy":"product_tag","embeddable":true,"href":"https:\/\/mouldking.store\/hu\/wp-json\/wp\/v2\/product_tag?post=52553"}],"curies":[{"name":"wp","href":"https:\/\/api.w.org\/{rel}","templated":true}]}}