{"id":52565,"date":"2023-11-08T12:35:39","date_gmt":"2023-11-08T05:35:39","guid":{"rendered":"https:\/\/mouldking.store\/shop\/hsanhe-11001-6-one-piece-brickhead-franky-with-137-pieces\/"},"modified":"2023-11-08T12:35:39","modified_gmt":"2023-11-08T05:35:39","slug":"hsanhe-11001-6-one-piece-brickhead-franky-with-137-pieces","status":"publish","type":"product","link":"https:\/\/mouldking.store\/hu\/shop\/hsanhe-11001-6-one-piece-brickhead-franky-with-137-pieces\/","title":{"rendered":"HSANHE 11001-6 One Piece Brickhead Franky with 137 Pieces"},"content":{"rendered":"<div>\u2705 HSANHE 11001-6 One Piece Brickhead Franky<br \/>&nbsp;<br \/>\u2705Franky, whose real name is Cutty Flam, is a notable character in the manga and anime series &#8220;One Piece&#8221; created by Eiichiro Oda. He is a member of the Straw Hat Pirates, a diverse crew led by Monkey D. Luffy. Franky is the crew&#8217;s shipwright and a skilled shipbuilder.&nbsp;<\/p>\n<p>\ud83d\udeab FONTOS!&nbsp;<br \/>&nbsp;<br \/>Product Name: One Piece Brickhead Franky<br \/>&nbsp;<br \/>Kateg\u00f3ria: Film<br \/>&nbsp;<br \/>This Kit Contains:&nbsp; HSANHE 11001-6<br \/>&nbsp;<br \/>137&nbsp; pcs Good Quality Bricks&nbsp;<br \/>&nbsp;<br \/>Size: 8.3 x 5 x 8.2 cm&nbsp;<br \/>&nbsp;<br \/>K\u00e9zi utas\u00edt\u00e1sok&nbsp;<br \/>&nbsp;<br \/>\ud83d\udcccA f\u0151szerepl\u0151 term\u00e9szete&nbsp;<br \/>&nbsp;<br \/>Introducing our proud collection named \u201cOne Piece Brickhead Franky\u201d you should not miss.&nbsp;<br \/>&nbsp;<br \/>Franky was born as Cutty Flam but adopted the name Franky after becoming a cyborg. He is originally from Water 7, a city known for its skilled shipbuilders. Franky serves as the Straw Hat Pirates&#8217; shipwright and is responsible for maintaining and upgrading their ship, the Thousand Sunny. He is a talented craftsman, inventor, and engineer.<\/div>","protected":false},"excerpt":{"rendered":"<p>M\u00e1rka: HSANHE<br \/>\nNem: Uniszex<br \/>\nKoroszt\u00e1ly: &gt; 6 \u00e9v<br \/>\nModel Number: 11001-6<br \/>\nBesorol\u00e1s: \u00d6sszeszerel\u00e9s<br \/>\nM\u0171anyag blokk forma: \u00f6nz\u00e1r\u00f3 t\u00e9gla<br \/>\nAnyaga: M\u0171anyag<br \/>\nM\u0171anyag t\u00edpus: ABS<br \/>\nBricks Blocks: 137 +<br \/>\nEredeti doboza nincs<\/p>","protected":false},"featured_media":52563,"comment_status":"open","ping_status":"closed","template":"","meta":{"_acf_changed":false},"product_cat":[1365,371,581,1408,1819],"product_tag":[5623,11072,8452,12827,434,1824],"class_list":["product","first","instock","shipping-taxable","purchasable","product-type-simple"],"acf":[],"_links":{"self":[{"href":"https:\/\/mouldking.store\/hu\/wp-json\/wp\/v2\/product\/52565","targetHints":{"allow":["GET"]}}],"collection":[{"href":"https:\/\/mouldking.store\/hu\/wp-json\/wp\/v2\/product"}],"about":[{"href":"https:\/\/mouldking.store\/hu\/wp-json\/wp\/v2\/types\/product"}],"replies":[{"embeddable":true,"href":"https:\/\/mouldking.store\/hu\/wp-json\/wp\/v2\/comments?post=52565"}],"wp:featuredmedia":[{"embeddable":true,"href":"https:\/\/mouldking.store\/hu\/wp-json\/wp\/v2\/media\/52563"}],"wp:attachment":[{"href":"https:\/\/mouldking.store\/hu\/wp-json\/wp\/v2\/media?parent=52565"}],"wp:term":[{"taxonomy":"product_cat","embeddable":true,"href":"https:\/\/mouldking.store\/hu\/wp-json\/wp\/v2\/product_cat?post=52565"},{"taxonomy":"product_tag","embeddable":true,"href":"https:\/\/mouldking.store\/hu\/wp-json\/wp\/v2\/product_tag?post=52565"}],"curies":[{"name":"wp","href":"https:\/\/api.w.org\/{rel}","templated":true}]}}