{"id":52568,"date":"2023-11-08T12:35:59","date_gmt":"2023-11-08T05:35:59","guid":{"rendered":"https:\/\/mouldking.store\/shop\/hsanhe-11001-7-one-piece-brickhead-usopp-with-178-pieces\/"},"modified":"2023-11-08T12:35:59","modified_gmt":"2023-11-08T05:35:59","slug":"hsanhe-11001-7-one-piece-brickhead-usopp-with-178-pieces","status":"publish","type":"product","link":"https:\/\/mouldking.store\/hu\/shop\/hsanhe-11001-7-one-piece-brickhead-usopp-with-178-pieces\/","title":{"rendered":"HSANHE 11001-7 One Piece Brickhead Usopp with 178 Pieces"},"content":{"rendered":"<div>\u2705HSANHE 11001-7 One Piece Brickhead Usopp<br \/>&nbsp;<br \/>\u2705Usopp, whose full name is Usopp &#8220;Sogeking&#8221; Yasopp, is a significant character in the manga and anime series &#8220;One Piece&#8221; created by Eiichiro Oda. He is a member of the Straw Hat Pirates, a diverse crew led by Monkey D. Luffy. Usopp serves as the crew&#8217;s sharpshooter and sniper, and he is known for his storytelling and imagination.&nbsp;<br \/>&nbsp;<br \/>\ud83d\udeab FONTOS!&nbsp;<br \/>&nbsp;<br \/>Product Name:&nbsp; One Piece Brickhead Usopp<br \/>&nbsp;<br \/>Kateg\u00f3ria: Film<br \/>&nbsp;<br \/>This Kit Contains: HSANHE 11001-7<br \/>&nbsp;<br \/>178 pcs Good Quality Bricks&nbsp;<br \/>&nbsp;<br \/>Size: 6.4 x 7\/8 x 8 cm&nbsp;<br \/>&nbsp;<br \/>K\u00e9zi utas\u00edt\u00e1sok&nbsp;<br \/>&nbsp;<br \/>\ud83d\udcccA f\u0151szerepl\u0151 term\u00e9szete&nbsp;<br \/>&nbsp;<br \/>Introducing our proud collection named \u201cOne Piece Brickhead Usopp\u201d you should not miss.&nbsp;<br \/>&nbsp;<br \/>Usopp is from the fictional village of Syrup Village in the East Blue. He is the son of Yasopp, a sharpshooter who is a member of the Red-Haired Pirates and is known for his precision with a rifle. Usopp is the Straw Hat Pirates&#8217; sharpshooter and sniper, using his remarkable aiming skills with a slingshot (known as the &#8220;Kabuto&#8221;) to support the crew in battles and other situations.<\/div>","protected":false},"excerpt":{"rendered":"<p>M\u00e1rka: HSANHE<br \/>\nNem: Uniszex<br \/>\nKoroszt\u00e1ly: &gt; 6 \u00e9v<br \/>\nModel Number: 11001-7<br \/>\nBesorol\u00e1s: \u00d6sszeszerel\u00e9s<br \/>\nM\u0171anyag blokk forma: \u00f6nz\u00e1r\u00f3 t\u00e9gla<br \/>\nAnyaga: M\u0171anyag<br \/>\nM\u0171anyag t\u00edpus: ABS<br \/>\nBricks Blocks: 178 +<br \/>\nEredeti doboza nincs<\/p>","protected":false},"featured_media":52566,"comment_status":"open","ping_status":"closed","template":"","meta":{"_acf_changed":false},"product_cat":[1365,371,581,1408,1819],"product_tag":[5623,11072,8452,434,1824,12828],"class_list":["product","first","instock","shipping-taxable","purchasable","product-type-simple"],"acf":[],"_links":{"self":[{"href":"https:\/\/mouldking.store\/hu\/wp-json\/wp\/v2\/product\/52568","targetHints":{"allow":["GET"]}}],"collection":[{"href":"https:\/\/mouldking.store\/hu\/wp-json\/wp\/v2\/product"}],"about":[{"href":"https:\/\/mouldking.store\/hu\/wp-json\/wp\/v2\/types\/product"}],"replies":[{"embeddable":true,"href":"https:\/\/mouldking.store\/hu\/wp-json\/wp\/v2\/comments?post=52568"}],"wp:featuredmedia":[{"embeddable":true,"href":"https:\/\/mouldking.store\/hu\/wp-json\/wp\/v2\/media\/52566"}],"wp:attachment":[{"href":"https:\/\/mouldking.store\/hu\/wp-json\/wp\/v2\/media?parent=52568"}],"wp:term":[{"taxonomy":"product_cat","embeddable":true,"href":"https:\/\/mouldking.store\/hu\/wp-json\/wp\/v2\/product_cat?post=52568"},{"taxonomy":"product_tag","embeddable":true,"href":"https:\/\/mouldking.store\/hu\/wp-json\/wp\/v2\/product_tag?post=52568"}],"curies":[{"name":"wp","href":"https:\/\/api.w.org\/{rel}","templated":true}]}}