{"id":52577,"date":"2023-11-08T12:37:39","date_gmt":"2023-11-08T05:37:39","guid":{"rendered":"https:\/\/mouldking.store\/shop\/hsanhe-11001-10-one-piece-brickhead-brook-with-156-pieces\/"},"modified":"2023-12-05T16:06:31","modified_gmt":"2023-12-05T09:06:31","slug":"hsanhe-11001-10-one-piece-brickhead-brook-with-156-pieces","status":"publish","type":"product","link":"https:\/\/mouldking.store\/hu\/shop\/hsanhe-11001-10-one-piece-brickhead-brook-with-156-pieces\/","title":{"rendered":"HSANHE 11001-10 One Piece Brickhead Brook with 156 Pieces"},"content":{"rendered":"<div>\u2705HSANHE 11001-10 One Piece Brickhead Brook<br \/>&nbsp;<br \/>\u2705Brook, whose full name is Brook &#8220;Soul King,&#8221; is a prominent character in the manga and anime series &#8220;One Piece,&#8221; created by Eiichiro Oda. He is a member of the Straw Hat Pirates, the crew led by Monkey D. Luffy. Brook is known for his unique appearance and abilities, as well as his musical talents.&nbsp;<br \/>&nbsp;<br \/>\ud83d\udeab FONTOS!&nbsp;<br \/>&nbsp;<br \/>Product Name: One Piece Brickhead Brook<br \/>&nbsp;<br \/>Kateg\u00f3ria: Film<br \/>&nbsp;<br \/>This Kit Contains: HSANHE 11001-10<br \/>&nbsp;<br \/>156 pcs Good Quality Bricks&nbsp;<br \/>&nbsp;<br \/>Size: 4.9 x 6.2 x 9.9 cm&nbsp;<br \/>&nbsp;<br \/>K\u00e9zi utas\u00edt\u00e1sok&nbsp;<br \/>&nbsp;<br \/>\ud83d\udcccA f\u0151szerepl\u0151 term\u00e9szete&nbsp;<br \/>&nbsp;<br \/>Introducing our proud collection named \u201cOne Piece Brickhead Brook\u201d you should not miss.&nbsp;<br \/>&nbsp;<br \/>Brook is a living skeleton due to the powers of the Yomi Yomi no Mi, a Paramecia-type Devil Fruit that allowed his soul to return to the living world after his death. Before his transformation, he was a human and a member of the Rumbar Pirates, a group of musicians. Brook is the Straw Hat Pirates&#8217; musician and plays the violin. His music and singing abilities are an integral part of the crew&#8217;s dynamics and have a range of effects on those who hear his songs.<\/div>","protected":false},"excerpt":{"rendered":"<p>M\u00e1rka: HSANHE<br \/>\nNem: Uniszex<br \/>\nKoroszt\u00e1ly: &gt; 6 \u00e9v<br \/>\nModel Number: 11001-10<br \/>\nBesorol\u00e1s: \u00d6sszeszerel\u00e9s<br \/>\nM\u0171anyag blokk forma: \u00f6nz\u00e1r\u00f3 t\u00e9gla<br \/>\nAnyaga: M\u0171anyag<br \/>\nM\u0171anyag t\u00edpus: ABS<br \/>\nBricks Blocks: 156 +<br \/>\nEredeti doboza nincs<\/p>","protected":false},"featured_media":52575,"comment_status":"open","ping_status":"closed","template":"","meta":{"_acf_changed":false},"product_cat":[581,1408,1819],"product_tag":[5623,12831,434,1824],"class_list":["product","first","outofstock","shipping-taxable","purchasable","product-type-simple"],"acf":[],"_links":{"self":[{"href":"https:\/\/mouldking.store\/hu\/wp-json\/wp\/v2\/product\/52577","targetHints":{"allow":["GET"]}}],"collection":[{"href":"https:\/\/mouldking.store\/hu\/wp-json\/wp\/v2\/product"}],"about":[{"href":"https:\/\/mouldking.store\/hu\/wp-json\/wp\/v2\/types\/product"}],"replies":[{"embeddable":true,"href":"https:\/\/mouldking.store\/hu\/wp-json\/wp\/v2\/comments?post=52577"}],"wp:featuredmedia":[{"embeddable":true,"href":"https:\/\/mouldking.store\/hu\/wp-json\/wp\/v2\/media\/52575"}],"wp:attachment":[{"href":"https:\/\/mouldking.store\/hu\/wp-json\/wp\/v2\/media?parent=52577"}],"wp:term":[{"taxonomy":"product_cat","embeddable":true,"href":"https:\/\/mouldking.store\/hu\/wp-json\/wp\/v2\/product_cat?post=52577"},{"taxonomy":"product_tag","embeddable":true,"href":"https:\/\/mouldking.store\/hu\/wp-json\/wp\/v2\/product_tag?post=52577"}],"curies":[{"name":"wp","href":"https:\/\/api.w.org\/{rel}","templated":true}]}}