{"id":52646,"date":"2023-11-08T12:53:32","date_gmt":"2023-11-08T05:53:32","guid":{"rendered":"https:\/\/mouldking.store\/shop\/forange-fc9306-engine-morph-with-594-pieces\/"},"modified":"2023-11-08T12:53:32","modified_gmt":"2023-11-08T05:53:32","slug":"forange-fc9306-engine-morph-with-594-pieces","status":"publish","type":"product","link":"https:\/\/mouldking.store\/hu\/shop\/forange-fc9306-engine-morph-with-594-pieces\/","title":{"rendered":"Forange FC9306 Engine-Morph with 594 Pieces"},"content":{"rendered":"<div>\u2705 Forange FC9306 Engine-Morph<br \/>&nbsp;<br \/>\ud83d\udeab FONTOS!&nbsp;<br \/>&nbsp;<br \/>Product Name: Engine-Morph<br \/>&nbsp;<br \/>Kateg\u00f3ria: M\u0171szaki<br \/>&nbsp;<br \/>This Kit Contains:&nbsp; Forange FC9306<br \/>&nbsp;<br \/>594 pcs Good Quality Bricks&nbsp;<br \/>&nbsp;<br \/>K\u00e9zi utas\u00edt\u00e1sok&nbsp;<br \/>&nbsp;<br \/>\ud83d\udcccA f\u0151szerepl\u0151 term\u00e9szete&nbsp;<br \/>&nbsp;<br \/>Introducing our proud collection named \u201cEngine-Morph\u201d you should not miss.&nbsp;<br \/>&nbsp;<br \/>Engine-Morph is a superbike, a robot, and a transformer-like feature that allows the vehicle to transform between two different forms.<\/div>","protected":false},"excerpt":{"rendered":"<p>M\u00e1rka: Forange<br \/>\nNem: Uniszex<br \/>\nKoroszt\u00e1ly: &gt; 6 \u00e9v<br \/>\nModel Number: FC9306<br \/>\nBesorol\u00e1s: \u00d6sszeszerel\u00e9s<br \/>\nM\u0171anyag blokk forma: \u00f6nz\u00e1r\u00f3 t\u00e9gla<br \/>\nAnyaga: M\u0171anyag<br \/>\nM\u0171anyag t\u00edpus: ABS<br \/>\nBricks Blocks: 594 +<br \/>\nEredeti doboza nincs<\/p>","protected":false},"featured_media":52638,"comment_status":"open","ping_status":"closed","template":"","meta":{"_acf_changed":false},"product_cat":[1357,364],"product_tag":[10493,12682,2449,389,11080],"class_list":["product","first","instock","shipping-taxable","purchasable","product-type-simple"],"acf":[],"_links":{"self":[{"href":"https:\/\/mouldking.store\/hu\/wp-json\/wp\/v2\/product\/52646","targetHints":{"allow":["GET"]}}],"collection":[{"href":"https:\/\/mouldking.store\/hu\/wp-json\/wp\/v2\/product"}],"about":[{"href":"https:\/\/mouldking.store\/hu\/wp-json\/wp\/v2\/types\/product"}],"replies":[{"embeddable":true,"href":"https:\/\/mouldking.store\/hu\/wp-json\/wp\/v2\/comments?post=52646"}],"wp:featuredmedia":[{"embeddable":true,"href":"https:\/\/mouldking.store\/hu\/wp-json\/wp\/v2\/media\/52638"}],"wp:attachment":[{"href":"https:\/\/mouldking.store\/hu\/wp-json\/wp\/v2\/media?parent=52646"}],"wp:term":[{"taxonomy":"product_cat","embeddable":true,"href":"https:\/\/mouldking.store\/hu\/wp-json\/wp\/v2\/product_cat?post=52646"},{"taxonomy":"product_tag","embeddable":true,"href":"https:\/\/mouldking.store\/hu\/wp-json\/wp\/v2\/product_tag?post=52646"}],"curies":[{"name":"wp","href":"https:\/\/api.w.org\/{rel}","templated":true}]}}