{"id":52653,"date":"2023-11-08T12:53:52","date_gmt":"2023-11-08T05:53:52","guid":{"rendered":"https:\/\/mouldking.store\/shop\/decool-jisi-33016-telecontrol-truck-with-motor-with-3655-pieces\/"},"modified":"2023-11-08T12:53:52","modified_gmt":"2023-11-08T05:53:52","slug":"decool-jisi-33016-telecontrol-truck-with-motor-with-3655-pieces","status":"publish","type":"product","link":"https:\/\/mouldking.store\/hu\/shop\/decool-jisi-33016-telecontrol-truck-with-motor-with-3655-pieces\/","title":{"rendered":"DECOOL \/ JiSi 33016 Teleszk\u00f3pos Teheraut\u00f3 Motorral, 3655 Darabos"},"content":{"rendered":"<div>\u2705Decool 33016 Telecontrol Truck With Motor<br \/>&nbsp;<br \/>\u2705A &#8220;telecontrol truck&#8221; typically refers to a remote-controlled or teleoperated truck, often used in various industrial, commercial, or specialized applications where remote control is required for safety, efficiency, or access reasons. These remote-controlled trucks can vary significantly in size and purpose.&nbsp;<br \/>&nbsp;<br \/>\ud83d\udeab FONTOS!&nbsp;<br \/>&nbsp;<br \/>Product Name: Telecontrol Truck With Motor<br \/>&nbsp;<br \/>Kateg\u00f3ria: M\u0171szaki&nbsp;<br \/>&nbsp;<br \/>This Kit Contains: Decool 33016<br \/>&nbsp;<br \/>3655 pcs Good Quality Bricks&nbsp;<br \/>&nbsp;<br \/>Size: 53.6 x 26.1 x 31.9 cm&nbsp;<br \/>&nbsp;<br \/>K\u00e9zi utas\u00edt\u00e1sok&nbsp;<br \/>&nbsp;<br \/>\ud83d\udcccA f\u0151szerepl\u0151 term\u00e9szete&nbsp;<br \/>&nbsp;<br \/>Introducing our proud collection named \u201cTelecontrol Truck With Motor\u201d you should not miss.&nbsp;<br \/>&nbsp;<br \/>In industries like mining and construction, large trucks, such as dump trucks, haul trucks, or excavation vehicles, may be equipped with remote control systems to operate in dangerous or challenging environments without putting human operators at risk. The military uses telecontrolled trucks for logistics, transportation, and explosive ordnance disposal (EOD) tasks. These trucks are operated remotely for safety and security reasons. Telecontrolled trucks are used in scientific research, such as planetary exploration on other planets or in hazardous environments like nuclear facilities.<\/div>","protected":false},"excerpt":{"rendered":"<p>M\u00e1rka: DECOOL \/ JiSi<br \/>\nNem: Uniszex<br \/>\nKoroszt\u00e1ly: 8 \u00e9v felett<br \/>\nModel Number: 33016<br \/>\nBesorol\u00e1s: \u00d6sszeszerel\u00e9s<br \/>\nM\u0171anyag blokk forma: \u00f6nz\u00e1r\u00f3 t\u00e9gla<br \/>\nAnyaga: M\u0171anyag<br \/>\nM\u0171anyag t\u00edpus: ABS<br \/>\nBricks Blocks: 3655 +<br \/>\nEredeti doboza nincs<\/p>","protected":false},"featured_media":52643,"comment_status":"open","ping_status":"closed","template":"","meta":{"_acf_changed":false},"product_cat":[1357,364],"product_tag":[389,11080,12848,466],"class_list":["product","first","instock","shipping-taxable","purchasable","product-type-simple"],"acf":[],"_links":{"self":[{"href":"https:\/\/mouldking.store\/hu\/wp-json\/wp\/v2\/product\/52653","targetHints":{"allow":["GET"]}}],"collection":[{"href":"https:\/\/mouldking.store\/hu\/wp-json\/wp\/v2\/product"}],"about":[{"href":"https:\/\/mouldking.store\/hu\/wp-json\/wp\/v2\/types\/product"}],"replies":[{"embeddable":true,"href":"https:\/\/mouldking.store\/hu\/wp-json\/wp\/v2\/comments?post=52653"}],"wp:featuredmedia":[{"embeddable":true,"href":"https:\/\/mouldking.store\/hu\/wp-json\/wp\/v2\/media\/52643"}],"wp:attachment":[{"href":"https:\/\/mouldking.store\/hu\/wp-json\/wp\/v2\/media?parent=52653"}],"wp:term":[{"taxonomy":"product_cat","embeddable":true,"href":"https:\/\/mouldking.store\/hu\/wp-json\/wp\/v2\/product_cat?post=52653"},{"taxonomy":"product_tag","embeddable":true,"href":"https:\/\/mouldking.store\/hu\/wp-json\/wp\/v2\/product_tag?post=52653"}],"curies":[{"name":"wp","href":"https:\/\/api.w.org\/{rel}","templated":true}]}}