{"id":52670,"date":"2023-11-08T12:54:50","date_gmt":"2023-11-08T05:54:50","guid":{"rendered":"https:\/\/mouldking.store\/shop\/jiestar-jj9028-a-midsummers-promise-with-976-pieces\/"},"modified":"2023-11-08T12:54:50","modified_gmt":"2023-11-08T05:54:50","slug":"jiestar-jj9028-a-midsummers-promise-with-976-pieces","status":"publish","type":"product","link":"https:\/\/mouldking.store\/hu\/shop\/jiestar-jj9028-a-midsummers-promise-with-976-pieces\/","title":{"rendered":"JIESTAR JJ9028 A Midsummer&#8217;s Promise with 976 Pieces"},"content":{"rendered":"<div>\u2705 JIESTAR JJ9028 A Midsummer&#8217;s Promise<br \/>&nbsp;<br \/>\u2705The &#8220;A Midsummer&#8217;s Promise Botanical Collection&#8221; appears to be a specific collection of botanical specimens, possibly consisting of flowers, plants, or other natural elements gathered during the midsummer season. Botanical collections are often curated for various purposes, including scientific research, educational purposes, or simply for the appreciation of the beauty and diversity of plant life.<br \/>&nbsp;<br \/>\ud83d\udeab FONTOS!&nbsp;<br \/>&nbsp;<br \/>Product Name: A Midsummer&#8217;s Promise<br \/>&nbsp;<br \/>Kateg\u00f3ria: Alkot\u00f3&nbsp;<br \/>&nbsp;<br \/>This Kit Contains: JIESTAR JJ9028<br \/>&nbsp;<br \/>976 pcs Good Quality Bricks&nbsp;<br \/>&nbsp;<br \/>Size: 32 cm&nbsp;<br \/>&nbsp;<br \/>K\u00e9zi utas\u00edt\u00e1sok&nbsp;<br \/>&nbsp;<br \/>\ud83d\udcccA f\u0151szerepl\u0151 term\u00e9szete&nbsp;<br \/>&nbsp;<br \/>Introducing our proud collection named \u201cA Midsummer&#8217;s Promise\u201d you should not miss.&nbsp;<\/p>\n<p>&nbsp;This collection may include pressed or preserved plants, flowers, seeds, or other botanical samples that are typically identified, documented, and presented for study or display. Botanical collections can serve various functions, such as botanical research, educational resources, or as a hobby for plant enthusiasts and nature lovers.<\/p><\/div>","protected":false},"excerpt":{"rendered":"<p>M\u00e1rka: JIESTAR<br \/>\nNem: Uniszex<br \/>\nKoroszt\u00e1ly: &gt; 6 \u00e9v<br \/>\nModel Number: JJ9028<br \/>\nBesorol\u00e1s: \u00d6sszeszerel\u00e9s<br \/>\nM\u0171anyag blokk forma: \u00f6nz\u00e1r\u00f3 t\u00e9gla<br \/>\nAnyaga: M\u0171anyag<br \/>\nM\u0171anyag t\u00edpus: ABS<br \/>\nBricks Blocks: 976 +<br \/>\nEredeti doboza nincs<\/p>","protected":false},"featured_media":52660,"comment_status":"open","ping_status":"closed","template":"","meta":{"_acf_changed":false},"product_cat":[1365,371],"product_tag":[7571,11072,8452,12853,12851,12852],"class_list":["product","first","instock","shipping-taxable","purchasable","product-type-simple"],"acf":[],"_links":{"self":[{"href":"https:\/\/mouldking.store\/hu\/wp-json\/wp\/v2\/product\/52670","targetHints":{"allow":["GET"]}}],"collection":[{"href":"https:\/\/mouldking.store\/hu\/wp-json\/wp\/v2\/product"}],"about":[{"href":"https:\/\/mouldking.store\/hu\/wp-json\/wp\/v2\/types\/product"}],"replies":[{"embeddable":true,"href":"https:\/\/mouldking.store\/hu\/wp-json\/wp\/v2\/comments?post=52670"}],"wp:featuredmedia":[{"embeddable":true,"href":"https:\/\/mouldking.store\/hu\/wp-json\/wp\/v2\/media\/52660"}],"wp:attachment":[{"href":"https:\/\/mouldking.store\/hu\/wp-json\/wp\/v2\/media?parent=52670"}],"wp:term":[{"taxonomy":"product_cat","embeddable":true,"href":"https:\/\/mouldking.store\/hu\/wp-json\/wp\/v2\/product_cat?post=52670"},{"taxonomy":"product_tag","embeddable":true,"href":"https:\/\/mouldking.store\/hu\/wp-json\/wp\/v2\/product_tag?post=52670"}],"curies":[{"name":"wp","href":"https:\/\/api.w.org\/{rel}","templated":true}]}}