{"id":52734,"date":"2023-11-08T18:35:02","date_gmt":"2023-11-08T11:35:02","guid":{"rendered":"https:\/\/mouldking.store\/shop\/kaido-kd99011-little-dragon-snowman-lucky-bag-christmas-with-300-pieces\/"},"modified":"2023-11-08T18:35:02","modified_gmt":"2023-11-08T11:35:02","slug":"kaido-kd99011-little-dragon-snowman-lucky-bag-christmas-with-300-pieces","status":"publish","type":"product","link":"https:\/\/mouldking.store\/hu\/shop\/kaido-kd99011-little-dragon-snowman-lucky-bag-christmas-with-300-pieces\/","title":{"rendered":"KAIDO KD99011 Little Dragon Snowman Lucky Bag Christmas with 300 Pieces"},"content":{"rendered":"<div>\u2705 Kaido KD99011 Little Dragon Snowman Lucky Bag Christmas<br \/>&nbsp;<br \/>\u2705A &#8220;Little Dragon Snowman Lucky Bag Christmas&#8221; is likely a holiday-themed lucky bag or lucky dip bag with a snowman or Christmas theme, and it may include a variety of small surprises or items.<br \/>&nbsp;<br \/>\ud83d\udeab FONTOS!&nbsp;<br \/>&nbsp;<br \/>Product Name: Little Dragon Snowman Lucky Bag Christmas<br \/>&nbsp;<br \/>Kateg\u00f3ria: Alkot\u00f3&nbsp;<br \/>&nbsp;<br \/>This Kit Contains:&nbsp; Kaido KD99011<br \/>&nbsp;<br \/>300 pcs Good Quality Bricks&nbsp;<br \/>&nbsp;<br \/>Size:&nbsp; 14.5 \u00d7 12.2 \u00d7 17.2 cm<br \/>&nbsp;<br \/>K\u00e9zi utas\u00edt\u00e1sok&nbsp;<br \/>&nbsp;<br \/>\ud83d\udcccA f\u0151szerepl\u0151 term\u00e9szete&nbsp;<br \/>&nbsp;<br \/>Introducing our proud collection named \u201cLittle Dragon Snowman Lucky Bag Christmas\u201d you should not miss.&nbsp;<br \/>&nbsp;<br \/>In many cultures, &#8220;lucky bags&#8221; or &#8220;lucky dip bags&#8221; are a tradition during the holiday season or other festive occasions. These bags are typically filled with random, surprise items, often wrapped or packaged in a way that adds an element of surprise and excitement. Lucky bags are known for their element of surprise, so the exact contents can differ from bag to bag. You might get different items compared to someone else who purchases a similar bag.<\/div>","protected":false},"excerpt":{"rendered":"<p>Brand: KAIDO<br \/>\nNem: Uniszex<br \/>\nKoroszt\u00e1ly: 8 \u00e9v felett<br \/>\nModel Number: KD99011<br \/>\nBesorol\u00e1s: \u00d6sszeszerel\u00e9s<br \/>\nM\u0171anyag blokk forma: \u00f6nz\u00e1r\u00f3 t\u00e9gla<br \/>\nAnyaga: M\u0171anyag<br \/>\nM\u0171anyag t\u00edpus: ABS<br \/>\nBricks Blocks: 300 +<br \/>\nEredeti doboza nincs<\/p>","protected":false},"featured_media":52728,"comment_status":"open","ping_status":"closed","template":"","meta":{"_acf_changed":false},"product_cat":[1365,371],"product_tag":[11314,1066,11072,8452,1771,12792,4947],"class_list":["product","first","instock","shipping-taxable","purchasable","product-type-simple"],"acf":[],"_links":{"self":[{"href":"https:\/\/mouldking.store\/hu\/wp-json\/wp\/v2\/product\/52734","targetHints":{"allow":["GET"]}}],"collection":[{"href":"https:\/\/mouldking.store\/hu\/wp-json\/wp\/v2\/product"}],"about":[{"href":"https:\/\/mouldking.store\/hu\/wp-json\/wp\/v2\/types\/product"}],"replies":[{"embeddable":true,"href":"https:\/\/mouldking.store\/hu\/wp-json\/wp\/v2\/comments?post=52734"}],"wp:featuredmedia":[{"embeddable":true,"href":"https:\/\/mouldking.store\/hu\/wp-json\/wp\/v2\/media\/52728"}],"wp:attachment":[{"href":"https:\/\/mouldking.store\/hu\/wp-json\/wp\/v2\/media?parent=52734"}],"wp:term":[{"taxonomy":"product_cat","embeddable":true,"href":"https:\/\/mouldking.store\/hu\/wp-json\/wp\/v2\/product_cat?post=52734"},{"taxonomy":"product_tag","embeddable":true,"href":"https:\/\/mouldking.store\/hu\/wp-json\/wp\/v2\/product_tag?post=52734"}],"curies":[{"name":"wp","href":"https:\/\/api.w.org\/{rel}","templated":true}]}}