{"id":52814,"date":"2023-11-09T12:36:17","date_gmt":"2023-11-09T05:36:17","guid":{"rendered":"https:\/\/mouldking.store\/shop\/lwck-7069-automobile-robot-bumblebee-with-927-pieces\/"},"modified":"2023-11-09T12:36:17","modified_gmt":"2023-11-09T05:36:17","slug":"lwck-7069-automobile-robot-bumblebee-with-927-pieces","status":"publish","type":"product","link":"https:\/\/mouldking.store\/hu\/shop\/lwck-7069-automobile-robot-bumblebee-with-927-pieces\/","title":{"rendered":"LWCK 7069 Automobile Robot Bumblebee with 927 Pieces"},"content":{"rendered":"<div>\u2705LWCK 7069 Automobile Robot Bumblebee<br \/>&nbsp;<br \/>\u2705Bumblebee is a fictional character from the Transformers franchise, which features shape-shifting robots that can transform into various vehicles, including automobiles. Bumblebee is one of the Autobots, the heroic faction of these robots, and he is known for his friendly and approachable personality.<br \/>&nbsp;<br \/>\ud83d\udeab FONTOS!&nbsp;<br \/>&nbsp;<br \/>Product Name: Automobile Robot Bumblebee<br \/>&nbsp;<br \/>Kateg\u00f3ria: Film<br \/>&nbsp;<br \/>This Kit Contains: LWCK 7069<br \/>&nbsp;<br \/>927 pcs Good Quality Bricks&nbsp;<br \/>&nbsp;<br \/>Size:16.6 x 3 x 28.7cm&nbsp;<br \/>&nbsp;<br \/>K\u00e9zi utas\u00edt\u00e1sok&nbsp;<br \/>&nbsp;<br \/>\ud83d\udcccA f\u0151szerepl\u0151 term\u00e9szete&nbsp;<br \/>&nbsp;<br \/>Introducing our proud collection named \u201cAutomobile Robot Bumblebee\u201d you should not miss.&nbsp;<br \/>&nbsp;&nbsp;<br \/>In most Transformers adaptations, Bumblebee typically takes the form of a yellow or gold-colored compact car. The specific car model he transforms into can vary depending on the version of the franchise and the storyline. Bumblebee is one of the most popular and enduring characters in the Transformers franchise, known for his loyalty, bravery, and iconic design. His ability to transform into a car or other vehicles is a central part of the Transformers concept, where the robots have the ability to disguise themselves as everyday vehicles while retaining their powerful robot forms for battle.<\/div>","protected":false},"excerpt":{"rendered":"<p>Brand: LWCK<br \/>\nNem: Uniszex<br \/>\nKoroszt\u00e1ly: &gt; 6 \u00e9v<br \/>\nModel Number: 7069<br \/>\nBesorol\u00e1s: \u00d6sszeszerel\u00e9s<br \/>\nM\u0171anyag blokk forma: \u00f6nz\u00e1r\u00f3 t\u00e9gla<br \/>\nAnyaga: M\u0171anyag<br \/>\nM\u0171anyag t\u00edpus: ABS<br \/>\nBricks Blocks: 927 +<br \/>\nEredeti doboza nincs<\/p>","protected":false},"featured_media":52804,"comment_status":"open","ping_status":"closed","template":"","meta":{"_acf_changed":false},"product_cat":[1365,371,581,1408],"product_tag":[12861,6798,11072,8452,434,590],"class_list":["product","first","instock","shipping-taxable","purchasable","product-type-simple"],"acf":[],"_links":{"self":[{"href":"https:\/\/mouldking.store\/hu\/wp-json\/wp\/v2\/product\/52814","targetHints":{"allow":["GET"]}}],"collection":[{"href":"https:\/\/mouldking.store\/hu\/wp-json\/wp\/v2\/product"}],"about":[{"href":"https:\/\/mouldking.store\/hu\/wp-json\/wp\/v2\/types\/product"}],"replies":[{"embeddable":true,"href":"https:\/\/mouldking.store\/hu\/wp-json\/wp\/v2\/comments?post=52814"}],"wp:featuredmedia":[{"embeddable":true,"href":"https:\/\/mouldking.store\/hu\/wp-json\/wp\/v2\/media\/52804"}],"wp:attachment":[{"href":"https:\/\/mouldking.store\/hu\/wp-json\/wp\/v2\/media?parent=52814"}],"wp:term":[{"taxonomy":"product_cat","embeddable":true,"href":"https:\/\/mouldking.store\/hu\/wp-json\/wp\/v2\/product_cat?post=52814"},{"taxonomy":"product_tag","embeddable":true,"href":"https:\/\/mouldking.store\/hu\/wp-json\/wp\/v2\/product_tag?post=52814"}],"curies":[{"name":"wp","href":"https:\/\/api.w.org\/{rel}","templated":true}]}}