{"id":52945,"date":"2023-11-21T18:29:38","date_gmt":"2023-11-21T11:29:38","guid":{"rendered":"https:\/\/mouldking.store\/shop\/moc-factory-161019-m52x-u-wing-starfighter-with-1050-pieces\/"},"modified":"2025-12-16T20:59:18","modified_gmt":"2025-12-16T13:59:18","slug":"moc-factory-161019-m52x-u-wing-starfighter-with-1050-pieces","status":"publish","type":"product","link":"https:\/\/mouldking.store\/hu\/shop\/moc-factory-161019-m52x-u-wing-starfighter-with-1050-pieces\/","title":{"rendered":"MOC Factory 161019 M52X U Wing Starfighter with 1050 Pieces"},"content":{"rendered":"<div>\u2705MOC-161019 M52X U Wing Starfighter<\/p>\n<p>\u2705The U-wing is a versatile starfighter and troop transport used by the Rebel Alliance. It is equipped for both air-to-ground and air-to-air combat, making it a valuable asset for the Rebellion.<\/p>\n<p>\ud83d\udeab FONTOS!<\/p>\n<p>Product Name: M52X U Wing Starfighter<\/p>\n<p>Kateg\u00f3ria: Star Wars<\/p>\n<p>This Kit Contains: C9840<\/p>\n<p>1050 pcs Good Quality Bricks<\/p>\n<p>Size: 28 x 12 x 16 cm<\/p>\n<p>Weight: 0.51 kg<\/p>\n<p>PDF \u00datmutat\u00f3<\/p>\n<p>\ud83d\udcccA f\u0151szerepl\u0151 term\u00e9szete<\/p>\n<p>Introducing our proud collection named \u201cM52X U Wing Starfighter\u201d you should not miss.<\/p>\n<p>The U-wing has a distinctive design with its swing-wing configuration. In flight, its wings are extended for stability and combat. When landing or in tight spaces, the wings can be folded to a more compact position. The U-wing serves as a troop transport, capable of carrying Rebel soldiers into battle. It also has weapons for dogfights and air support.<\/p><\/div>","protected":false},"excerpt":{"rendered":"<p>M\u00e1rka: MOC Factory<br \/>\nNem: Uniszex<br \/>\nKoroszt\u00e1ly: 8 \u00e9v felett<br \/>\nModel Number: 161019<br \/>\nBesorol\u00e1s: \u00d6sszeszerel\u00e9s<br \/>\nM\u0171anyag blokk forma: \u00f6nz\u00e1r\u00f3 t\u00e9gla<br \/>\nAnyaga: M\u0171anyag<br \/>\nM\u0171anyag t\u00edpus: ABS<br \/>\nBricks Blocks: 1050 +<br \/>\nEredeti doboza nincs<\/p>","protected":false},"featured_media":52929,"comment_status":"open","ping_status":"closed","template":"","meta":{"_acf_changed":false},"product_cat":[1357,581,6016,415,364,1408],"product_tag":[12872,434,2276,436,11247,389,12873],"class_list":["product","first","instock","shipping-taxable","purchasable","product-type-simple"],"acf":[],"_links":{"self":[{"href":"https:\/\/mouldking.store\/hu\/wp-json\/wp\/v2\/product\/52945","targetHints":{"allow":["GET"]}}],"collection":[{"href":"https:\/\/mouldking.store\/hu\/wp-json\/wp\/v2\/product"}],"about":[{"href":"https:\/\/mouldking.store\/hu\/wp-json\/wp\/v2\/types\/product"}],"replies":[{"embeddable":true,"href":"https:\/\/mouldking.store\/hu\/wp-json\/wp\/v2\/comments?post=52945"}],"wp:featuredmedia":[{"embeddable":true,"href":"https:\/\/mouldking.store\/hu\/wp-json\/wp\/v2\/media\/52929"}],"wp:attachment":[{"href":"https:\/\/mouldking.store\/hu\/wp-json\/wp\/v2\/media?parent=52945"}],"wp:term":[{"taxonomy":"product_cat","embeddable":true,"href":"https:\/\/mouldking.store\/hu\/wp-json\/wp\/v2\/product_cat?post=52945"},{"taxonomy":"product_tag","embeddable":true,"href":"https:\/\/mouldking.store\/hu\/wp-json\/wp\/v2\/product_tag?post=52945"}],"curies":[{"name":"wp","href":"https:\/\/api.w.org\/{rel}","templated":true}]}}