{"id":53034,"date":"2023-11-21T18:39:51","date_gmt":"2023-11-21T11:39:51","guid":{"rendered":"https:\/\/mouldking.store\/shop\/small-angle-jd014-machinery-scorpion-with-468-pieces\/"},"modified":"2023-11-21T18:39:51","modified_gmt":"2023-11-21T11:39:51","slug":"small-angle-jd014-machinery-scorpion-with-468-pieces","status":"publish","type":"product","link":"https:\/\/mouldking.store\/hu\/shop\/small-angle-jd014-machinery-scorpion-with-468-pieces\/","title":{"rendered":"Small Angle JD014 Machinery Scorpion with 468 Pieces"},"content":{"rendered":"<div>\u2705 Small Angle JD014 Machinery Scorpion<br \/>&nbsp;<br \/>\u2705A scorpion is an arachnid characterized by its distinctive appearance, including a pair of grasping claws and a segmented tail with a venomous stinger. Scorpions are found in various parts of the world and are known for their predatory behavior.<br \/>&nbsp;<br \/>\ud83d\udeab FONTOS!&nbsp;<br \/>&nbsp;<br \/>Product Name: Machinery Scorpion<br \/>&nbsp;<br \/>Kateg\u00f3ria: Alkot\u00f3&nbsp;<br \/>&nbsp;<br \/>This Kit Contains:&nbsp; Small Angle JD014<br \/>&nbsp;<br \/>468 pcs Good Quality Bricks&nbsp;<br \/>&nbsp;<br \/>Size:&nbsp; 18 \u00d7 17 \u00d7 15.2 cm<br \/>&nbsp;<br \/>K\u00e9zi utas\u00edt\u00e1sok&nbsp;<br \/>&nbsp;<br \/>\ud83d\udcccA f\u0151szerepl\u0151 term\u00e9szete&nbsp;<br \/>&nbsp;<br \/>Introducing our proud collection named \u201cMachinery Scorpion\u201d you should not miss.&nbsp;<br \/>&nbsp;<br \/>In industrial or engineering contexts, the term &#8220;Scorpion&#8221; might be used for specific types of machinery, tools, or equipment. This could include things like robotic arms, vehicles, or other devices with scorpion-like features.&nbsp;<\/div>","protected":false},"excerpt":{"rendered":"<p>Brand: Small Angle<br \/>\nNem: Uniszex<br \/>\nKoroszt\u00e1ly: &gt; 6 \u00e9v<br \/>\nModel Number: JD014<br \/>\nBesorol\u00e1s: \u00d6sszeszerel\u00e9s<br \/>\nM\u0171anyag blokk forma: \u00f6nz\u00e1r\u00f3 t\u00e9gla<br \/>\nAnyaga: M\u0171anyag<br \/>\nM\u0171anyag t\u00edpus: ABS<br \/>\nBricks Blocks: 468 +<br \/>\nEredeti doboza nincs<\/p>","protected":false},"featured_media":53029,"comment_status":"open","ping_status":"closed","template":"","meta":{"_acf_changed":false},"product_cat":[1365,1357,364],"product_tag":[8452,6310,12883,389],"class_list":["product","first","instock","shipping-taxable","purchasable","product-type-simple"],"acf":[],"_links":{"self":[{"href":"https:\/\/mouldking.store\/hu\/wp-json\/wp\/v2\/product\/53034","targetHints":{"allow":["GET"]}}],"collection":[{"href":"https:\/\/mouldking.store\/hu\/wp-json\/wp\/v2\/product"}],"about":[{"href":"https:\/\/mouldking.store\/hu\/wp-json\/wp\/v2\/types\/product"}],"replies":[{"embeddable":true,"href":"https:\/\/mouldking.store\/hu\/wp-json\/wp\/v2\/comments?post=53034"}],"wp:featuredmedia":[{"embeddable":true,"href":"https:\/\/mouldking.store\/hu\/wp-json\/wp\/v2\/media\/53029"}],"wp:attachment":[{"href":"https:\/\/mouldking.store\/hu\/wp-json\/wp\/v2\/media?parent=53034"}],"wp:term":[{"taxonomy":"product_cat","embeddable":true,"href":"https:\/\/mouldking.store\/hu\/wp-json\/wp\/v2\/product_cat?post=53034"},{"taxonomy":"product_tag","embeddable":true,"href":"https:\/\/mouldking.store\/hu\/wp-json\/wp\/v2\/product_tag?post=53034"}],"curies":[{"name":"wp","href":"https:\/\/api.w.org\/{rel}","templated":true}]}}