{"id":53078,"date":"2023-11-21T18:41:22","date_gmt":"2023-11-21T11:41:22","guid":{"rendered":"https:\/\/mouldking.store\/shop\/moc-factory-148241-elden-ring-church-of-elleh-with-2602-pieces\/"},"modified":"2025-12-16T20:59:17","modified_gmt":"2025-12-16T13:59:17","slug":"moc-factory-148241-elden-ring-church-of-elleh-with-2602-pieces","status":"publish","type":"product","link":"https:\/\/mouldking.store\/hu\/shop\/moc-factory-148241-elden-ring-church-of-elleh-with-2602-pieces\/","title":{"rendered":"MOC Factory 148241 Elden Ring Church of Elleh with 2602 Pieces"},"content":{"rendered":"<div>\u2705MOC-148241 Elden Ring Church of Elleh<\/p>\n<p>\u2705Church of Elleh is a Location in Elden Ring. The Church of Elleh is found in Western Limgrave. Players will find it by heading north from the first Site of Grace available. This is an important checkpoint for the player as it features a merchant and weapon upgrade table.<\/p>\n<p>\ud83d\udeab FONTOS!<\/p>\n<p>Product Name: Elden Ring Church of Elleh<\/p>\n<p>Kateg\u00f3ria: Modul\u00e1ris \u00e9p\u00fclet<\/p>\n<p>This Kit Contains: C9741<\/p>\n<p>2602&nbsp; pcs Good Quality Bricks<\/p>\n<p>Size: 40 x 36 x 40 cm<\/p>\n<p>Weight: 1.81 kg<\/p>\n<p>PDF \u00datmutat\u00f3<\/p>\n<p>\ud83d\udcccA f\u0151szerepl\u0151 term\u00e9szete<\/p>\n<p>Introducing our proud collection named \u201cElden Ring Church of Elleh\u201d you should not miss.<\/p>\n<p>Elden Ring is an action role-playing game developed by FromSoftware and published by Bandai Namco Entertainment. &nbsp;<\/p><\/div>","protected":false},"excerpt":{"rendered":"<p>M\u00e1rka: MOC Factory<br \/>\nNem: Uniszex<br \/>\nKoroszt\u00e1ly: 8 \u00e9v felett<br \/>\nModel Number: 148241<br \/>\nBesorol\u00e1s: \u00d6sszeszerel\u00e9s<br \/>\nM\u0171anyag blokk forma: \u00f6nz\u00e1r\u00f3 t\u00e9gla<br \/>\nAnyaga: M\u0171anyag<br \/>\nM\u0171anyag t\u00edpus: ABS<br \/>\nBricks Blocks: 2602 +<br \/>\nEredeti doboza nincs<\/p>","protected":false},"featured_media":53056,"comment_status":"open","ping_status":"closed","template":"","meta":{"_acf_changed":false},"product_cat":[1365,1395,371,390],"product_tag":[4977,11072,8452,12890,392,12891],"class_list":["product","first","instock","shipping-taxable","purchasable","product-type-simple"],"acf":[],"_links":{"self":[{"href":"https:\/\/mouldking.store\/hu\/wp-json\/wp\/v2\/product\/53078","targetHints":{"allow":["GET"]}}],"collection":[{"href":"https:\/\/mouldking.store\/hu\/wp-json\/wp\/v2\/product"}],"about":[{"href":"https:\/\/mouldking.store\/hu\/wp-json\/wp\/v2\/types\/product"}],"replies":[{"embeddable":true,"href":"https:\/\/mouldking.store\/hu\/wp-json\/wp\/v2\/comments?post=53078"}],"wp:featuredmedia":[{"embeddable":true,"href":"https:\/\/mouldking.store\/hu\/wp-json\/wp\/v2\/media\/53056"}],"wp:attachment":[{"href":"https:\/\/mouldking.store\/hu\/wp-json\/wp\/v2\/media?parent=53078"}],"wp:term":[{"taxonomy":"product_cat","embeddable":true,"href":"https:\/\/mouldking.store\/hu\/wp-json\/wp\/v2\/product_cat?post=53078"},{"taxonomy":"product_tag","embeddable":true,"href":"https:\/\/mouldking.store\/hu\/wp-json\/wp\/v2\/product_tag?post=53078"}],"curies":[{"name":"wp","href":"https:\/\/api.w.org\/{rel}","templated":true}]}}