{"id":53119,"date":"2023-11-21T18:41:59","date_gmt":"2023-11-21T11:41:59","guid":{"rendered":"https:\/\/mouldking.store\/shop\/moc-factory-89212-stumble-guys-mini-set-with-205-pieces\/"},"modified":"2025-12-16T20:59:17","modified_gmt":"2025-12-16T13:59:17","slug":"moc-factory-89212-stumble-guys-mini-set-with-205-pieces","status":"publish","type":"product","link":"https:\/\/mouldking.store\/hu\/shop\/moc-factory-89212-stumble-guys-mini-set-with-205-pieces\/","title":{"rendered":"MOC Factory 89212 Stumble Guys Mini Set with 205 Pieces"},"content":{"rendered":"<div>\u2705 MOC-89212 Stumble Guys Mini Set<\/p>\n<p>\u2705Stumble Guys is a battle royale-style party game where players control customizable, clumsy characters through obstacle courses and challenges.<\/p>\n<p>\ud83d\udeab FONTOS!<\/p>\n<p>Product Name: Stumble Guys Mini Set<\/p>\n<p>Kateg\u00f3ria: Film<\/p>\n<p>This Kit Contains: C9813<\/p>\n<p>205 pcs Good Quality Bricks<\/p>\n<p>Size:&nbsp; 4.8 x 7 x 8.4 cm<\/p>\n<p>S\u00faly: 0,09 kg<\/p>\n<p>PDF \u00datmutat\u00f3<\/p>\n<p>\ud83d\udcccA f\u0151szerepl\u0151 term\u00e9szete<\/p>\n<p>Introducing our proud collection named \u201cStumble Guys Mini Set\u201d you should not miss.<\/p>\n<p>Players compete against each other in real-time to navigate through chaotic obstacle courses, avoiding obstacles, overcoming challenges, and racing to the finish line. The game features a variety of obstacle courses, each presenting unique challenges. Courses may include platforms, moving obstacles, jumps, and other interactive elements.Players can customize their characters with various outfits, colors, and accessories to distinguish themselves from other players.<\/p><\/div>","protected":false},"excerpt":{"rendered":"<p>M\u00e1rka: MOC Factory<br \/>\nNem: Uniszex<br \/>\nKoroszt\u00e1ly: &gt; 6 \u00e9v<br \/>\nModel Number: 89212<br \/>\nBesorol\u00e1s: \u00d6sszeszerel\u00e9s<br \/>\nM\u0171anyag blokk forma: \u00f6nz\u00e1r\u00f3 t\u00e9gla<br \/>\nAnyaga: M\u0171anyag<br \/>\nM\u0171anyag t\u00edpus: ABS<br \/>\nBricks Blocks: 205 +<br \/>\nEredeti doboza nincs<\/p>","protected":false},"featured_media":53101,"comment_status":"open","ping_status":"closed","template":"","meta":{"_acf_changed":false},"product_cat":[1365,1769,371],"product_tag":[11072,8452,9139,12896,12895],"class_list":["product","first","instock","shipping-taxable","purchasable","product-type-simple"],"acf":[],"_links":{"self":[{"href":"https:\/\/mouldking.store\/hu\/wp-json\/wp\/v2\/product\/53119","targetHints":{"allow":["GET"]}}],"collection":[{"href":"https:\/\/mouldking.store\/hu\/wp-json\/wp\/v2\/product"}],"about":[{"href":"https:\/\/mouldking.store\/hu\/wp-json\/wp\/v2\/types\/product"}],"replies":[{"embeddable":true,"href":"https:\/\/mouldking.store\/hu\/wp-json\/wp\/v2\/comments?post=53119"}],"wp:featuredmedia":[{"embeddable":true,"href":"https:\/\/mouldking.store\/hu\/wp-json\/wp\/v2\/media\/53101"}],"wp:attachment":[{"href":"https:\/\/mouldking.store\/hu\/wp-json\/wp\/v2\/media?parent=53119"}],"wp:term":[{"taxonomy":"product_cat","embeddable":true,"href":"https:\/\/mouldking.store\/hu\/wp-json\/wp\/v2\/product_cat?post=53119"},{"taxonomy":"product_tag","embeddable":true,"href":"https:\/\/mouldking.store\/hu\/wp-json\/wp\/v2\/product_tag?post=53119"}],"curies":[{"name":"wp","href":"https:\/\/api.w.org\/{rel}","templated":true}]}}