{"id":53125,"date":"2023-11-21T18:42:03","date_gmt":"2023-11-21T11:42:03","guid":{"rendered":"https:\/\/mouldking.store\/shop\/moc-factory-153885-forestmens-headquarters-with-3092-pieces\/"},"modified":"2025-12-16T20:59:17","modified_gmt":"2025-12-16T13:59:17","slug":"moc-factory-153885-forestmens-headquarters-with-3092-pieces","status":"publish","type":"product","link":"https:\/\/mouldking.store\/hu\/shop\/moc-factory-153885-forestmens-headquarters-with-3092-pieces\/","title":{"rendered":"MOC Factory 153885 Forestmen&#8217;s Headquarters with 3092 Pieces"},"content":{"rendered":"<div>\u2705MOC-153885 Forestmen&#8217;s Headquarters<\/p>\n<p>\u2705The &#8220;Forestmen&#8217;s Headquarters&#8221; is a brick set that was part of the brick Castle theme. Specifically, it is associated with the Forestmen subtheme, which was released in the late 1980s and early 1990s. The Forestmen were a group of outlaws or rebels who lived in the forest, often depicted as archers and thieves resisting the authority of the brick King&#8217;s soldiers.<\/p>\n<p>\ud83d\udeab FONTOS!<\/p>\n<p>Product Name: Forestmen&#8217;s Headquarters<\/p>\n<p>Kateg\u00f3ria: Alkot\u00f3<\/p>\n<p>This Kit Contains: C9767<\/p>\n<p>3092&nbsp; pcs Good Quality Bricks<\/p>\n<p>Size: 40 x 32 x 35 cm<\/p>\n<p>Weight: 2.19 kg<\/p>\n<p>PDF \u00datmutat\u00f3<\/p>\n<p>\ud83d\udcccA f\u0151szerepl\u0151 term\u00e9szete<\/p>\n<p>Introducing our proud collection named \u201cForestmen&#8217;s Headquarters\u201d you should not miss.<\/p>\n<p>The Forestmen&#8217;s theme in brick Castle, including sets like the &#8220;Forestmen&#8217;s Hideout&#8221; (Set 6054), draws inspiration from the legend of Robin Hood. The character of Robin Hood, a legendary English folk hero known for &#8220;robbing from the rich and giving to the poor,&#8221; has been depicted in various forms of literature, film, and popular culture.<\/p><\/div>","protected":false},"excerpt":{"rendered":"<p>M\u00e1rka: MOC Factory<br \/>\nNem: Uniszex<br \/>\nKoroszt\u00e1ly: &gt; 6 \u00e9v<br \/>\nModel Number: 153885<br \/>\nBesorol\u00e1s: \u00d6sszeszerel\u00e9s<br \/>\nM\u0171anyag blokk forma: \u00f6nz\u00e1r\u00f3 t\u00e9gla<br \/>\nAnyaga: M\u0171anyag<br \/>\nM\u0171anyag t\u00edpus: ABS<br \/>\nBricks Blocks: 3092 +<br \/>\nEredeti doboza nincs<\/p>","protected":false},"featured_media":53112,"comment_status":"open","ping_status":"closed","template":"","meta":{"_acf_changed":false},"product_cat":[1365,371,581,1408],"product_tag":[11072,8452,12894,11425,434],"class_list":["product","first","instock","shipping-taxable","purchasable","product-type-simple"],"acf":[],"_links":{"self":[{"href":"https:\/\/mouldking.store\/hu\/wp-json\/wp\/v2\/product\/53125","targetHints":{"allow":["GET"]}}],"collection":[{"href":"https:\/\/mouldking.store\/hu\/wp-json\/wp\/v2\/product"}],"about":[{"href":"https:\/\/mouldking.store\/hu\/wp-json\/wp\/v2\/types\/product"}],"replies":[{"embeddable":true,"href":"https:\/\/mouldking.store\/hu\/wp-json\/wp\/v2\/comments?post=53125"}],"wp:featuredmedia":[{"embeddable":true,"href":"https:\/\/mouldking.store\/hu\/wp-json\/wp\/v2\/media\/53112"}],"wp:attachment":[{"href":"https:\/\/mouldking.store\/hu\/wp-json\/wp\/v2\/media?parent=53125"}],"wp:term":[{"taxonomy":"product_cat","embeddable":true,"href":"https:\/\/mouldking.store\/hu\/wp-json\/wp\/v2\/product_cat?post=53125"},{"taxonomy":"product_tag","embeddable":true,"href":"https:\/\/mouldking.store\/hu\/wp-json\/wp\/v2\/product_tag?post=53125"}],"curies":[{"name":"wp","href":"https:\/\/api.w.org\/{rel}","templated":true}]}}