{"id":53146,"date":"2023-11-21T18:48:20","date_gmt":"2023-11-21T11:48:20","guid":{"rendered":"https:\/\/mouldking.store\/shop\/sembo-202197-stealth-bombers-with-1163-pieces\/"},"modified":"2023-11-21T18:48:20","modified_gmt":"2023-11-21T11:48:20","slug":"sembo-202197-stealth-bombers-with-1163-pieces","status":"publish","type":"product","link":"https:\/\/mouldking.store\/hu\/shop\/sembo-202197-stealth-bombers-with-1163-pieces\/","title":{"rendered":"SEMBO 202197 Stealth Bombers with 1163 Pieces"},"content":{"rendered":"<div>\u2705SEMBO 202197 Stealth Bombers<br \/>&nbsp;<br \/>\u2705Stealth bombers are advanced military aircraft designed for the purpose of evading enemy radar and anti-aircraft defenses. They are a crucial component of modern air forces, providing the ability to strike targets deep within enemy territory with precision and without being easily detected.<br \/>&nbsp;<br \/>\ud83d\udeab FONTOS!&nbsp;<br \/>&nbsp;<br \/>Product Name: Stealth Bombers<br \/>&nbsp;<br \/>Category: Miliatry<br \/>&nbsp;<br \/>This Kit Contains: SEMBO 202197&nbsp;<br \/>&nbsp;<br \/>1163 pcs Good Quality Bricks&nbsp;<br \/>&nbsp;<br \/>Size: 61 \u00d7 30 \u00d7 7 cm<br \/>&nbsp;<br \/>K\u00e9zi utas\u00edt\u00e1sok&nbsp;<br \/>&nbsp;<br \/>\ud83d\udcccA f\u0151szerepl\u0151 term\u00e9szete&nbsp;<br \/>&nbsp;<br \/>Introducing our proud collection named \u201cStealth Bombers\u201d you should not miss.&nbsp;<br \/>&nbsp;<br \/>The aircraft is designed with features that reduce its radar cross-section, making it difficult for enemy radar systems to detect and track. This often involves shaping the aircraft to minimize reflections and using special materials that absorb or deflect radar waves. Stealth bombers are built with a focus on minimizing their infrared, acoustic, electromagnetic, and visual signatures, making them less susceptible to detection by a variety of sensors. These bombers typically have long operational ranges, enabling them to cover great distances without the need for refueling. They are also capable of carrying a significant payload of precision-guided munitions.<\/div>","protected":false},"excerpt":{"rendered":"<p>M\u00e1rka: SEMBO<br \/>\nNem: Uniszex<br \/>\nKoroszt\u00e1ly: &gt; 6 \u00e9v<br \/>\nModel Number: 202197<br \/>\nBesorol\u00e1s: \u00d6sszeszerel\u00e9s<br \/>\nM\u0171anyag blokk forma: \u00f6nz\u00e1r\u00f3 t\u00e9gla<br \/>\nAnyaga: M\u0171anyag<br \/>\nM\u0171anyag t\u00edpus: ABS<br \/>\nBricks Blocks: 1163 +<br \/>\nEredeti doboza nincs<\/p>","protected":false},"featured_media":53139,"comment_status":"open","ping_status":"closed","template":"","meta":{"_acf_changed":false},"product_cat":[1350,1357,372,364],"product_tag":[5533,374,11488,11489,389],"class_list":["product","first","instock","shipping-taxable","purchasable","product-type-simple"],"acf":[],"_links":{"self":[{"href":"https:\/\/mouldking.store\/hu\/wp-json\/wp\/v2\/product\/53146","targetHints":{"allow":["GET"]}}],"collection":[{"href":"https:\/\/mouldking.store\/hu\/wp-json\/wp\/v2\/product"}],"about":[{"href":"https:\/\/mouldking.store\/hu\/wp-json\/wp\/v2\/types\/product"}],"replies":[{"embeddable":true,"href":"https:\/\/mouldking.store\/hu\/wp-json\/wp\/v2\/comments?post=53146"}],"wp:featuredmedia":[{"embeddable":true,"href":"https:\/\/mouldking.store\/hu\/wp-json\/wp\/v2\/media\/53139"}],"wp:attachment":[{"href":"https:\/\/mouldking.store\/hu\/wp-json\/wp\/v2\/media?parent=53146"}],"wp:term":[{"taxonomy":"product_cat","embeddable":true,"href":"https:\/\/mouldking.store\/hu\/wp-json\/wp\/v2\/product_cat?post=53146"},{"taxonomy":"product_tag","embeddable":true,"href":"https:\/\/mouldking.store\/hu\/wp-json\/wp\/v2\/product_tag?post=53146"}],"curies":[{"name":"wp","href":"https:\/\/api.w.org\/{rel}","templated":true}]}}