{"id":53200,"date":"2023-11-21T18:49:48","date_gmt":"2023-11-21T11:49:48","guid":{"rendered":"https:\/\/mouldking.store\/shop\/wangao-288004-wedding-kuba-with-3356-pieces\/"},"modified":"2023-11-21T18:49:48","modified_gmt":"2023-11-21T11:49:48","slug":"wangao-288004-wedding-kuba-with-3356-pieces","status":"publish","type":"product","link":"https:\/\/mouldking.store\/hu\/shop\/wangao-288004-wedding-kuba-with-3356-pieces\/","title":{"rendered":"Wangao 288004 Wedding Kuba with 3356 Pieces"},"content":{"rendered":"<div>\u2705WANGAO 288004 Esk\u00fcv\u0151i Kuba<br \/>&nbsp;<br \/>\u2705A \u201eSuper Mario Odyssey\u201d j\u00e1t\u00e9kban Bowser elrabolja Peach hercegn\u0151t azzal a sz\u00e1nd\u00e9kkal, hogy feles\u00e9g\u00fcl hozza. A j\u00e1t\u00e9k t\u00f6rt\u00e9netsz\u00e1la Mario azon er\u0151fesz\u00edt\u00e9sei k\u00f6r\u00fcl forog, hogy megmentse Peach hercegn\u0151t \u00e9s megakad\u00e1lyozza Bowser esk\u00fcv\u0151i terveinek megval\u00f3s\u00edt\u00e1s\u00e1t. A j\u00e1t\u00e9k t\u00e9m\u00e1ja a h\u00e1zass\u00e1g \u00e9s az esk\u00fcv\u0151k, Bowser feh\u00e9r szmokingot visel \u00e9s egy nagyszab\u00e1s\u00fa esk\u00fcv\u0151t szervez.<br \/>&nbsp;<br \/>\ud83d\udeab FONTOS!&nbsp;<br \/>&nbsp;<br \/>Term\u00e9k neve: Esk\u00fcv\u0151i Kuba<br \/>&nbsp;<br \/>Kateg\u00f3ria: Film<br \/>&nbsp;<br \/>A k\u00e9szlet tartalma: WANGAO 288004&nbsp;<br \/>&nbsp;<br \/>3356 db j\u00f3 min\u0151s\u00e9g\u0171 t\u00e9gla&nbsp;<br \/>&nbsp;<br \/>K\u00e9zi utas\u00edt\u00e1sok&nbsp;<br \/>&nbsp;<br \/>\ud83d\udcccA f\u0151szerepl\u0151 term\u00e9szete&nbsp;<br \/>&nbsp;<br \/>Bemutatjuk b\u00fcszke kollekci\u00f3nkat, a \u201eWedding Kuba\u201d-t, amit nem szabad kihagynod.&nbsp;<\/p>\n<p>A j\u00e1t\u00e9kban Bowser elrabolja Peach hercegn\u0151t, \u00e9s feles\u00e9g\u00fcl tervezi, feh\u00e9r szmokingot visel, \u00e9s f\u00e9ny\u0171z\u0151 esk\u00fcv\u0151t szervez. A t\u00f6rt\u00e9net Mario k\u00fcldet\u00e9s\u00e9t k\u00f6veti nyomon, hogy megmentse Peach hercegn\u0151t \u00e9s megakad\u00e1lyozza Bowser esk\u00fcv\u0151j\u00e9t. Ez az esk\u00fcv\u0151i t\u00e9ma egyedi csavart ad a tipikus Super Mario kalandokhoz, \u00e9s \u00faj j\u00e1t\u00e9kmeneti elemeket \u00e9s k\u00f6rnyezeteket vezet be.<\/p><\/div>","protected":false},"excerpt":{"rendered":"<p>Brand: Wangao<br \/>\nNem: Uniszex<br \/>\nKoroszt\u00e1ly: &gt; 6 \u00e9v<br \/>\nModel Number: 288004<br \/>\nBesorol\u00e1s: \u00d6sszeszerel\u00e9s<br \/>\nM\u0171anyag blokk forma: \u00f6nz\u00e1r\u00f3 t\u00e9gla<br \/>\nAnyaga: M\u0171anyag<br \/>\nM\u0171anyag t\u00edpus: ABS<br \/>\nBricks Blocks: 3356 +<br \/>\nEredeti doboza nincs<\/p>","protected":false},"featured_media":53192,"comment_status":"open","ping_status":"closed","template":"","meta":{"_acf_changed":false},"product_cat":[1769,581,1408],"product_tag":[12909,9139,12908,434,12850,2324],"class_list":["product","first","instock","shipping-taxable","purchasable","product-type-simple"],"acf":[],"_links":{"self":[{"href":"https:\/\/mouldking.store\/hu\/wp-json\/wp\/v2\/product\/53200","targetHints":{"allow":["GET"]}}],"collection":[{"href":"https:\/\/mouldking.store\/hu\/wp-json\/wp\/v2\/product"}],"about":[{"href":"https:\/\/mouldking.store\/hu\/wp-json\/wp\/v2\/types\/product"}],"replies":[{"embeddable":true,"href":"https:\/\/mouldking.store\/hu\/wp-json\/wp\/v2\/comments?post=53200"}],"wp:featuredmedia":[{"embeddable":true,"href":"https:\/\/mouldking.store\/hu\/wp-json\/wp\/v2\/media\/53192"}],"wp:attachment":[{"href":"https:\/\/mouldking.store\/hu\/wp-json\/wp\/v2\/media?parent=53200"}],"wp:term":[{"taxonomy":"product_cat","embeddable":true,"href":"https:\/\/mouldking.store\/hu\/wp-json\/wp\/v2\/product_cat?post=53200"},{"taxonomy":"product_tag","embeddable":true,"href":"https:\/\/mouldking.store\/hu\/wp-json\/wp\/v2\/product_tag?post=53200"}],"curies":[{"name":"wp","href":"https:\/\/api.w.org\/{rel}","templated":true}]}}