{"id":53411,"date":"2023-12-01T11:54:18","date_gmt":"2023-12-01T04:54:18","guid":{"rendered":"https:\/\/mouldking.store\/shop\/mould-king-17008-red-liebherr-ltm-11200-remote-controlled-crane-with-motor-with-8506-pieces\/"},"modified":"2023-12-01T11:54:18","modified_gmt":"2023-12-01T04:54:18","slug":"mould-king-17008-red-liebherr-ltm-11200-remote-controlled-crane-with-motor-with-8506-pieces","status":"publish","type":"product","link":"https:\/\/mouldking.store\/hu\/shop\/mould-king-17008-red-liebherr-ltm-11200-remote-controlled-crane-with-motor-with-8506-pieces\/","title":{"rendered":"MOLD KING 17008 Red Liebherr LTM 11200 t\u00e1vir\u00e1ny\u00edt\u00f3s daru motorral 8506 darabbal"},"content":{"rendered":"<div>\u2705 Mould King 17008 Red Liebherr LTM 11200 Remote Controlled Crane With Motor<br \/>&nbsp;<br \/>\u2705The Liebherr LTM 11200 is a massive mobile crane produced by the German company Liebherr Group. It is one of the largest telescopic cranes in the world and is designed for heavy lifting in various construction and industrial applications.<br \/>&nbsp;<br \/>\ud83d\udeab FONTOS!&nbsp;<br \/>&nbsp;<br \/>Product Name: Red Liebherr LTM 11200 Remote Controlled Crane With Motor<br \/>&nbsp;<br \/>Kateg\u00f3ria: M\u0171szaki<br \/>&nbsp;<br \/>This Kit Contains:&nbsp; Mould King 17008<br \/>&nbsp;<br \/>8506 pcs Good Quality Bricks&nbsp;<br \/>&nbsp;<br \/>Size: 160 cm&nbsp;<br \/>&nbsp;<br \/>K\u00e9zi utas\u00edt\u00e1sok&nbsp;<br \/>&nbsp;<br \/>\ud83d\udcccA f\u0151szerepl\u0151 term\u00e9szete&nbsp;<br \/>&nbsp;<br \/>Introducing our proud collection named \u201cRed Liebherr LTM 11200 Remote Controlled Crane With Motor\u201d you should not miss.&nbsp;<br \/>&nbsp;<br \/>The LTM 11200 has an impressive lifting capacity, typically around 1,200 metric tons (1,320 short tons). This makes it suitable for lifting and placing extremely heavy loads in construction projects, industrial settings, and infrastructure development. The crane is equipped with a telescopic boom that can be extended to reach significant heights. The length of the boom can vary, but it is often in the range of 100 meters (approximately 328 feet) or more. The telescopic design allows for flexibility in reaching different heights and distances.<\/div>","protected":false},"excerpt":{"rendered":"<p>M\u00e1rka: MOLD KING<br \/>\nNem: Uniszex<br \/>\nKorhat\u00e1r: 14 \u00e9v felett<br \/>\nModel Number: 17008<br \/>\nBesorol\u00e1s: \u00d6sszeszerel\u00e9s<br \/>\nM\u0171anyag blokk forma: \u00f6nz\u00e1r\u00f3 t\u00e9gla<br \/>\nAnyaga: M\u0171anyag<br \/>\nM\u0171anyag t\u00edpus: ABS<br \/>\nBricks Blocks: 8506 +<br \/>\nEredeti doboza nincs<\/p>","protected":false},"featured_media":53400,"comment_status":"open","ping_status":"closed","template":"","meta":{"_acf_changed":false},"product_cat":[1357,364],"product_tag":[5205,11648,12695,482,389,11080],"class_list":["product","first","instock","shipping-taxable","purchasable","product-type-simple"],"acf":[],"_links":{"self":[{"href":"https:\/\/mouldking.store\/hu\/wp-json\/wp\/v2\/product\/53411","targetHints":{"allow":["GET"]}}],"collection":[{"href":"https:\/\/mouldking.store\/hu\/wp-json\/wp\/v2\/product"}],"about":[{"href":"https:\/\/mouldking.store\/hu\/wp-json\/wp\/v2\/types\/product"}],"replies":[{"embeddable":true,"href":"https:\/\/mouldking.store\/hu\/wp-json\/wp\/v2\/comments?post=53411"}],"wp:featuredmedia":[{"embeddable":true,"href":"https:\/\/mouldking.store\/hu\/wp-json\/wp\/v2\/media\/53400"}],"wp:attachment":[{"href":"https:\/\/mouldking.store\/hu\/wp-json\/wp\/v2\/media?parent=53411"}],"wp:term":[{"taxonomy":"product_cat","embeddable":true,"href":"https:\/\/mouldking.store\/hu\/wp-json\/wp\/v2\/product_cat?post=53411"},{"taxonomy":"product_tag","embeddable":true,"href":"https:\/\/mouldking.store\/hu\/wp-json\/wp\/v2\/product_tag?post=53411"}],"curies":[{"name":"wp","href":"https:\/\/api.w.org\/{rel}","templated":true}]}}