{"id":53430,"date":"2023-12-01T14:03:41","date_gmt":"2023-12-01T07:03:41","guid":{"rendered":"https:\/\/mouldking.store\/shop\/jaki-jk9103-space-quest-rocket-dragon-02-with-1391-pieces\/"},"modified":"2023-12-01T14:03:41","modified_gmt":"2023-12-01T07:03:41","slug":"jaki-jk9103-space-quest-rocket-dragon-02-with-1391-pieces","status":"publish","type":"product","link":"https:\/\/mouldking.store\/hu\/shop\/jaki-jk9103-space-quest-rocket-dragon-02-with-1391-pieces\/","title":{"rendered":"JAKI JK9103 Space Quest Rocket Dragon 02 with 1391 Pieces"},"content":{"rendered":"<div>\u2705JAKI JK9103 Space Quest Rocket Dragon 02<br \/>&nbsp;<br \/>\u2705Rockets use various types of propulsion systems, such as liquid rocket engines or solid rocket motors, to generate the necessary thrust for liftoff and flight.<br \/>&nbsp;<br \/>\ud83d\udeab FONTOS!&nbsp;<br \/>&nbsp;<br \/>Product Name: Space Quest Rocket Dragon 02<br \/>&nbsp;<br \/>Kateg\u00f3ria: \u0170r<br \/>&nbsp;<br \/>This Kit Contains: JAKI JK9103<br \/>&nbsp;<br \/>1391 pcs Good Quality Bricks&nbsp;<br \/>&nbsp;<br \/>K\u00e9zi utas\u00edt\u00e1sok&nbsp;<br \/>&nbsp;<br \/>\ud83d\udcccA f\u0151szerepl\u0151 term\u00e9szete&nbsp;<br \/>&nbsp;<br \/>Introducing our proud collection named \u201cSpace Quest Rocket Dragon 02\u201d you should not miss.&nbsp;<br \/>&nbsp;<br \/>A typical rocket consists of several components, including a payload or cargo, one or more rocket stages, propellant tanks, and engines. The payload is the object or instruments that the rocket is designed to carry into space.<\/div>","protected":false},"excerpt":{"rendered":"<p>M\u00e1rka: JAKI<br \/>\nNem: Uniszex<br \/>\nKoroszt\u00e1ly: 8 \u00e9v felett<br \/>\nModel Number: JK9103<br \/>\nBesorol\u00e1s: \u00d6sszeszerel\u00e9s<br \/>\nM\u0171anyag blokk forma: \u00f6nz\u00e1r\u00f3 t\u00e9gla<br \/>\nAnyaga: M\u0171anyag<br \/>\nM\u0171anyag t\u00edpus: ABS<br \/>\nBricks Blocks: 1391 +<br \/>\nEredeti doboza nincs<\/p>","protected":false},"featured_media":53427,"comment_status":"open","ping_status":"closed","template":"","meta":{"_acf_changed":false},"product_cat":[1357,1502,6016,364],"product_tag":[4883,1771,8162,2276,389],"class_list":["product","first","instock","shipping-taxable","purchasable","product-type-simple"],"acf":[],"_links":{"self":[{"href":"https:\/\/mouldking.store\/hu\/wp-json\/wp\/v2\/product\/53430","targetHints":{"allow":["GET"]}}],"collection":[{"href":"https:\/\/mouldking.store\/hu\/wp-json\/wp\/v2\/product"}],"about":[{"href":"https:\/\/mouldking.store\/hu\/wp-json\/wp\/v2\/types\/product"}],"replies":[{"embeddable":true,"href":"https:\/\/mouldking.store\/hu\/wp-json\/wp\/v2\/comments?post=53430"}],"wp:featuredmedia":[{"embeddable":true,"href":"https:\/\/mouldking.store\/hu\/wp-json\/wp\/v2\/media\/53427"}],"wp:attachment":[{"href":"https:\/\/mouldking.store\/hu\/wp-json\/wp\/v2\/media?parent=53430"}],"wp:term":[{"taxonomy":"product_cat","embeddable":true,"href":"https:\/\/mouldking.store\/hu\/wp-json\/wp\/v2\/product_cat?post=53430"},{"taxonomy":"product_tag","embeddable":true,"href":"https:\/\/mouldking.store\/hu\/wp-json\/wp\/v2\/product_tag?post=53430"}],"curies":[{"name":"wp","href":"https:\/\/api.w.org\/{rel}","templated":true}]}}