{"id":53438,"date":"2023-12-01T14:05:21","date_gmt":"2023-12-01T07:05:21","guid":{"rendered":"https:\/\/mouldking.store\/shop\/jaki-jk9105-space-quest-sunrise-mobile-rocket-launcher-with-595-pieces\/"},"modified":"2023-12-01T14:05:21","modified_gmt":"2023-12-01T07:05:21","slug":"jaki-jk9105-space-quest-sunrise-mobile-rocket-launcher-with-595-pieces","status":"publish","type":"product","link":"https:\/\/mouldking.store\/hu\/shop\/jaki-jk9105-space-quest-sunrise-mobile-rocket-launcher-with-595-pieces\/","title":{"rendered":"JAKI JK9105 Space Quest Sunrise Mobile Rocket Launcher with 595 Pieces"},"content":{"rendered":"<div>\u2705 JAKI JK9105 Space Quest Sunrise Mobile Rocket Launcher<br \/>&nbsp;<br \/>\u2705A rocket launcher is a weapon system designed to launch rockets. Rockets used in rocket launchers can serve various purposes, including anti-tank warfare, anti-aircraft defense, infantry support, or even for launching exploration payloads into space.&nbsp;<br \/>&nbsp;<br \/>\ud83d\udeab FONTOS!&nbsp;<br \/>&nbsp;<br \/>Product Name: Space Quest Sunrise Mobile Rocket Launcher<br \/>&nbsp;<br \/>Kateg\u00f3ria: Katonai<br \/>&nbsp;<br \/>This Kit Contains:&nbsp; JAKI JK9105<br \/>&nbsp;<br \/>595 pcs Good Quality Bricks&nbsp;<br \/>&nbsp;<br \/>K\u00e9zi utas\u00edt\u00e1sok&nbsp;<br \/>&nbsp;<br \/>\ud83d\udcccA f\u0151szerepl\u0151 term\u00e9szete&nbsp;<br \/>&nbsp;<br \/>Introducing our proud collection named \u201cSpace Quest Sunrise Mobile Rocket Launcher\u201d you should not miss.&nbsp;<br \/>&nbsp;<br \/>Rocket launchers are also used in non-military contexts, such as space exploration and satellite launches. These rockets are typically much larger and more complex.&nbsp;<\/div>","protected":false},"excerpt":{"rendered":"<p>M\u00e1rka: JAKI<br \/>\nNem: Uniszex<br \/>\nKoroszt\u00e1ly: 8 \u00e9v felett<br \/>\nModel Number: JK9105<br \/>\nBesorol\u00e1s: \u00d6sszeszerel\u00e9s<br \/>\nM\u0171anyag blokk forma: \u00f6nz\u00e1r\u00f3 t\u00e9gla<br \/>\nAnyaga: M\u0171anyag<br \/>\nM\u0171anyag t\u00edpus: ABS<br \/>\nBricks Blocks: 595 +<br \/>\nEredeti doboza nincs<\/p>","protected":false},"featured_media":53431,"comment_status":"open","ping_status":"closed","template":"","meta":{"_acf_changed":false},"product_cat":[1350,1357,372,364],"product_tag":[11481,374,8162,389],"class_list":["product","first","instock","shipping-taxable","purchasable","product-type-simple"],"acf":[],"_links":{"self":[{"href":"https:\/\/mouldking.store\/hu\/wp-json\/wp\/v2\/product\/53438","targetHints":{"allow":["GET"]}}],"collection":[{"href":"https:\/\/mouldking.store\/hu\/wp-json\/wp\/v2\/product"}],"about":[{"href":"https:\/\/mouldking.store\/hu\/wp-json\/wp\/v2\/types\/product"}],"replies":[{"embeddable":true,"href":"https:\/\/mouldking.store\/hu\/wp-json\/wp\/v2\/comments?post=53438"}],"wp:featuredmedia":[{"embeddable":true,"href":"https:\/\/mouldking.store\/hu\/wp-json\/wp\/v2\/media\/53431"}],"wp:attachment":[{"href":"https:\/\/mouldking.store\/hu\/wp-json\/wp\/v2\/media?parent=53438"}],"wp:term":[{"taxonomy":"product_cat","embeddable":true,"href":"https:\/\/mouldking.store\/hu\/wp-json\/wp\/v2\/product_cat?post=53438"},{"taxonomy":"product_tag","embeddable":true,"href":"https:\/\/mouldking.store\/hu\/wp-json\/wp\/v2\/product_tag?post=53438"}],"curies":[{"name":"wp","href":"https:\/\/api.w.org\/{rel}","templated":true}]}}