{"id":53455,"date":"2023-12-01T14:06:29","date_gmt":"2023-12-01T07:06:29","guid":{"rendered":"https:\/\/mouldking.store\/shop\/jaki-jk2350-chinese-restaurant-sheng-yue-lou-with-2055-pieces\/"},"modified":"2023-12-01T14:06:29","modified_gmt":"2023-12-01T07:06:29","slug":"jaki-jk2350-chinese-restaurant-sheng-yue-lou-with-2055-pieces","status":"publish","type":"product","link":"https:\/\/mouldking.store\/hu\/shop\/jaki-jk2350-chinese-restaurant-sheng-yue-lou-with-2055-pieces\/","title":{"rendered":"JAKI JK2350 Chinese Restaurant SHENG YUE LOU with 2055 Pieces"},"content":{"rendered":"<div>\u2705 JAKI JK2350 Chinese Restaurant SHENG YUE LOU<br \/>&nbsp;<br \/>\ud83d\udeab FONTOS!&nbsp;<br \/>&nbsp;<br \/>Product Name: Chinese Restaurant SHENG YUE LOU<br \/>&nbsp;<br \/>Kateg\u00f3ria: Modul\u00e1ris \u00e9p\u00fclet<br \/>&nbsp;<br \/>This Kit Contains:&nbsp; JAKI JK2350<br \/>&nbsp;<br \/>2055 pcs Good Quality Bricks&nbsp;<br \/>&nbsp;<br \/>K\u00e9zi utas\u00edt\u00e1sok&nbsp;<\/div>","protected":false},"excerpt":{"rendered":"<p>M\u00e1rka: JAKI<br \/>\nNem: Uniszex<br \/>\nKoroszt\u00e1ly: 8 \u00e9v felett<br \/>\nModel Number: JK2350<br \/>\nBesorol\u00e1s: \u00d6sszeszerel\u00e9s<br \/>\nM\u0171anyag blokk forma: \u00f6nz\u00e1r\u00f3 t\u00e9gla<br \/>\nAnyaga: M\u0171anyag<br \/>\nM\u0171anyag t\u00edpus: ABS<br \/>\nBricks Blocks: 2055 +<br \/>\nEredeti doboza nincs<\/p>","protected":false},"featured_media":53451,"comment_status":"open","ping_status":"closed","template":"","meta":{"_acf_changed":false},"product_cat":[1365,1395,1502,390],"product_tag":[6462,4883,8452,392,2870,12923],"class_list":["product","first","instock","shipping-taxable","purchasable","product-type-simple"],"acf":[],"_links":{"self":[{"href":"https:\/\/mouldking.store\/hu\/wp-json\/wp\/v2\/product\/53455","targetHints":{"allow":["GET"]}}],"collection":[{"href":"https:\/\/mouldking.store\/hu\/wp-json\/wp\/v2\/product"}],"about":[{"href":"https:\/\/mouldking.store\/hu\/wp-json\/wp\/v2\/types\/product"}],"replies":[{"embeddable":true,"href":"https:\/\/mouldking.store\/hu\/wp-json\/wp\/v2\/comments?post=53455"}],"wp:featuredmedia":[{"embeddable":true,"href":"https:\/\/mouldking.store\/hu\/wp-json\/wp\/v2\/media\/53451"}],"wp:attachment":[{"href":"https:\/\/mouldking.store\/hu\/wp-json\/wp\/v2\/media?parent=53455"}],"wp:term":[{"taxonomy":"product_cat","embeddable":true,"href":"https:\/\/mouldking.store\/hu\/wp-json\/wp\/v2\/product_cat?post=53455"},{"taxonomy":"product_tag","embeddable":true,"href":"https:\/\/mouldking.store\/hu\/wp-json\/wp\/v2\/product_tag?post=53455"}],"curies":[{"name":"wp","href":"https:\/\/api.w.org\/{rel}","templated":true}]}}