{"id":53471,"date":"2023-12-01T14:07:20","date_gmt":"2023-12-01T07:07:20","guid":{"rendered":"https:\/\/mouldking.store\/shop\/welleadz-6101-old-time-street-scene-convenience-store-with-549-pieces\/"},"modified":"2023-12-01T14:07:20","modified_gmt":"2023-12-01T07:07:20","slug":"welleadz-6101-old-time-street-scene-convenience-store-with-549-pieces","status":"publish","type":"product","link":"https:\/\/mouldking.store\/hu\/shop\/welleadz-6101-old-time-street-scene-convenience-store-with-549-pieces\/","title":{"rendered":"Welleadz 6101 Old Time Street Scene Convenience Store with 549 Pieces"},"content":{"rendered":"<div>\u2705Welleadz 6101 Old Time Street Scene Convenience Store<br \/>&nbsp;<br \/>\u2705An old-time street scene featuring a convenience store would showcase the charm and simplicity of a bygone era when such establishments were integral to the community.&nbsp;<br \/>&nbsp;<br \/>\ud83d\udeab FONTOS!&nbsp;<br \/>&nbsp;<br \/>Product Name: Old Time Street Scene Convenience Store<\/p>\n<p>Kateg\u00f3ria: Modul\u00e1ris \u00e9p\u00fclet<br \/>&nbsp;<br \/>This Kit Contains: Welleadz 6101<br \/>&nbsp;<br \/>549 pcs Good Quality Bricks&nbsp;<\/p>\n<p>K\u00e9zi utas\u00edt\u00e1sok&nbsp;<br \/>&nbsp;<br \/>\ud83d\udcccA f\u0151szerepl\u0151 term\u00e9szete&nbsp;<br \/>&nbsp;<br \/>Introducing our proud collection named \u201cOld Time Street Scene Convenience Store\u201d you should not miss.&nbsp;<br \/>&nbsp;<br \/>The scene is set in a small town during the mid-20th century. Cobblestone streets, vintage lampposts, and wooden storefronts contribute to the nostalgic atmosphere. This old-time street scene captures the essence of a neighborhood convenience store, where locals gather for daily necessities, share stories, and experience the simplicity and warmth of community life.<\/div>","protected":false},"excerpt":{"rendered":"<p>Brand: Welleadz<br \/>\nNem: Uniszex<br \/>\nKoroszt\u00e1ly: &gt; 6 \u00e9v<br \/>\nModel Number: 6101<br \/>\nBesorol\u00e1s: \u00d6sszeszerel\u00e9s<br \/>\nM\u0171anyag blokk forma: \u00f6nz\u00e1r\u00f3 t\u00e9gla<br \/>\nAnyaga: M\u0171anyag<br \/>\nM\u0171anyag t\u00edpus: ABS<br \/>\nBricks Blocks: 549 +<br \/>\nEredeti doboza nincs<\/p>","protected":false},"featured_media":53467,"comment_status":"open","ping_status":"closed","template":"","meta":{"_acf_changed":false},"product_cat":[1395,1502,390],"product_tag":[4883,12088,392,10659,3012],"class_list":["product","first","instock","shipping-taxable","purchasable","product-type-simple"],"acf":[],"_links":{"self":[{"href":"https:\/\/mouldking.store\/hu\/wp-json\/wp\/v2\/product\/53471","targetHints":{"allow":["GET"]}}],"collection":[{"href":"https:\/\/mouldking.store\/hu\/wp-json\/wp\/v2\/product"}],"about":[{"href":"https:\/\/mouldking.store\/hu\/wp-json\/wp\/v2\/types\/product"}],"replies":[{"embeddable":true,"href":"https:\/\/mouldking.store\/hu\/wp-json\/wp\/v2\/comments?post=53471"}],"wp:featuredmedia":[{"embeddable":true,"href":"https:\/\/mouldking.store\/hu\/wp-json\/wp\/v2\/media\/53467"}],"wp:attachment":[{"href":"https:\/\/mouldking.store\/hu\/wp-json\/wp\/v2\/media?parent=53471"}],"wp:term":[{"taxonomy":"product_cat","embeddable":true,"href":"https:\/\/mouldking.store\/hu\/wp-json\/wp\/v2\/product_cat?post=53471"},{"taxonomy":"product_tag","embeddable":true,"href":"https:\/\/mouldking.store\/hu\/wp-json\/wp\/v2\/product_tag?post=53471"}],"curies":[{"name":"wp","href":"https:\/\/api.w.org\/{rel}","templated":true}]}}