{"id":53489,"date":"2023-12-01T14:15:57","date_gmt":"2023-12-01T07:15:57","guid":{"rendered":"https:\/\/mouldking.store\/shop\/funwhole-f9017-steampunk-trading-center-with-2688-pieces\/"},"modified":"2023-12-01T14:15:57","modified_gmt":"2023-12-01T07:15:57","slug":"funwhole-f9017-steampunk-trading-center-with-2688-pieces","status":"publish","type":"product","link":"https:\/\/mouldking.store\/hu\/shop\/funwhole-f9017-steampunk-trading-center-with-2688-pieces\/","title":{"rendered":"FunWhole F9017 Steampunk Trading Center with 2688 Pieces"},"content":{"rendered":"<div>\u2705 FunWhole F9017 Steampunk Trading Center<br \/>&nbsp;<br \/>\u2705A Steampunk Trading Center is a fictional or conceptual space inspired by the steampunk genre, which is a subgenre of science fiction and fantasy that incorporates aesthetic elements from the 19th-century industrial steam-powered machinery and Victorian-era fashion and design. In a steampunk setting, advanced technology is often powered by steam, clockwork, or other mechanical means, creating a unique blend of historical and speculative elements.<br \/>&nbsp;<br \/>\ud83d\udeab FONTOS!&nbsp;<br \/>&nbsp;<br \/>Product Name: Steampunk Trading Center<br \/>&nbsp;<br \/>Kateg\u00f3ria: Alkot\u00f3&nbsp;<br \/>&nbsp;<br \/>This Kit Contains:&nbsp; FunWhole F9017<br \/>&nbsp;<br \/>2688 pcs Good Quality Bricks&nbsp;<br \/>&nbsp;<br \/>Size: 37 \u00d7 28 \u00d7 45 cm<br \/>&nbsp;<br \/>K\u00e9zi utas\u00edt\u00e1sok&nbsp;<br \/>&nbsp;<br \/>\ud83d\udcccA f\u0151szerepl\u0151 term\u00e9szete&nbsp;<br \/>&nbsp;<br \/>Introducing our proud collection named \u201cSteampunk Trading Center\u201d you should not miss.&nbsp;<br \/>&nbsp;<br \/>A Steampunk Trading Center could be imagined as a marketplace or hub where individuals within the steampunk community come together to trade, showcase, and celebrate steampunk-themed goods and inventions. A bustling marketplace with stalls and vendors selling a variety of steampunk-inspired items, including clothing, accessories, gadgets, and artwork. Spaces where artisans and inventors demonstrate the crafting and creation of steampunk goods. This could include live demonstrations of metalworking, leather crafting, and other hands-on activities.<\/div>","protected":false},"excerpt":{"rendered":"<p>M\u00e1rka: FunWhole<br \/>\nNem: Uniszex<br \/>\nKoroszt\u00e1ly: 8 \u00e9v felett<br \/>\nModel Number: F9017<br \/>\nBesorol\u00e1s: \u00d6sszeszerel\u00e9s<br \/>\nM\u0171anyag blokk forma: \u00f6nz\u00e1r\u00f3 t\u00e9gla<br \/>\nAnyaga: M\u0171anyag<br \/>\nM\u0171anyag t\u00edpus: ABS<br \/>\nBricks Blocks: 2688 +<br \/>\nEredeti doboza nincs<\/p>","protected":false},"featured_media":53483,"comment_status":"open","ping_status":"closed","template":"","meta":{"_acf_changed":false},"product_cat":[1365,1395,371,390],"product_tag":[4552,11072,8452,392,12390],"class_list":["product","first","instock","shipping-taxable","purchasable","product-type-simple"],"acf":[],"_links":{"self":[{"href":"https:\/\/mouldking.store\/hu\/wp-json\/wp\/v2\/product\/53489","targetHints":{"allow":["GET"]}}],"collection":[{"href":"https:\/\/mouldking.store\/hu\/wp-json\/wp\/v2\/product"}],"about":[{"href":"https:\/\/mouldking.store\/hu\/wp-json\/wp\/v2\/types\/product"}],"replies":[{"embeddable":true,"href":"https:\/\/mouldking.store\/hu\/wp-json\/wp\/v2\/comments?post=53489"}],"wp:featuredmedia":[{"embeddable":true,"href":"https:\/\/mouldking.store\/hu\/wp-json\/wp\/v2\/media\/53483"}],"wp:attachment":[{"href":"https:\/\/mouldking.store\/hu\/wp-json\/wp\/v2\/media?parent=53489"}],"wp:term":[{"taxonomy":"product_cat","embeddable":true,"href":"https:\/\/mouldking.store\/hu\/wp-json\/wp\/v2\/product_cat?post=53489"},{"taxonomy":"product_tag","embeddable":true,"href":"https:\/\/mouldking.store\/hu\/wp-json\/wp\/v2\/product_tag?post=53489"}],"curies":[{"name":"wp","href":"https:\/\/api.w.org\/{rel}","templated":true}]}}