{"id":53507,"date":"2023-12-01T14:16:37","date_gmt":"2023-12-01T07:16:37","guid":{"rendered":"https:\/\/mouldking.store\/shop\/magic-square-9188-crystal-christmas-tree-music-box-with-600-pieces\/"},"modified":"2025-01-09T10:37:27","modified_gmt":"2025-01-09T03:37:27","slug":"magic-square-9188-crystal-christmas-tree-music-box-with-600-pieces","status":"publish","type":"product","link":"https:\/\/mouldking.store\/hu\/shop\/magic-square-9188-crystal-christmas-tree-music-box-with-600-pieces\/","title":{"rendered":"MAGIC SQUARE 9188 Crystal Christmas Tree Music Box with 600 Pieces"},"content":{"rendered":"<div>\u2705MANGE 9188 Crystal Christmas Tree Music Box<br \/>&nbsp;<br \/>\u2705A Crystal Christmas Tree Music Box is an elegant and enchanting decorative piece that combines the festive charm of a Christmas tree with the beauty of crystal and the delightful melodies of a music box.&nbsp;<br \/>&nbsp;<br \/>\ud83d\udeab FONTOS!&nbsp;<br \/>&nbsp;<br \/>Product Name: Crystal Christmas Tree Music Box<br \/>&nbsp;<br \/>Kateg\u00f3ria: Alkot\u00f3&nbsp;<\/p>\n<p>This kit contains: MANGE 9188&nbsp;<br \/>&nbsp;<br \/>600 pcs Good Quality Bricks&nbsp;<br \/>&nbsp;<br \/>Size: 14 \u00d7 14 \u00d7 29 cm<br \/>&nbsp;<br \/>K\u00e9zi utas\u00edt\u00e1sok&nbsp;<br \/>&nbsp;<br \/>\ud83d\udcccA f\u0151szerepl\u0151 term\u00e9szete&nbsp;<br \/>&nbsp;<br \/>Introducing our proud collection named \u201cCrystal Christmas Tree Music Box\u201d you should not miss.&nbsp;<br \/>&nbsp;<br \/>The crystal tree is elegantly mounted on a sturdy base, also made of crystal or another complementary material. Given its exquisite craftsmanship and unique design, the Crystal Christmas Tree Music Box could be sought after by collectors who appreciate fine holiday decor.<\/div>","protected":false},"excerpt":{"rendered":"<p>Brand: MAGIC SQUARE<br \/>\nNem: Uniszex<br \/>\nKoroszt\u00e1ly: &gt; 6 \u00e9v<br \/>\nModel Number: 9188<br \/>\nBesorol\u00e1s: \u00d6sszeszerel\u00e9s<br \/>\nM\u0171anyag blokk forma: \u00f6nz\u00e1r\u00f3 t\u00e9gla<br \/>\nAnyaga: M\u0171anyag<br \/>\nM\u0171anyag t\u00edpus: ABS<br \/>\nT\u00e9gl\u00e1k Blokkok: 600+<br \/>\nEredeti doboza nincs<br \/>\nA darabok v\u00e1ltozhatnak<\/p>","protected":false},"featured_media":53497,"comment_status":"open","ping_status":"closed","template":"","meta":{"_acf_changed":false},"product_cat":[1365,371],"product_tag":[1066,3381,11072,8452,729,1370],"class_list":["product","first","outofstock","shipping-taxable","purchasable","product-type-simple"],"acf":[],"_links":{"self":[{"href":"https:\/\/mouldking.store\/hu\/wp-json\/wp\/v2\/product\/53507","targetHints":{"allow":["GET"]}}],"collection":[{"href":"https:\/\/mouldking.store\/hu\/wp-json\/wp\/v2\/product"}],"about":[{"href":"https:\/\/mouldking.store\/hu\/wp-json\/wp\/v2\/types\/product"}],"replies":[{"embeddable":true,"href":"https:\/\/mouldking.store\/hu\/wp-json\/wp\/v2\/comments?post=53507"}],"wp:featuredmedia":[{"embeddable":true,"href":"https:\/\/mouldking.store\/hu\/wp-json\/wp\/v2\/media\/53497"}],"wp:attachment":[{"href":"https:\/\/mouldking.store\/hu\/wp-json\/wp\/v2\/media?parent=53507"}],"wp:term":[{"taxonomy":"product_cat","embeddable":true,"href":"https:\/\/mouldking.store\/hu\/wp-json\/wp\/v2\/product_cat?post=53507"},{"taxonomy":"product_tag","embeddable":true,"href":"https:\/\/mouldking.store\/hu\/wp-json\/wp\/v2\/product_tag?post=53507"}],"curies":[{"name":"wp","href":"https:\/\/api.w.org\/{rel}","templated":true}]}}