{"id":53515,"date":"2023-12-01T14:16:44","date_gmt":"2023-12-01T07:16:44","guid":{"rendered":"https:\/\/mouldking.store\/shop\/forange-fc8287-christmas-lighting-decorations-with-602-pieces\/"},"modified":"2023-12-01T14:16:44","modified_gmt":"2023-12-01T07:16:44","slug":"forange-fc8287-christmas-lighting-decorations-with-602-pieces","status":"publish","type":"product","link":"https:\/\/mouldking.store\/hu\/shop\/forange-fc8287-christmas-lighting-decorations-with-602-pieces\/","title":{"rendered":"Forange FC8287 Christmas Lighting Decorations with 602 Pieces"},"content":{"rendered":"<div>\u2705Forange FC8287 Christmas Lighting Decorations<br \/>&nbsp;<br \/>\u2705Christmas lighting decorations add a festive and magical ambiance to homes, streets, and public spaces during the holiday season. Lights hanging in vertical strands, creating a curtain effect when hung in windows or doorways.<br \/>&nbsp;<br \/>\ud83d\udeab FONTOS!&nbsp;<br \/>&nbsp;<br \/>Product Name: Christmas Lighting Decorations<br \/>&nbsp;<br \/>Kateg\u00f3ria: Alkot\u00f3&nbsp;<br \/>&nbsp;<br \/>This Kit Contains: Forange FC8287<\/p>\n<p>602 pcs Hight quality bricks<br \/>&nbsp;<br \/>K\u00e9zi utas\u00edt\u00e1sok&nbsp;<br \/>&nbsp;<br \/>\ud83d\udcccA f\u0151szerepl\u0151 term\u00e9szete&nbsp;<br \/>&nbsp;<br \/>Introducing our proud collection named \u201cChristmas Lighting Decorations\u201d you should not miss.&nbsp;<br \/>&nbsp;<br \/>Christmas light ornaments are decorative pieces that combine the festive appeal of holiday ornaments with the illumination of built-in lights. These ornaments add a sparkling touch to Christmas trees, wreaths, garlands, and various other festive displays.&nbsp;<\/div>","protected":false},"excerpt":{"rendered":"<p>M\u00e1rka: Forange<br \/>\nNem: Uniszex<br \/>\nKoroszt\u00e1ly: &gt; 6 \u00e9v<br \/>\nModel Number: FC8287<br \/>\nBesorol\u00e1s: \u00d6sszeszerel\u00e9s<br \/>\nM\u0171anyag blokk forma: \u00f6nz\u00e1r\u00f3 t\u00e9gla<br \/>\nAnyaga: M\u0171anyag<br \/>\nM\u0171anyag t\u00edpus: ABS<br \/>\nBricks Blocks: 602 +<br \/>\nEredeti doboza nincs<\/p>","protected":false},"featured_media":53502,"comment_status":"open","ping_status":"closed","template":"","meta":{"_acf_changed":false},"product_cat":[1365,371],"product_tag":[1066,12929,11072,8452,12928,12351],"class_list":["product","first","instock","shipping-taxable","purchasable","product-type-simple"],"acf":[],"_links":{"self":[{"href":"https:\/\/mouldking.store\/hu\/wp-json\/wp\/v2\/product\/53515","targetHints":{"allow":["GET"]}}],"collection":[{"href":"https:\/\/mouldking.store\/hu\/wp-json\/wp\/v2\/product"}],"about":[{"href":"https:\/\/mouldking.store\/hu\/wp-json\/wp\/v2\/types\/product"}],"replies":[{"embeddable":true,"href":"https:\/\/mouldking.store\/hu\/wp-json\/wp\/v2\/comments?post=53515"}],"wp:featuredmedia":[{"embeddable":true,"href":"https:\/\/mouldking.store\/hu\/wp-json\/wp\/v2\/media\/53502"}],"wp:attachment":[{"href":"https:\/\/mouldking.store\/hu\/wp-json\/wp\/v2\/media?parent=53515"}],"wp:term":[{"taxonomy":"product_cat","embeddable":true,"href":"https:\/\/mouldking.store\/hu\/wp-json\/wp\/v2\/product_cat?post=53515"},{"taxonomy":"product_tag","embeddable":true,"href":"https:\/\/mouldking.store\/hu\/wp-json\/wp\/v2\/product_tag?post=53515"}],"curies":[{"name":"wp","href":"https:\/\/api.w.org\/{rel}","templated":true}]}}