{"id":53597,"date":"2023-12-04T12:33:40","date_gmt":"2023-12-04T05:33:40","guid":{"rendered":"https:\/\/mouldking.store\/shop\/jaki-jk2180-3-in-1-sissis-amusement-park-with-1107-pieces\/"},"modified":"2023-12-04T12:33:40","modified_gmt":"2023-12-04T05:33:40","slug":"jaki-jk2180-3-in-1-sissis-amusement-park-with-1107-pieces","status":"publish","type":"product","link":"https:\/\/mouldking.store\/hu\/shop\/jaki-jk2180-3-in-1-sissis-amusement-park-with-1107-pieces\/","title":{"rendered":"JAKI JK2180 3 IN 1 SISSI&#8217;S Amusement Park with 1107 Pieces"},"content":{"rendered":"<div>\u2705 JAKI JK2180 3 IN 1 SISSI&#8217;S Amusement Park<br \/>&nbsp;<br \/>\u2705Amusement parks are recreational facilities that offer various attractions and entertainment to visitors. These parks typically feature a mix of rides, games, shows, and other attractions to provide a fun and enjoyable experience for people of all ages.&nbsp;<br \/>&nbsp;<br \/>\ud83d\udeab FONTOS!&nbsp;<br \/>&nbsp;<br \/>Product Name: 3 IN 1 SISSI&#8217;S Amusement Park<br \/>&nbsp;<br \/>Kateg\u00f3ria: Alkot\u00f3&nbsp;<br \/>&nbsp;<br \/>This Kit Contains:&nbsp; JAKI JK2180<br \/>&nbsp;<br \/>1107 pcs Good Quality Bricks&nbsp;<br \/>&nbsp;<br \/>Size: 27.6 \u00d7 16.4 \u00d7 27.8 cm<br \/>&nbsp;<br \/>K\u00e9zi utas\u00edt\u00e1sok&nbsp;<br \/>&nbsp;<br \/>\ud83d\udcccA f\u0151szerepl\u0151 term\u00e9szete&nbsp;<br \/>&nbsp;<br \/>Introducing our proud collection named \u201c3 IN 1 SISSI&#8217;S Amusement Park\u201d you should not miss.&nbsp;<br \/>&nbsp;<br \/>Amusement parks aim to create a magical and entertaining environment where visitors can escape into a world of fun and excitement. Each park has its own unique charm, and the overall experience is often shaped by the park&#8217;s theme and the creativity of its attractions.<\/div>","protected":false},"excerpt":{"rendered":"<p>M\u00e1rka: JAKI<br \/>\nNem: Uniszex<br \/>\nKoroszt\u00e1ly: 8 \u00e9v felett<br \/>\nModel Number: JK2180<br \/>\nBesorol\u00e1s: \u00d6sszeszerel\u00e9s<br \/>\nM\u0171anyag blokk forma: \u00f6nz\u00e1r\u00f3 t\u00e9gla<br \/>\nAnyaga: M\u0171anyag<br \/>\nM\u0171anyag t\u00edpus: ABS<br \/>\nBricks Blocks: 1107 +<br \/>\nEredeti doboza nincs<\/p>","protected":false},"featured_media":53593,"comment_status":"open","ping_status":"closed","template":"","meta":{"_acf_changed":false},"product_cat":[1365,371],"product_tag":[1778,11072,8452],"class_list":["product","first","instock","shipping-taxable","purchasable","product-type-simple"],"acf":[],"_links":{"self":[{"href":"https:\/\/mouldking.store\/hu\/wp-json\/wp\/v2\/product\/53597","targetHints":{"allow":["GET"]}}],"collection":[{"href":"https:\/\/mouldking.store\/hu\/wp-json\/wp\/v2\/product"}],"about":[{"href":"https:\/\/mouldking.store\/hu\/wp-json\/wp\/v2\/types\/product"}],"replies":[{"embeddable":true,"href":"https:\/\/mouldking.store\/hu\/wp-json\/wp\/v2\/comments?post=53597"}],"wp:featuredmedia":[{"embeddable":true,"href":"https:\/\/mouldking.store\/hu\/wp-json\/wp\/v2\/media\/53593"}],"wp:attachment":[{"href":"https:\/\/mouldking.store\/hu\/wp-json\/wp\/v2\/media?parent=53597"}],"wp:term":[{"taxonomy":"product_cat","embeddable":true,"href":"https:\/\/mouldking.store\/hu\/wp-json\/wp\/v2\/product_cat?post=53597"},{"taxonomy":"product_tag","embeddable":true,"href":"https:\/\/mouldking.store\/hu\/wp-json\/wp\/v2\/product_tag?post=53597"}],"curies":[{"name":"wp","href":"https:\/\/api.w.org\/{rel}","templated":true}]}}