{"id":53622,"date":"2023-12-04T12:34:52","date_gmt":"2023-12-04T05:34:52","guid":{"rendered":"https:\/\/mouldking.store\/shop\/zhegao-662017-back-to-the-1990s-refrigerator-with-578-pieces\/"},"modified":"2023-12-04T12:34:52","modified_gmt":"2023-12-04T05:34:52","slug":"zhegao-662017-back-to-the-1990s-refrigerator-with-578-pieces","status":"publish","type":"product","link":"https:\/\/mouldking.store\/hu\/shop\/zhegao-662017-back-to-the-1990s-refrigerator-with-578-pieces\/","title":{"rendered":"ZHEGAO 662017 Back To The 1990&#8217;s Refrigerator with 578 Pieces"},"content":{"rendered":"<div>\u2705 ZHEGAO 662017 Back To The 1990&#8217;s Refrigerator<br \/>&nbsp;<br \/>\u2705Refrigerators in the 1990s generally had a more traditional and boxy appearance compared to the sleek and modern designs we see today.<\/p>\n<p>\ud83d\udeab FONTOS!&nbsp;<br \/>&nbsp;<br \/>Product Name: Back To The 1990&#8217;s Refrigerator<br \/>&nbsp;<br \/>Kateg\u00f3ria: Alkot\u00f3&nbsp;<br \/>&nbsp;<br \/>This Kit Contains:&nbsp; ZHEGAO 662017<br \/>&nbsp;<br \/>578 pcs Good Quality Bricks&nbsp;<br \/>&nbsp;<br \/>Size: 9 \u00d7 9 \u00d7 16 cm<br \/>&nbsp;<br \/>K\u00e9zi utas\u00edt\u00e1sok&nbsp;<br \/>&nbsp;<br \/>\ud83d\udcccA f\u0151szerepl\u0151 term\u00e9szete&nbsp;<br \/>&nbsp;<br \/>Introducing our proud collection named \u201c Back To The 1990&#8217;s Refrigerator\u201d you should not miss.&nbsp;<br \/>&nbsp;<br \/>The design was more straightforward and less stylized compared to contemporary models. Boxy shapes were common, with minimal curves or angles. Many refrigerators in the 1990s had a top-freezer configuration, with the freezer compartment situated above the fresh food compartment. This design was a standard and common layout during that time.<\/div>","protected":false},"excerpt":{"rendered":"<p>M\u00e1rka: ZHEGAO<br \/>\nNem: Uniszex<br \/>\nKoroszt\u00e1ly: &gt; 6 \u00e9v<br \/>\nModel Number: 662017<br \/>\nBesorol\u00e1s: \u00d6sszeszerel\u00e9s<br \/>\nM\u0171anyag blokk forma: \u00f6nz\u00e1r\u00f3 t\u00e9gla<br \/>\nAnyaga: M\u0171anyag<br \/>\nM\u0171anyag t\u00edpus: ABS<br \/>\nBricks Blocks: 578 +<br \/>\nEredeti doboza nincs<\/p>","protected":false},"featured_media":53612,"comment_status":"open","ping_status":"closed","template":"","meta":{"_acf_changed":false},"product_cat":[1365,371],"product_tag":[11072,8452,12935],"class_list":["product","first","instock","shipping-taxable","purchasable","product-type-simple"],"acf":[],"_links":{"self":[{"href":"https:\/\/mouldking.store\/hu\/wp-json\/wp\/v2\/product\/53622","targetHints":{"allow":["GET"]}}],"collection":[{"href":"https:\/\/mouldking.store\/hu\/wp-json\/wp\/v2\/product"}],"about":[{"href":"https:\/\/mouldking.store\/hu\/wp-json\/wp\/v2\/types\/product"}],"replies":[{"embeddable":true,"href":"https:\/\/mouldking.store\/hu\/wp-json\/wp\/v2\/comments?post=53622"}],"wp:featuredmedia":[{"embeddable":true,"href":"https:\/\/mouldking.store\/hu\/wp-json\/wp\/v2\/media\/53612"}],"wp:attachment":[{"href":"https:\/\/mouldking.store\/hu\/wp-json\/wp\/v2\/media?parent=53622"}],"wp:term":[{"taxonomy":"product_cat","embeddable":true,"href":"https:\/\/mouldking.store\/hu\/wp-json\/wp\/v2\/product_cat?post=53622"},{"taxonomy":"product_tag","embeddable":true,"href":"https:\/\/mouldking.store\/hu\/wp-json\/wp\/v2\/product_tag?post=53622"}],"curies":[{"name":"wp","href":"https:\/\/api.w.org\/{rel}","templated":true}]}}