{"id":53631,"date":"2023-12-04T12:34:57","date_gmt":"2023-12-04T05:34:57","guid":{"rendered":"https:\/\/mouldking.store\/shop\/tuomu-t7003-steam-davinci-owl-with-400-pieces\/"},"modified":"2023-12-04T12:34:57","modified_gmt":"2023-12-04T05:34:57","slug":"tuomu-t7003-steam-davinci-owl-with-400-pieces","status":"publish","type":"product","link":"https:\/\/mouldking.store\/hu\/shop\/tuomu-t7003-steam-davinci-owl-with-400-pieces\/","title":{"rendered":"TuoMu T7003 Steam Davinci Owl with 400 Pieces"},"content":{"rendered":"<div>\u2705 TUOMU T7003 Steam Davinci Owl<br \/>&nbsp;<br \/>\u2705&#8221;The House of Da Vinci&#8221; is a puzzle-adventure game developed by Blue Brain Games. It is available on various platforms, including iOS, Android, Windows, and macOS. The game was initially released in 2017.<br \/>&nbsp;<br \/>\ud83d\udeab FONTOS!&nbsp;<br \/>&nbsp;<br \/>Product Name:&nbsp; Steam Davinci Owl<br \/>&nbsp;<br \/>Kateg\u00f3ria: Alkot\u00f3&nbsp;<br \/>&nbsp;<br \/>This Kit Contains:&nbsp; TUOMU T7003&nbsp;<br \/>&nbsp;<br \/>400 db j\u00f3 min\u0151s\u00e9g\u0171 t\u00e9gla&nbsp;<br \/>&nbsp;<br \/>Size: 23.3 \u00d7 20.7 cm<\/p>\n<p>K\u00e9zi utas\u00edt\u00e1sok&nbsp;<br \/>&nbsp;<br \/>\ud83d\udcccA f\u0151szerepl\u0151 term\u00e9szete&nbsp;<br \/>&nbsp;<br \/>Introducing our proud collection named \u201cSteam Davinci Owl\u201d you should not miss.&nbsp;<br \/>&nbsp;<br \/>&#8220;The House of Da Vinci&#8221; belongs to the puzzle-adventure genre. Players navigate through a series of intricately designed environments, solving puzzles and uncovering the story. The game is set in the Renaissance era, and players take on the role of an apprentice of Leonardo da Vinci. The main objective is to explore Da Vinci&#8217;s workshop, solve puzzles, and uncover the secrets hidden within the house.<\/div>","protected":false},"excerpt":{"rendered":"<p>Brand: TuoMu<br \/>\nNem: Uniszex<br \/>\nKoroszt\u00e1ly: 8 \u00e9v felett<br \/>\nModel Number: T7003<br \/>\nBesorol\u00e1s: \u00d6sszeszerel\u00e9s<br \/>\nM\u0171anyag blokk forma: \u00f6nz\u00e1r\u00f3 t\u00e9gla<br \/>\nAnyaga: M\u0171anyag<br \/>\nM\u0171anyag t\u00edpus: ABS<br \/>\nT\u00e9gla T\u00e9gla: 400+<br \/>\nEredeti doboza nincs<br \/>\nA darabok v\u00e1ltozhatnak<\/p>","protected":false},"featured_media":53613,"comment_status":"open","ping_status":"closed","template":"","meta":{"_acf_changed":false},"product_cat":[1365,371],"product_tag":[11072,8452,12937,12105,1006],"class_list":["product","first","instock","shipping-taxable","purchasable","product-type-simple"],"acf":[],"_links":{"self":[{"href":"https:\/\/mouldking.store\/hu\/wp-json\/wp\/v2\/product\/53631","targetHints":{"allow":["GET"]}}],"collection":[{"href":"https:\/\/mouldking.store\/hu\/wp-json\/wp\/v2\/product"}],"about":[{"href":"https:\/\/mouldking.store\/hu\/wp-json\/wp\/v2\/types\/product"}],"replies":[{"embeddable":true,"href":"https:\/\/mouldking.store\/hu\/wp-json\/wp\/v2\/comments?post=53631"}],"wp:featuredmedia":[{"embeddable":true,"href":"https:\/\/mouldking.store\/hu\/wp-json\/wp\/v2\/media\/53613"}],"wp:attachment":[{"href":"https:\/\/mouldking.store\/hu\/wp-json\/wp\/v2\/media?parent=53631"}],"wp:term":[{"taxonomy":"product_cat","embeddable":true,"href":"https:\/\/mouldking.store\/hu\/wp-json\/wp\/v2\/product_cat?post=53631"},{"taxonomy":"product_tag","embeddable":true,"href":"https:\/\/mouldking.store\/hu\/wp-json\/wp\/v2\/product_tag?post=53631"}],"curies":[{"name":"wp","href":"https:\/\/api.w.org\/{rel}","templated":true}]}}