{"id":53636,"date":"2023-12-04T12:35:04","date_gmt":"2023-12-04T05:35:04","guid":{"rendered":"https:\/\/mouldking.store\/shop\/zhegao-662015-back-to-the-1990s-tv-with-549-pieces\/"},"modified":"2023-12-04T12:35:04","modified_gmt":"2023-12-04T05:35:04","slug":"zhegao-662015-back-to-the-1990s-tv-with-549-pieces","status":"publish","type":"product","link":"https:\/\/mouldking.store\/hu\/shop\/zhegao-662015-back-to-the-1990s-tv-with-549-pieces\/","title":{"rendered":"ZHEGAO 662015 Back To The 1990&#8217;s TV with 549 Pieces"},"content":{"rendered":"<div>\u2705 ZHEGAO 662015 Back To The 1990&#8217;s TV<br \/>&nbsp;<br \/>\u2705Television sets in the 1990s had a distinctive appearance compared to the slim, high-definition models that dominate today&#8217;s market.&nbsp;<\/p>\n<p>\ud83d\udeab FONTOS!&nbsp;<br \/>&nbsp;<br \/>Product Name: Back To The 1990&#8217;s TV<br \/>&nbsp;<br \/>Kateg\u00f3ria: Alkot\u00f3&nbsp;<br \/>&nbsp;<br \/>This Kit Contains:&nbsp; ZHEGAO 662015<br \/>&nbsp;<br \/>549 pcs Good Quality Bricks&nbsp;<br \/>&nbsp;<br \/>Size: 12 \u00d7 9.12 \u00d7 9.48 cm<br \/>&nbsp;<br \/>K\u00e9zi utas\u00edt\u00e1sok&nbsp;<br \/>&nbsp;<br \/>\ud83d\udcccA f\u0151szerepl\u0151 term\u00e9szete&nbsp;<br \/>&nbsp;<br \/>Introducing our proud collection named \u201cBack To The 1990&#8217;s TV\u201d you should not miss.&nbsp;<br \/>&nbsp;<br \/>CRT was the dominant technology for television displays in the 1990s. These TVs had a large, bulky, and deep back end, which housed the cathode ray tube. Televisions in the 1990s came in various screen sizes, ranging from small screens, often around 20 inches, to larger screens exceeding 30 inches. The size of the TV was often a significant factor in determining its overall bulk. The standard aspect ratio for televisions in the 1990s was 4:3, which means the screen was almost square in shape. Widescreen displays became more common in the following decades.<\/div>","protected":false},"excerpt":{"rendered":"<p>M\u00e1rka: ZHEGAO<br \/>\nNem: Uniszex<br \/>\nKoroszt\u00e1ly: &gt; 6 \u00e9v<br \/>\nModel Number: 662015<br \/>\nBesorol\u00e1s: \u00d6sszeszerel\u00e9s<br \/>\nM\u0171anyag blokk forma: \u00f6nz\u00e1r\u00f3 t\u00e9gla<br \/>\nAnyaga: M\u0171anyag<br \/>\nM\u0171anyag t\u00edpus: ABS<br \/>\nBricks Blocks: 549 +<br \/>\nEredeti doboza nincs<\/p>","protected":false},"featured_media":53628,"comment_status":"open","ping_status":"closed","template":"","meta":{"_acf_changed":false},"product_cat":[1365,371],"product_tag":[11072,8452,7457,11600,12201],"class_list":["product","first","instock","shipping-taxable","purchasable","product-type-simple"],"acf":[],"_links":{"self":[{"href":"https:\/\/mouldking.store\/hu\/wp-json\/wp\/v2\/product\/53636","targetHints":{"allow":["GET"]}}],"collection":[{"href":"https:\/\/mouldking.store\/hu\/wp-json\/wp\/v2\/product"}],"about":[{"href":"https:\/\/mouldking.store\/hu\/wp-json\/wp\/v2\/types\/product"}],"replies":[{"embeddable":true,"href":"https:\/\/mouldking.store\/hu\/wp-json\/wp\/v2\/comments?post=53636"}],"wp:featuredmedia":[{"embeddable":true,"href":"https:\/\/mouldking.store\/hu\/wp-json\/wp\/v2\/media\/53628"}],"wp:attachment":[{"href":"https:\/\/mouldking.store\/hu\/wp-json\/wp\/v2\/media?parent=53636"}],"wp:term":[{"taxonomy":"product_cat","embeddable":true,"href":"https:\/\/mouldking.store\/hu\/wp-json\/wp\/v2\/product_cat?post=53636"},{"taxonomy":"product_tag","embeddable":true,"href":"https:\/\/mouldking.store\/hu\/wp-json\/wp\/v2\/product_tag?post=53636"}],"curies":[{"name":"wp","href":"https:\/\/api.w.org\/{rel}","templated":true}]}}