{"id":53643,"date":"2023-12-04T12:35:20","date_gmt":"2023-12-04T05:35:20","guid":{"rendered":"https:\/\/mouldking.store\/shop\/welleadz-3101-starry-night-blossom-with-922-pieces\/"},"modified":"2023-12-04T12:35:20","modified_gmt":"2023-12-04T05:35:20","slug":"welleadz-3101-starry-night-blossom-with-922-pieces","status":"publish","type":"product","link":"https:\/\/mouldking.store\/hu\/shop\/welleadz-3101-starry-night-blossom-with-922-pieces\/","title":{"rendered":"Welleadz 3101 Starry Night Blossom with 922 Pieces"},"content":{"rendered":"<div>\u2705Welleadz 3101 Starry Night Blossom<br \/>&nbsp;<br \/>\u2705&#8221;Starry Night&#8221; most commonly refers to a famous painting titled &#8220;The Starry Night,&#8221; created by the Dutch artist Vincent van Gogh. The painting is one of the most well-known and iconic works of art in the world.&nbsp;<br \/>&nbsp;<br \/>\ud83d\udeab FONTOS!&nbsp;<br \/>&nbsp;<br \/>Product Name: Starry Night Blossom<br \/>&nbsp;<br \/>Kateg\u00f3ria: Alkot\u00f3&nbsp;<br \/>&nbsp;<br \/>This Kit Contains: Welleadz 3101<br \/>&nbsp;<br \/>922 pcs Good Quality Bricks&nbsp;<br \/>&nbsp;<br \/>Size: 20 \u00d7 5.4 \u00d7 15.2 cm<br \/>&nbsp;<br \/>K\u00e9zi utas\u00edt\u00e1sok&nbsp;<br \/>&nbsp;<br \/>\ud83d\udcccA f\u0151szerepl\u0151 term\u00e9szete&nbsp;<br \/>&nbsp;<br \/>Introducing our proud collection named \u201cStarry Night Blossom\u201d you should not miss.&nbsp;<br \/>&nbsp;<br \/>The painting depicts a night sky filled with swirling, vividly colored stars and a small village with church steeples in the foreground. The sky is characterized by dynamic, swirling patterns that give the impression of movement and energy. The cypress tree in the foreground adds to the composition&#8217;s sense of rhythm and heightens the emotional intensity of the scene. Van Gogh painted &#8220;The Starry Night&#8221; during his stay at the Saint-Paul-de-Mausole asylum in Saint-R\u00e9my-de-Provence, France. The painting is often considered a reflection of the artist&#8217;s emotional state at the time.<\/div>","protected":false},"excerpt":{"rendered":"<p>Brand: Welleadz<br \/>\nNem: Uniszex<br \/>\nKoroszt\u00e1ly: &gt; 6 \u00e9v<br \/>\nModel Number: 3101<br \/>\nBesorol\u00e1s: \u00d6sszeszerel\u00e9s<br \/>\nM\u0171anyag blokk forma: \u00f6nz\u00e1r\u00f3 t\u00e9gla<br \/>\nAnyaga: M\u0171anyag<br \/>\nM\u0171anyag t\u00edpus: ABS<br \/>\nBricks Blocks: 922 +<br \/>\nEredeti doboza nincs<\/p>","protected":false},"featured_media":53637,"comment_status":"open","ping_status":"closed","template":"","meta":{"_acf_changed":false},"product_cat":[1365,371],"product_tag":[12939,7155,11072,8452,12938],"class_list":["product","first","instock","shipping-taxable","purchasable","product-type-simple"],"acf":[],"_links":{"self":[{"href":"https:\/\/mouldking.store\/hu\/wp-json\/wp\/v2\/product\/53643","targetHints":{"allow":["GET"]}}],"collection":[{"href":"https:\/\/mouldking.store\/hu\/wp-json\/wp\/v2\/product"}],"about":[{"href":"https:\/\/mouldking.store\/hu\/wp-json\/wp\/v2\/types\/product"}],"replies":[{"embeddable":true,"href":"https:\/\/mouldking.store\/hu\/wp-json\/wp\/v2\/comments?post=53643"}],"wp:featuredmedia":[{"embeddable":true,"href":"https:\/\/mouldking.store\/hu\/wp-json\/wp\/v2\/media\/53637"}],"wp:attachment":[{"href":"https:\/\/mouldking.store\/hu\/wp-json\/wp\/v2\/media?parent=53643"}],"wp:term":[{"taxonomy":"product_cat","embeddable":true,"href":"https:\/\/mouldking.store\/hu\/wp-json\/wp\/v2\/product_cat?post=53643"},{"taxonomy":"product_tag","embeddable":true,"href":"https:\/\/mouldking.store\/hu\/wp-json\/wp\/v2\/product_tag?post=53643"}],"curies":[{"name":"wp","href":"https:\/\/api.w.org\/{rel}","templated":true}]}}