{"id":53654,"date":"2023-12-04T12:35:40","date_gmt":"2023-12-04T05:35:40","guid":{"rendered":"https:\/\/mouldking.store\/shop\/funwhole-f9021-western-saloon-with-2026-pieces\/"},"modified":"2023-12-04T12:35:40","modified_gmt":"2023-12-04T05:35:40","slug":"funwhole-f9021-western-saloon-with-2026-pieces","status":"publish","type":"product","link":"https:\/\/mouldking.store\/hu\/shop\/funwhole-f9021-western-saloon-with-2026-pieces\/","title":{"rendered":"FunWhole F9021 Western Saloon with 2026 Pieces"},"content":{"rendered":"<div>\u2705FunWhole F9021 Western Saloon<br \/>&nbsp;<br \/>\u2705A Western saloon refers to a type of establishment that was common in the Old West during the 19th century in the United States. These saloons played a significant role in the social and cultural life of frontier towns.&nbsp;<br \/>&nbsp;<br \/>\ud83d\udeab FONTOS!&nbsp;<br \/>&nbsp;<br \/>Product Name: Western Saloon<br \/>&nbsp;<br \/>Kateg\u00f3ria: Modul\u00e1ris \u00e9p\u00fclet<br \/>&nbsp;<br \/>This Kit Contains: FunWhole F9021<br \/>&nbsp;<br \/>2026 pcs Good Quality Bricks&nbsp;<br \/>&nbsp;<br \/>K\u00e9zi utas\u00edt\u00e1sok&nbsp;<br \/>&nbsp;<br \/>\ud83d\udcccA f\u0151szerepl\u0151 term\u00e9szete&nbsp;<br \/>&nbsp;<br \/>Introducing our proud collection named \u201cWestern Saloon\u201d you should not miss.&nbsp;<br \/>&nbsp;<br \/>Typically located in frontier towns or mining camps, Western saloons had a rustic and often makeshift appearance. They were constructed quickly with wood and other locally available materials. The image of the Western saloon has become deeply embedded in popular culture, thanks to countless portrayals in Western films, literature, and other forms of entertainment. It remains a symbol of the American frontier era.<\/div>","protected":false},"excerpt":{"rendered":"<p>M\u00e1rka: FunWhole<br \/>\nNem: Uniszex<br \/>\nKoroszt\u00e1ly: &gt; 6 \u00e9v<br \/>\nModel Number: F9021<br \/>\nBesorol\u00e1s: \u00d6sszeszerel\u00e9s<br \/>\nM\u0171anyag blokk forma: \u00f6nz\u00e1r\u00f3 t\u00e9gla<br \/>\nAnyaga: M\u0171anyag<br \/>\nM\u0171anyag t\u00edpus: ABS<br \/>\nBricks Blocks: 2026 +<br \/>\nEredeti doboza nincs<\/p>","protected":false},"featured_media":53641,"comment_status":"open","ping_status":"closed","template":"","meta":{"_acf_changed":false},"product_cat":[1395,1502,390],"product_tag":[4883,392,11767,9100],"class_list":["product","first","instock","shipping-taxable","purchasable","product-type-simple"],"acf":[],"_links":{"self":[{"href":"https:\/\/mouldking.store\/hu\/wp-json\/wp\/v2\/product\/53654","targetHints":{"allow":["GET"]}}],"collection":[{"href":"https:\/\/mouldking.store\/hu\/wp-json\/wp\/v2\/product"}],"about":[{"href":"https:\/\/mouldking.store\/hu\/wp-json\/wp\/v2\/types\/product"}],"replies":[{"embeddable":true,"href":"https:\/\/mouldking.store\/hu\/wp-json\/wp\/v2\/comments?post=53654"}],"wp:featuredmedia":[{"embeddable":true,"href":"https:\/\/mouldking.store\/hu\/wp-json\/wp\/v2\/media\/53641"}],"wp:attachment":[{"href":"https:\/\/mouldking.store\/hu\/wp-json\/wp\/v2\/media?parent=53654"}],"wp:term":[{"taxonomy":"product_cat","embeddable":true,"href":"https:\/\/mouldking.store\/hu\/wp-json\/wp\/v2\/product_cat?post=53654"},{"taxonomy":"product_tag","embeddable":true,"href":"https:\/\/mouldking.store\/hu\/wp-json\/wp\/v2\/product_tag?post=53654"}],"curies":[{"name":"wp","href":"https:\/\/api.w.org\/{rel}","templated":true}]}}