{"id":53691,"date":"2023-12-04T12:36:48","date_gmt":"2023-12-04T05:36:48","guid":{"rendered":"https:\/\/mouldking.store\/shop\/jiestar-58108-hongq1-s9-with-motor-with-1626-pieces\/"},"modified":"2023-12-04T12:36:48","modified_gmt":"2023-12-04T05:36:48","slug":"jiestar-58108-hongq1-s9-with-motor-with-1626-pieces","status":"publish","type":"product","link":"https:\/\/mouldking.store\/hu\/shop\/jiestar-58108-hongq1-s9-with-motor-with-1626-pieces\/","title":{"rendered":"JIESTAR 58108 HONGQ1 S9 With Motor with 1626 Pieces"},"content":{"rendered":"<div>\u2705JIESTAR 58108 HONGQ1 S9 With Motor<br \/>&nbsp;<br \/>\u2705The Hongqi S9 is designed as a high-performance and visually striking sports car. It features aerodynamic styling, sleek lines, and a modern design aesthetic.<br \/>&nbsp;<br \/>\ud83d\udeab FONTOS!&nbsp;<br \/>&nbsp;<br \/>Product Name: HONGQ1 S9 With Motor<br \/>&nbsp;<br \/>Kateg\u00f3ria: M\u0171szaki<br \/>&nbsp;<br \/>This Kit Contains: JIESTAR 58108<br \/>&nbsp;<br \/>1626 pcs Good Quality Bricks&nbsp;<br \/>&nbsp;<br \/>Size: 34 \u00d7 16 \u00d7 9 cm<br \/>&nbsp;<br \/>K\u00e9zi utas\u00edt\u00e1sok&nbsp;<br \/>&nbsp;<br \/>\ud83d\udcccA f\u0151szerepl\u0151 term\u00e9szete&nbsp;<br \/>&nbsp;<br \/>Introducing our proud collection named \u201cHONGQ1 S9 With Motor\u201d you should not miss.&nbsp;<br \/>&nbsp;<br \/>The S9 is a hybrid sports car, featuring a combination of an internal combustion engine and electric motors. This hybrid powertrain is designed to deliver both performance and efficiency. The S9 is a hybrid sports car, featuring a combination of an internal combustion engine and electric motors. This hybrid powertrain is designed to deliver both performance and efficiency. Like other Hongqi models, the S9 is likely to feature a luxurious interior with high-quality materials, advanced technology, and comfort features.<\/div>","protected":false},"excerpt":{"rendered":"<p>M\u00e1rka: JIESTAR<br \/>\nNem: Uniszex<br \/>\nKoroszt\u00e1ly: &gt; 6 \u00e9v<br \/>\nModel Number: 58108<br \/>\nBesorol\u00e1s: \u00d6sszeszerel\u00e9s<br \/>\nM\u0171anyag blokk forma: \u00f6nz\u00e1r\u00f3 t\u00e9gla<br \/>\nAnyaga: M\u0171anyag<br \/>\nM\u0171anyag t\u00edpus: ABS<br \/>\nBricks Blocks: 1626 +<br \/>\nEredeti doboza nincs<\/p>","protected":false},"featured_media":53680,"comment_status":"open","ping_status":"closed","template":"","meta":{"_acf_changed":false},"product_cat":[1360,1357,364,1875],"product_tag":[457,12942,11150,11071,389,11080],"class_list":["product","first","instock","shipping-taxable","purchasable","product-type-simple"],"acf":[],"_links":{"self":[{"href":"https:\/\/mouldking.store\/hu\/wp-json\/wp\/v2\/product\/53691","targetHints":{"allow":["GET"]}}],"collection":[{"href":"https:\/\/mouldking.store\/hu\/wp-json\/wp\/v2\/product"}],"about":[{"href":"https:\/\/mouldking.store\/hu\/wp-json\/wp\/v2\/types\/product"}],"replies":[{"embeddable":true,"href":"https:\/\/mouldking.store\/hu\/wp-json\/wp\/v2\/comments?post=53691"}],"wp:featuredmedia":[{"embeddable":true,"href":"https:\/\/mouldking.store\/hu\/wp-json\/wp\/v2\/media\/53680"}],"wp:attachment":[{"href":"https:\/\/mouldking.store\/hu\/wp-json\/wp\/v2\/media?parent=53691"}],"wp:term":[{"taxonomy":"product_cat","embeddable":true,"href":"https:\/\/mouldking.store\/hu\/wp-json\/wp\/v2\/product_cat?post=53691"},{"taxonomy":"product_tag","embeddable":true,"href":"https:\/\/mouldking.store\/hu\/wp-json\/wp\/v2\/product_tag?post=53691"}],"curies":[{"name":"wp","href":"https:\/\/api.w.org\/{rel}","templated":true}]}}