{"id":53703,"date":"2023-12-04T12:44:47","date_gmt":"2023-12-04T05:44:47","guid":{"rendered":"https:\/\/mouldking.store\/shop\/jaki-jk5155-amazing-christmas-night-with-526-pieces\/"},"modified":"2023-12-04T12:44:47","modified_gmt":"2023-12-04T05:44:47","slug":"jaki-jk5155-amazing-christmas-night-with-526-pieces","status":"publish","type":"product","link":"https:\/\/mouldking.store\/hu\/shop\/jaki-jk5155-amazing-christmas-night-with-526-pieces\/","title":{"rendered":"JAKI JK5155 Amazing Christmas Night with 526 Pieces"},"content":{"rendered":"<div>\u2705JAKI JK5155 Amazing Christmas Night&nbsp;<br \/>&nbsp;<br \/>\u2705An amazing Christmas night is characterized by a magical and festive atmosphere, filled with joy, warmth, and the spirit of celebration.&nbsp;<br \/>&nbsp;<br \/>\ud83d\udeab FONTOS!&nbsp;<br \/>&nbsp;<br \/>Product Name: Amazing Christmas Night&nbsp;<br \/>&nbsp;<br \/>Kateg\u00f3ria: Alkot\u00f3&nbsp;<br \/>&nbsp;<br \/>This Kit Contains: JAKI JK5155<br \/>&nbsp;<br \/>526 pcs Good Quality Bricks&nbsp;<br \/>&nbsp;<br \/>Size:&nbsp; 28.8 \u00d7 11.76 \u00d7 16.08 cm<br \/>&nbsp;<br \/>K\u00e9zi utas\u00edt\u00e1sok&nbsp;<br \/>&nbsp;<br \/>\ud83d\udcccA f\u0151szerepl\u0151 term\u00e9szete&nbsp;<br \/>&nbsp;<br \/>Introducing our proud collection named \u201cAmazing Christmas Night you should not miss.&nbsp;<br \/>&nbsp;<br \/>Christmas trees, adorned with an array of ornaments, tinsel, and lights, stand tall and proud. The scent of fresh pine fills the air, and beneath the tree, wrapped presents add to the anticipation of gift-giving.<\/div>","protected":false},"excerpt":{"rendered":"<p>M\u00e1rka: JAKI<br \/>\nNem: Uniszex<br \/>\nKoroszt\u00e1ly: 8 \u00e9v felett<br \/>\nModel Number: JK5155<br \/>\nBesorol\u00e1s: \u00d6sszeszerel\u00e9s<br \/>\nM\u0171anyag blokk forma: \u00f6nz\u00e1r\u00f3 t\u00e9gla<br \/>\nAnyaga: M\u0171anyag<br \/>\nM\u0171anyag t\u00edpus: ABS<br \/>\nBricks Blocks: 526 +<br \/>\nEredeti doboza nincs<\/p>","protected":false},"featured_media":53701,"comment_status":"open","ping_status":"closed","template":"","meta":{"_acf_changed":false},"product_cat":[1365,371],"product_tag":[12876,1066,11072,8452,12945],"class_list":["product","first","instock","shipping-taxable","purchasable","product-type-simple"],"acf":[],"_links":{"self":[{"href":"https:\/\/mouldking.store\/hu\/wp-json\/wp\/v2\/product\/53703","targetHints":{"allow":["GET"]}}],"collection":[{"href":"https:\/\/mouldking.store\/hu\/wp-json\/wp\/v2\/product"}],"about":[{"href":"https:\/\/mouldking.store\/hu\/wp-json\/wp\/v2\/types\/product"}],"replies":[{"embeddable":true,"href":"https:\/\/mouldking.store\/hu\/wp-json\/wp\/v2\/comments?post=53703"}],"wp:featuredmedia":[{"embeddable":true,"href":"https:\/\/mouldking.store\/hu\/wp-json\/wp\/v2\/media\/53701"}],"wp:attachment":[{"href":"https:\/\/mouldking.store\/hu\/wp-json\/wp\/v2\/media?parent=53703"}],"wp:term":[{"taxonomy":"product_cat","embeddable":true,"href":"https:\/\/mouldking.store\/hu\/wp-json\/wp\/v2\/product_cat?post=53703"},{"taxonomy":"product_tag","embeddable":true,"href":"https:\/\/mouldking.store\/hu\/wp-json\/wp\/v2\/product_tag?post=53703"}],"curies":[{"name":"wp","href":"https:\/\/api.w.org\/{rel}","templated":true}]}}