{"id":53750,"date":"2023-12-08T12:01:38","date_gmt":"2023-12-08T05:01:38","guid":{"rendered":"https:\/\/mouldking.store\/shop\/k-box-v5009-assault-bust-with-8811-pieces\/"},"modified":"2023-12-08T12:01:38","modified_gmt":"2023-12-08T05:01:38","slug":"k-box-v5009-assault-bust-with-8811-pieces","status":"publish","type":"product","link":"https:\/\/mouldking.store\/hu\/shop\/k-box-v5009-assault-bust-with-8811-pieces\/","title":{"rendered":"K-Box V5009 Assault Bust with 8811 Pieces"},"content":{"rendered":"<div>\u2705K-BOX V5009 Assault Bust<br \/>&nbsp;<br \/>\ud83d\udeab FONTOS!&nbsp;<br \/>&nbsp;<br \/>Product Name: Assault Bust<br \/>&nbsp;<br \/>Kateg\u00f3ria: Film<br \/>&nbsp;<br \/>This Kit Contains: K-BOX V5009&nbsp;<br \/>&nbsp;<br \/>8811 pcs Good Quality Bricks&nbsp;<br \/>&nbsp;<br \/>Size: 79 \u00d7 51.5 \u00d7 53.5 cm<br \/>&nbsp;<br \/>K\u00e9zi utas\u00edt\u00e1sok&nbsp;<br \/>&nbsp;<br \/>\ud83d\udcccA f\u0151szerepl\u0151 term\u00e9szete&nbsp;<br \/>&nbsp;<br \/>Introducing our proud collection named \u201cAssault Bust\u201d you should not miss.&nbsp;<br \/>&nbsp;<br \/>Z Warrior Breastplate (Assault Bust) belongs to the film and television game series building block set. The entire set contains 8811 building block particles. First released in 2023.<\/div>","protected":false},"excerpt":{"rendered":"<p>M\u00e1rka: K-Box<br \/>\nNem: Uniszex<br \/>\nKorhat\u00e1r: 14 \u00e9v felett<br \/>\nModel Number: V5009<br \/>\nBesorol\u00e1s: \u00d6sszeszerel\u00e9s<br \/>\nM\u0171anyag blokk forma: \u00f6nz\u00e1r\u00f3 t\u00e9gla<br \/>\nAnyaga: M\u0171anyag<br \/>\nM\u0171anyag t\u00edpus: ABS<br \/>\nBricks Blocks: 8811 +<br \/>\nEredeti doboza nincs<\/p>","protected":false},"featured_media":53744,"comment_status":"open","ping_status":"closed","template":"","meta":{"_acf_changed":false},"product_cat":[1365,371,581,1408],"product_tag":[7147,1753,11072,8452,434,590,11369],"class_list":["product","first","instock","shipping-taxable","purchasable","product-type-simple"],"acf":[],"_links":{"self":[{"href":"https:\/\/mouldking.store\/hu\/wp-json\/wp\/v2\/product\/53750","targetHints":{"allow":["GET"]}}],"collection":[{"href":"https:\/\/mouldking.store\/hu\/wp-json\/wp\/v2\/product"}],"about":[{"href":"https:\/\/mouldking.store\/hu\/wp-json\/wp\/v2\/types\/product"}],"replies":[{"embeddable":true,"href":"https:\/\/mouldking.store\/hu\/wp-json\/wp\/v2\/comments?post=53750"}],"wp:featuredmedia":[{"embeddable":true,"href":"https:\/\/mouldking.store\/hu\/wp-json\/wp\/v2\/media\/53744"}],"wp:attachment":[{"href":"https:\/\/mouldking.store\/hu\/wp-json\/wp\/v2\/media?parent=53750"}],"wp:term":[{"taxonomy":"product_cat","embeddable":true,"href":"https:\/\/mouldking.store\/hu\/wp-json\/wp\/v2\/product_cat?post=53750"},{"taxonomy":"product_tag","embeddable":true,"href":"https:\/\/mouldking.store\/hu\/wp-json\/wp\/v2\/product_tag?post=53750"}],"curies":[{"name":"wp","href":"https:\/\/api.w.org\/{rel}","templated":true}]}}