{"id":53786,"date":"2023-12-08T12:02:41","date_gmt":"2023-12-08T05:02:41","guid":{"rendered":"https:\/\/mouldking.store\/shop\/zhegao-612016-warm-home-with-1375-pieces\/"},"modified":"2023-12-08T12:02:41","modified_gmt":"2023-12-08T05:02:41","slug":"zhegao-612016-warm-home-with-1375-pieces","status":"publish","type":"product","link":"https:\/\/mouldking.store\/hu\/shop\/zhegao-612016-warm-home-with-1375-pieces\/","title":{"rendered":"ZHEGAO 612016 Warm Home with 1375 Pieces"},"content":{"rendered":"<div>\u2705ZHEGAO 612016 Warm Home<\/p>\n<p>\ud83d\udeab FONTOS!&nbsp;<br \/>&nbsp;<br \/>Product Name: Warm Home<br \/>&nbsp;<br \/>Kateg\u00f3ria: Alkot\u00f3&nbsp;<br \/>&nbsp;<br \/>This Kit Contains: ZHEGAO 612016<br \/>&nbsp;<br \/>1375 pcs Good Quality Bricks&nbsp;<br \/>&nbsp;<br \/>Size: 16.5 \u00d7 14.5 \u00d7 21.8 cm<br \/>&nbsp;<br \/>K\u00e9zi utas\u00edt\u00e1sok&nbsp;<br \/>&nbsp;<br \/>\ud83d\udcccA f\u0151szerepl\u0151 term\u00e9szete&nbsp;<br \/>&nbsp;<br \/>Introducing our proud collection named \u201cWarm Home\u201d you should not miss.&nbsp;<br \/>&nbsp;<br \/>Warm Home belongs to the girls series of building block sets. The entire set contains 1375 building block particles. First released in 2023.<\/div>","protected":false},"excerpt":{"rendered":"<p>M\u00e1rka: ZHEGAO<br \/>\nNem: Uniszex<br \/>\nKoroszt\u00e1ly: &gt; 6 \u00e9v<br \/>\nModel Number: 612016<br \/>\nBesorol\u00e1s: \u00d6sszeszerel\u00e9s<br \/>\nM\u0171anyag blokk forma: \u00f6nz\u00e1r\u00f3 t\u00e9gla<br \/>\nAnyaga: M\u0171anyag<br \/>\nM\u0171anyag t\u00edpus: ABS<br \/>\nBricks Blocks: 1375 +<br \/>\nEredeti doboza nincs<\/p>","protected":false},"featured_media":53780,"comment_status":"open","ping_status":"closed","template":"","meta":{"_acf_changed":false},"product_cat":[1365,1475,371],"product_tag":[11072,8452,11035,12949],"class_list":["product","first","instock","shipping-taxable","purchasable","product-type-simple"],"acf":[],"_links":{"self":[{"href":"https:\/\/mouldking.store\/hu\/wp-json\/wp\/v2\/product\/53786","targetHints":{"allow":["GET"]}}],"collection":[{"href":"https:\/\/mouldking.store\/hu\/wp-json\/wp\/v2\/product"}],"about":[{"href":"https:\/\/mouldking.store\/hu\/wp-json\/wp\/v2\/types\/product"}],"replies":[{"embeddable":true,"href":"https:\/\/mouldking.store\/hu\/wp-json\/wp\/v2\/comments?post=53786"}],"wp:featuredmedia":[{"embeddable":true,"href":"https:\/\/mouldking.store\/hu\/wp-json\/wp\/v2\/media\/53780"}],"wp:attachment":[{"href":"https:\/\/mouldking.store\/hu\/wp-json\/wp\/v2\/media?parent=53786"}],"wp:term":[{"taxonomy":"product_cat","embeddable":true,"href":"https:\/\/mouldking.store\/hu\/wp-json\/wp\/v2\/product_cat?post=53786"},{"taxonomy":"product_tag","embeddable":true,"href":"https:\/\/mouldking.store\/hu\/wp-json\/wp\/v2\/product_tag?post=53786"}],"curies":[{"name":"wp","href":"https:\/\/api.w.org\/{rel}","templated":true}]}}