{"id":53933,"date":"2023-12-18T19:35:02","date_gmt":"2023-12-18T12:35:02","guid":{"rendered":"https:\/\/mouldking.store\/shop\/tuole-l8004-b-robo-kabutack-with-723-pieces\/"},"modified":"2023-12-18T19:35:02","modified_gmt":"2023-12-18T12:35:02","slug":"tuole-l8004-b-robo-kabutack-with-723-pieces","status":"publish","type":"product","link":"https:\/\/mouldking.store\/hu\/shop\/tuole-l8004-b-robo-kabutack-with-723-pieces\/","title":{"rendered":"TUOLE L8004 B-Robo Kabutack with 723 Pieces"},"content":{"rendered":"<div>\u2705 TuoLe L8004 B-Robo Kabutack<br \/>&nbsp;<br \/>\u2705B-Robo Kabutack is a Japanese tokusatsu television series that falls under the broader genre of &#8220;tokusatsu,&#8221; which refers to live-action shows and movies that often involve special effects, superheroes, and mecha (giant robots). The series was produced by Toei Company and aired from 1997 to 1998.<br \/>&nbsp;<br \/>\ud83d\udeab FONTOS!&nbsp;<br \/>&nbsp;<br \/>Product Name: B-Robo Kabutack<br \/>&nbsp;<br \/>Kateg\u00f3ria: Film&nbsp;<br \/>&nbsp;<br \/>This Kit Contains:&nbsp; TuoLe L8004<br \/>&nbsp;<br \/>723 pcs Good Quality Bricks&nbsp;<br \/>&nbsp;<br \/>Size: 16 \u00d7 8 \u00d7 20.2 cm<br \/>&nbsp;<br \/>K\u00e9zi utas\u00edt\u00e1sok&nbsp;<br \/>&nbsp;<br \/>\ud83d\udcccA f\u0151szerepl\u0151 term\u00e9szete&nbsp;<br \/>&nbsp;<br \/>Introducing our proud collection named \u201cB-Robo Kabutack\u201d you should not miss.&nbsp;<br \/>&nbsp;<br \/>The story revolves around Kabutack, a small beetle-like robot who comes to Earth to live with a young boy named Katori Tachibana. Kabutack can transform into various forms and is equipped with special abilities. Together with Katori and his friends, Kabutack defends Earth from evil forces. B-Robo Kabutack is primarily a children&#8217;s show with elements of action, adventure, and science fiction. It follows a formula common in tokusatsu shows where heroes, often with the help of mecha or special powers, battle against villains and monsters.<\/div>","protected":false},"excerpt":{"rendered":"<p>Brand: TUOLE<br \/>\nNem: Uniszex<br \/>\nKoroszt\u00e1ly: &gt; 6 \u00e9v<br \/>\nModel Number: L8004<br \/>\nBesorol\u00e1s: \u00d6sszeszerel\u00e9s<br \/>\nM\u0171anyag blokk forma: \u00f6nz\u00e1r\u00f3 t\u00e9gla<br \/>\nAnyaga: M\u0171anyag<br \/>\nM\u0171anyag t\u00edpus: ABS<br \/>\nBricks Blocks: 723 +<br \/>\nEredeti doboza nincs<\/p>","protected":false},"featured_media":53928,"comment_status":"open","ping_status":"closed","template":"","meta":{"_acf_changed":false},"product_cat":[1365,371,581,1408],"product_tag":[11148,12953,11072,8452,8789,12954,434,12952],"class_list":["product","first","instock","shipping-taxable","purchasable","product-type-simple"],"acf":[],"_links":{"self":[{"href":"https:\/\/mouldking.store\/hu\/wp-json\/wp\/v2\/product\/53933","targetHints":{"allow":["GET"]}}],"collection":[{"href":"https:\/\/mouldking.store\/hu\/wp-json\/wp\/v2\/product"}],"about":[{"href":"https:\/\/mouldking.store\/hu\/wp-json\/wp\/v2\/types\/product"}],"replies":[{"embeddable":true,"href":"https:\/\/mouldking.store\/hu\/wp-json\/wp\/v2\/comments?post=53933"}],"wp:featuredmedia":[{"embeddable":true,"href":"https:\/\/mouldking.store\/hu\/wp-json\/wp\/v2\/media\/53928"}],"wp:attachment":[{"href":"https:\/\/mouldking.store\/hu\/wp-json\/wp\/v2\/media?parent=53933"}],"wp:term":[{"taxonomy":"product_cat","embeddable":true,"href":"https:\/\/mouldking.store\/hu\/wp-json\/wp\/v2\/product_cat?post=53933"},{"taxonomy":"product_tag","embeddable":true,"href":"https:\/\/mouldking.store\/hu\/wp-json\/wp\/v2\/product_tag?post=53933"}],"curies":[{"name":"wp","href":"https:\/\/api.w.org\/{rel}","templated":true}]}}