{"id":53973,"date":"2023-12-18T19:36:39","date_gmt":"2023-12-18T12:36:39","guid":{"rendered":"https:\/\/mouldking.store\/shop\/moc-factory-100918-kingdom-hearts-twilight-town-clock-tower-with-1050-pieces\/"},"modified":"2025-12-16T20:59:16","modified_gmt":"2025-12-16T13:59:16","slug":"moc-factory-100918-kingdom-hearts-twilight-town-clock-tower-with-1050-pieces","status":"publish","type":"product","link":"https:\/\/mouldking.store\/hu\/shop\/moc-factory-100918-kingdom-hearts-twilight-town-clock-tower-with-1050-pieces\/","title":{"rendered":"MOC Factory 100918 Kingdom Hearts Twilight Town Clock Tower with 1050 Pieces"},"content":{"rendered":"<div>\u2705 MOC-100918 Kingdom Hearts Twilight Town Clock Tower<\/p>\n<p>\u2705Twilight Town is a fictional town within the &#8220;Kingdom Hearts&#8221; universe. It has a distinctive aesthetic, featuring a mixture of modern and nostalgic elements. The town serves as a central location for certain events and serves as the home world for characters like Roxas and Hayner.<\/p>\n<p>\ud83d\udeab FONTOS!<\/p>\n<p>Product Name: Kingdom Hearts Twilight Town Clock Tower<\/p>\n<p>Kateg\u00f3ria: Film<\/p>\n<p>This Kit Contains: C9842<\/p>\n<p>1050&nbsp; pcs Good Quality Bricks<\/p>\n<p>Size: 20 x 12 x 24 cm<\/p>\n<p>Weight: 0.5727 kg<\/p>\n<p>PDF \u00datmutat\u00f3<\/p>\n<p>\ud83d\udcccA f\u0151szerepl\u0151 term\u00e9szete<\/p>\n<p>Introducing our proud collection named \u201cKingdom Hearts Twilight Town Clock Tower\u201d you should not miss.<\/p>\n<p>The clock tower in Twilight Town is a prominent landmark. It becomes especially significant during the story of &#8220;Kingdom Hearts II.&#8221; The clock on the tower has a role in the narrative, and it&#8217;s a place where key events unfold. Without delving into too many spoilers, the Twilight Town clock tower is associated with the characters Roxas and Namin\u00e9. It serves as a meeting point and a location for pivotal moments in the game&#8217;s story. Players can explore Twilight Town in &#8220;Kingdom Hearts II&#8221; and interact with various characters in and around the clock tower. The town and its landmarks play a role in the game&#8217;s progression and narrative.<\/p><\/div>","protected":false},"excerpt":{"rendered":"<p>M\u00e1rka: MOC Factory<br \/>\nNem: Uniszex<br \/>\nKoroszt\u00e1ly: &gt; 6 \u00e9v<br \/>\nModel Number: 100918<br \/>\nBesorol\u00e1s: \u00d6sszeszerel\u00e9s<br \/>\nM\u0171anyag blokk forma: \u00f6nz\u00e1r\u00f3 t\u00e9gla<br \/>\nAnyaga: M\u0171anyag<br \/>\nM\u0171anyag t\u00edpus: ABS<br \/>\nBricks Blocks: 1050 +<br \/>\nEredeti doboza nincs<\/p>","protected":false},"featured_media":53964,"comment_status":"open","ping_status":"closed","template":"","meta":{"_acf_changed":false},"product_cat":[1354,1365,371,581,1408],"product_tag":[2838,11072,8452,12965,12329,434,2302,2682,12966],"class_list":["product","first","instock","shipping-taxable","purchasable","product-type-simple"],"acf":[],"_links":{"self":[{"href":"https:\/\/mouldking.store\/hu\/wp-json\/wp\/v2\/product\/53973","targetHints":{"allow":["GET"]}}],"collection":[{"href":"https:\/\/mouldking.store\/hu\/wp-json\/wp\/v2\/product"}],"about":[{"href":"https:\/\/mouldking.store\/hu\/wp-json\/wp\/v2\/types\/product"}],"replies":[{"embeddable":true,"href":"https:\/\/mouldking.store\/hu\/wp-json\/wp\/v2\/comments?post=53973"}],"wp:featuredmedia":[{"embeddable":true,"href":"https:\/\/mouldking.store\/hu\/wp-json\/wp\/v2\/media\/53964"}],"wp:attachment":[{"href":"https:\/\/mouldking.store\/hu\/wp-json\/wp\/v2\/media?parent=53973"}],"wp:term":[{"taxonomy":"product_cat","embeddable":true,"href":"https:\/\/mouldking.store\/hu\/wp-json\/wp\/v2\/product_cat?post=53973"},{"taxonomy":"product_tag","embeddable":true,"href":"https:\/\/mouldking.store\/hu\/wp-json\/wp\/v2\/product_tag?post=53973"}],"curies":[{"name":"wp","href":"https:\/\/api.w.org\/{rel}","templated":true}]}}