{"id":53988,"date":"2023-12-18T19:36:57","date_gmt":"2023-12-18T12:36:57","guid":{"rendered":"https:\/\/mouldking.store\/shop\/moc-factory-89199-my-singing-monsters-gold-epic-wubbox-knurv-buzzinga-and-epic-jam-boree-with-723-pieces\/"},"modified":"2025-12-16T20:59:16","modified_gmt":"2025-12-16T13:59:16","slug":"moc-factory-89199-my-singing-monsters-gold-epic-wubbox-knurv-buzzinga-and-epic-jam-boree-with-723-pieces","status":"publish","type":"product","link":"https:\/\/mouldking.store\/hu\/shop\/moc-factory-89199-my-singing-monsters-gold-epic-wubbox-knurv-buzzinga-and-epic-jam-boree-with-723-pieces\/","title":{"rendered":"MOC Factory 89199 My Singing Monsters Gold Epic Wubbox Knurv Buzzinga and Epic Jam Boree with 723 Pieces"},"content":{"rendered":"<div>\u2705MOC-89199 My Singing Monsters Gold Epic Wubbox Knurv Buzzinga and Epic Jam Boree<\/p>\n<p>\u2705The Wubbox is a monster in &#8220;My Singing Monsters&#8221; known for its ability to hold and play multiple monsters&#8217; parts at once. The &#8220;Gold Epic Wubbox&#8221; might be a special variant or an enhanced version with additional features. Gold versions of monsters often have unique appearances and abilities.<\/p>\n<p>\ud83d\udeab FONTOS!<\/p>\n<p>Product Name: My Singing Monsters Gold Epic Wubbox Knurv Buzzinga and Epic Jam Boree<\/p>\n<p>Kateg\u00f3ria: Film<\/p>\n<p>This Kit Contains: C9848<\/p>\n<p>723 pcs Good Quality Bricks<\/p>\n<p>Size: 15.7 x 9.1 x 8.6 cm<\/p>\n<p>Weight: 0.285 kg<\/p>\n<p>PDF \u00datmutat\u00f3<\/p>\n<p>\ud83d\udcccA f\u0151szerepl\u0151 term\u00e9szete<\/p>\n<p>Introducing our proud collection named \u201cMy Singing Monsters Gold Epic Wubbox Knurv Buzzinga and Epic Jam Boree\u201d you should not miss.<\/p>\n<p>&#8220;Jam Boree&#8221; monsters in &#8220;My Singing Monsters&#8221; are known for their musical abilities related to the element of &#8220;Air.&#8221; An &#8220;Epic&#8221; version of a monster typically indicates a special, enhanced variant with unique features or appearance.<\/p><\/div>","protected":false},"excerpt":{"rendered":"<p>M\u00e1rka: MOC Factory<br \/>\nNem: Uniszex<br \/>\nKoroszt\u00e1ly: &gt; 6 \u00e9v<br \/>\nModel Number: 89199<br \/>\nBesorol\u00e1s: \u00d6sszeszerel\u00e9s<br \/>\nM\u0171anyag blokk forma: \u00f6nz\u00e1r\u00f3 t\u00e9gla<br \/>\nAnyaga: M\u0171anyag<br \/>\nM\u0171anyag t\u00edpus: ABS<br \/>\nBricks Blocks: 723 +<br \/>\nEredeti doboza nincs<\/p>","protected":false},"featured_media":53974,"comment_status":"open","ping_status":"closed","template":"","meta":{"_acf_changed":false},"product_cat":[1365,1769,371],"product_tag":[12969,11072,8452,12967,9139,12970,12968,11468,11859,11467,11860],"class_list":["product","first","instock","shipping-taxable","purchasable","product-type-simple"],"acf":[],"_links":{"self":[{"href":"https:\/\/mouldking.store\/hu\/wp-json\/wp\/v2\/product\/53988","targetHints":{"allow":["GET"]}}],"collection":[{"href":"https:\/\/mouldking.store\/hu\/wp-json\/wp\/v2\/product"}],"about":[{"href":"https:\/\/mouldking.store\/hu\/wp-json\/wp\/v2\/types\/product"}],"replies":[{"embeddable":true,"href":"https:\/\/mouldking.store\/hu\/wp-json\/wp\/v2\/comments?post=53988"}],"wp:featuredmedia":[{"embeddable":true,"href":"https:\/\/mouldking.store\/hu\/wp-json\/wp\/v2\/media\/53974"}],"wp:attachment":[{"href":"https:\/\/mouldking.store\/hu\/wp-json\/wp\/v2\/media?parent=53988"}],"wp:term":[{"taxonomy":"product_cat","embeddable":true,"href":"https:\/\/mouldking.store\/hu\/wp-json\/wp\/v2\/product_cat?post=53988"},{"taxonomy":"product_tag","embeddable":true,"href":"https:\/\/mouldking.store\/hu\/wp-json\/wp\/v2\/product_tag?post=53988"}],"curies":[{"name":"wp","href":"https:\/\/api.w.org\/{rel}","templated":true}]}}