{"id":53993,"date":"2023-12-18T19:37:01","date_gmt":"2023-12-18T12:37:01","guid":{"rendered":"https:\/\/mouldking.store\/shop\/moc-factory-89198-the-amazing-digital-circus-zooble-with-198-pieces\/"},"modified":"2025-12-16T20:59:16","modified_gmt":"2025-12-16T13:59:16","slug":"moc-factory-89198-the-amazing-digital-circus-zooble-with-198-pieces","status":"publish","type":"product","link":"https:\/\/mouldking.store\/hu\/shop\/moc-factory-89198-the-amazing-digital-circus-zooble-with-198-pieces\/","title":{"rendered":"MOC Factory 89198 A csod\u00e1latos digit\u00e1lis cirkusz Zooble 198 darabbal"},"content":{"rendered":"<div>\u2705MOC-89198 The Amazing Digital Circus Zooble<\/p>\n<p>\u2705Zooble is one of the tertiary characters of the Glitch Productions show, The Amazing Digital Circus.<\/p>\n<p>\ud83d\udeab FONTOS!<\/p>\n<p>Product Name: The Amazing Digital Circus Zooble<\/p>\n<p>Kateg\u00f3ria: Film<\/p>\n<p>This Kit Contains: C9854Y03<\/p>\n<p>198 pcs Good Quality Bricks<\/p>\n<p>Size: 12 x 4.9 x 29.6 cm<\/p>\n<p>Weight: 0.1067 kg<\/p>\n<p>PDF \u00datmutat\u00f3<\/p>\n<p>\ud83d\udcccA f\u0151szerepl\u0151 term\u00e9szete<\/p>\n<p>Introducing our proud collection named \u201cThe Amazing Digital Circus Zooble\u201d you should not miss.<\/p>\n<p>Zooble resembles a Mix and Match toy. Their head is a hot pink isosceles triangle tilted downwards. Their right eye has a swirled black iris and yellow sclera with a bubblegum pink coloured eyelid and a mint-green zigzag left antennae. Their left eye has a black iris with white\/creme colored sclera and a pale purple eyelid with 3 thin black eyelashes under it.<\/p><\/div>","protected":false},"excerpt":{"rendered":"<p>M\u00e1rka: MOC Factory<br \/>\nNem: Uniszex<br \/>\nKoroszt\u00e1ly: &gt; 6 \u00e9v<br \/>\nModel Number: 89198<br \/>\nBesorol\u00e1s: \u00d6sszeszerel\u00e9s<br \/>\nM\u0171anyag blokk forma: \u00f6nz\u00e1r\u00f3 t\u00e9gla<br \/>\nAnyaga: M\u0171anyag<br \/>\nM\u0171anyag t\u00edpus: ABS<br \/>\nBricks Blocks: 198 +<br \/>\nEredeti doboza nincs<\/p>","protected":false},"featured_media":53979,"comment_status":"open","ping_status":"closed","template":"","meta":{"_acf_changed":false},"product_cat":[1365,371,581,1408],"product_tag":[12876,12878,11072,8452,12877,434,12879,12971],"class_list":["product","first","instock","shipping-taxable","purchasable","product-type-simple"],"acf":[],"_links":{"self":[{"href":"https:\/\/mouldking.store\/hu\/wp-json\/wp\/v2\/product\/53993","targetHints":{"allow":["GET"]}}],"collection":[{"href":"https:\/\/mouldking.store\/hu\/wp-json\/wp\/v2\/product"}],"about":[{"href":"https:\/\/mouldking.store\/hu\/wp-json\/wp\/v2\/types\/product"}],"replies":[{"embeddable":true,"href":"https:\/\/mouldking.store\/hu\/wp-json\/wp\/v2\/comments?post=53993"}],"wp:featuredmedia":[{"embeddable":true,"href":"https:\/\/mouldking.store\/hu\/wp-json\/wp\/v2\/media\/53979"}],"wp:attachment":[{"href":"https:\/\/mouldking.store\/hu\/wp-json\/wp\/v2\/media?parent=53993"}],"wp:term":[{"taxonomy":"product_cat","embeddable":true,"href":"https:\/\/mouldking.store\/hu\/wp-json\/wp\/v2\/product_cat?post=53993"},{"taxonomy":"product_tag","embeddable":true,"href":"https:\/\/mouldking.store\/hu\/wp-json\/wp\/v2\/product_tag?post=53993"}],"curies":[{"name":"wp","href":"https:\/\/api.w.org\/{rel}","templated":true}]}}