{"id":54004,"date":"2023-12-18T19:37:18","date_gmt":"2023-12-18T12:37:18","guid":{"rendered":"https:\/\/mouldking.store\/shop\/moc-factory-89197-the-amazing-digital-circus-jax-with-163-pieces\/"},"modified":"2025-12-16T20:59:16","modified_gmt":"2025-12-16T13:59:16","slug":"moc-factory-89197-the-amazing-digital-circus-jax-with-163-pieces","status":"publish","type":"product","link":"https:\/\/mouldking.store\/hu\/shop\/moc-factory-89197-the-amazing-digital-circus-jax-with-163-pieces\/","title":{"rendered":"MOC Factory 89197 A csod\u00e1latos digit\u00e1lis cirkusz, Jax 163 darabbal"},"content":{"rendered":"<div>\u2705MOC-89197 The Amazing Digital Circus Jax<\/p>\n<p>\u2705Jax is one of the main characters of The Amazing Digital Circus.&nbsp;<\/p>\n<p>\ud83d\udeab FONTOS!<\/p>\n<p>Product Name: The Amazing Digital Circus Jax<\/p>\n<p>Kateg\u00f3ria: Film<\/p>\n<p>This Kit Contains: C9901Y01<\/p>\n<p>163&nbsp; pcs Good Quality Bricks<\/p>\n<p>Size: 11.2 x 4.5 x 12.7 cm<\/p>\n<p>Weight: 0.0827 kg<\/p>\n<p>PDF \u00datmutat\u00f3<\/p>\n<p>\ud83d\udcccA f\u0151szerepl\u0151 term\u00e9szete<\/p>\n<p>Introducing our proud collection named \u201cThe Amazing Digital Circus Jax\u201d you should not miss.<\/p>\n<p>Jax appears to be a purple-colored cartoon rabbit whose design evokes the look of early cartoon characters, also known as &#8220;rubber hose&#8221; characters. He has long purple ears on top of his head, and his overall build is tall and slender. Jax\u2019s eyes have yellow sclera, with square black pupils. Jax&#8217;s yellow teeth usually have a flat shape to them, but when his mouth is opened, his teeth appear sharp and jagged (or if taken context of that scene, it also can be a one-time thing purely made for comedic purposes.)<\/p><\/div>","protected":false},"excerpt":{"rendered":"<p>M\u00e1rka: MOC Factory<br \/>\nNem: Uniszex<br \/>\nKoroszt\u00e1ly: &gt; 6 \u00e9v<br \/>\nModel Number: 89197<br \/>\nBesorol\u00e1s: \u00d6sszeszerel\u00e9s<br \/>\nM\u0171anyag blokk forma: \u00f6nz\u00e1r\u00f3 t\u00e9gla<br \/>\nAnyaga: M\u0171anyag<br \/>\nM\u0171anyag t\u00edpus: ABS<br \/>\nBricks Blocks: 163 +<br \/>\nEredeti doboza nincs<\/p>","protected":false},"featured_media":53994,"comment_status":"open","ping_status":"closed","template":"","meta":{"_acf_changed":false},"product_cat":[1365,371,581,1408],"product_tag":[12876,12878,11072,8452,12877,12972,434,12879],"class_list":["product","first","instock","shipping-taxable","purchasable","product-type-simple"],"acf":[],"_links":{"self":[{"href":"https:\/\/mouldking.store\/hu\/wp-json\/wp\/v2\/product\/54004","targetHints":{"allow":["GET"]}}],"collection":[{"href":"https:\/\/mouldking.store\/hu\/wp-json\/wp\/v2\/product"}],"about":[{"href":"https:\/\/mouldking.store\/hu\/wp-json\/wp\/v2\/types\/product"}],"replies":[{"embeddable":true,"href":"https:\/\/mouldking.store\/hu\/wp-json\/wp\/v2\/comments?post=54004"}],"wp:featuredmedia":[{"embeddable":true,"href":"https:\/\/mouldking.store\/hu\/wp-json\/wp\/v2\/media\/53994"}],"wp:attachment":[{"href":"https:\/\/mouldking.store\/hu\/wp-json\/wp\/v2\/media?parent=54004"}],"wp:term":[{"taxonomy":"product_cat","embeddable":true,"href":"https:\/\/mouldking.store\/hu\/wp-json\/wp\/v2\/product_cat?post=54004"},{"taxonomy":"product_tag","embeddable":true,"href":"https:\/\/mouldking.store\/hu\/wp-json\/wp\/v2\/product_tag?post=54004"}],"curies":[{"name":"wp","href":"https:\/\/api.w.org\/{rel}","templated":true}]}}